{"id":619029,"date":"2023-02-13T13:20:34","date_gmt":"2023-02-13T13:20:34","guid":{"rendered":"https:\/\/pp2.oodrive.com\/?page_id=619029"},"modified":"2025-10-22T08:14:34","modified_gmt":"2025-10-22T08:14:34","slug":"oodrive-sign","status":"publish","type":"page","link":"https:\/\/pp2.oodrive.com\/fr\/demander-une-demo\/oodrive-sign\/","title":{"rendered":"Demande de d\u00e9mo &#8211; Oodrive Sign"},"content":{"rendered":"\t\t<div data-elementor-type=\"wp-page\" data-elementor-id=\"619029\" class=\"elementor elementor-619029 elementor-619028\" data-elementor-post-type=\"page\">\n\t\t\t\t<div class=\"elementor-element elementor-element-c99562d e-con-full e-flex e-con e-parent\" data-id=\"c99562d\" data-element_type=\"container\" data-e-type=\"container\">\n\t\t<div class=\"elementor-element elementor-element-3a76aabd e-con-full e-flex e-con e-child\" data-id=\"3a76aabd\" data-element_type=\"container\" data-e-type=\"container\">\n\t\t<div class=\"elementor-element elementor-element-2775d6f3 e-con-full e-flex e-con e-child\" data-id=\"2775d6f3\" data-element_type=\"container\" data-e-type=\"container\">\n\t\t\t\t<div class=\"elementor-element elementor-element-42fee3ed elementor-widget elementor-widget-image\" data-id=\"42fee3ed\" data-element_type=\"widget\" data-e-type=\"widget\" data-widget_type=\"image.default\">\n\t\t\t\t<div class=\"elementor-widget-container\">\n\t\t\t\t\t\t\t\t\t\t\t\t\t\t\t\t<a href=\"https:\/\/pp2.oodrive.com\/fr\/produits\/oodrive-sign\/\">\n\t\t\t\t\t\t\t<img decoding=\"async\" src=\"https:\/\/pp2.oodrive.com\/wp-content\/uploads\/2025\/07\/logo-oodrive-sign-subNav-1.svg\" title=\"\" alt=\"Logo Oodrive Sign, Lien vers la page produit Oodrive Sign\" loading=\"lazy\" \/>\t\t\t\t\t\t\t\t<\/a>\n\t\t\t\t\t\t\t\t\t\t\t\t\t\t\t<\/div>\n\t\t\t\t<\/div>\n\t\t\t\t<div class=\"elementor-element elementor-element-59bf7972 elementor-widget__width-inherit elementor-widget elementor-widget-heading\" data-id=\"59bf7972\" data-element_type=\"widget\" data-e-type=\"widget\" data-widget_type=\"heading.default\">\n\t\t\t\t<div class=\"elementor-widget-container\">\n\t\t\t\t\t<div class=\"elementor-heading-title elementor-size-default\">La signature de confiance, simple et s\u00e9curis\u00e9e<\/div>\t\t\t\t<\/div>\n\t\t\t\t<\/div>\n\t\t<div class=\"elementor-element elementor-element-2ee7dff8 e-con-full e-flex e-con e-child\" data-id=\"2ee7dff8\" data-element_type=\"container\" data-e-type=\"container\" data-settings=\"{&quot;background_background&quot;:&quot;classic&quot;}\">\n\t\t<div class=\"elementor-element elementor-element-675cd28b e-con-full item-step-sign step1 current  e-flex e-con e-child\" data-id=\"675cd28b\" data-element_type=\"container\" data-e-type=\"container\">\n\t\t\t\t<div class=\"elementor-element elementor-element-509c1e4 icon-step1 elementor-widget elementor-widget-image\" data-id=\"509c1e4\" data-element_type=\"widget\" data-e-type=\"widget\" data-widget_type=\"image.default\">\n\t\t\t\t<div class=\"elementor-widget-container\">\n\t\t\t\t\t\t\t\t\t\t\t\t\t\t\t<img decoding=\"async\" src=\"https:\/\/pp2.oodrive.com\/wp-content\/uploads\/2025\/10\/icone-active-step-demo-sign.png\" title=\"icone-active-step-demo-sign.png\" alt=\"icone-active-step-demo-sign.png\" loading=\"lazy\" \/>\t\t\t\t\t\t\t\t\t\t\t\t\t\t\t<\/div>\n\t\t\t\t<\/div>\n\t\t\t\t<div class=\"elementor-element elementor-element-69cef530 icon-step2 elementor-hidden-desktop elementor-hidden-tablet elementor-hidden-mobile elementor-widget elementor-widget-image\" data-id=\"69cef530\" data-element_type=\"widget\" data-e-type=\"widget\" data-widget_type=\"image.default\">\n\t\t\t\t<div class=\"elementor-widget-container\">\n\t\t\t\t\t\t\t\t\t\t\t\t\t\t\t<img decoding=\"async\" src=\"https:\/\/pp2.oodrive.com\/wp-content\/uploads\/2025\/10\/icone-step-done-demo-sign.png\" title=\"icone-step-done-demo-sign.png\" alt=\"icone-step-done-demo-sign.png\" loading=\"lazy\" \/>\t\t\t\t\t\t\t\t\t\t\t\t\t\t\t<\/div>\n\t\t\t\t<\/div>\n\t\t\t\t<div class=\"elementor-element elementor-element-8dcca59 elementor-widget__width-initial item-step-sign elementor-widget elementor-widget-text-editor\" data-id=\"8dcca59\" data-element_type=\"widget\" data-e-type=\"widget\" data-widget_type=\"text-editor.default\">\n\t\t\t\t<div class=\"elementor-widget-container\">\n\t\t\t\t\t\t\t\t\t<h3>D\u00e9taillez votre besoin<\/h3>\t\t\t\t\t\t\t\t<\/div>\n\t\t\t\t<\/div>\n\t\t\t\t<\/div>\n\t\t<div class=\"elementor-element elementor-element-3705c86f e-con-full item-step-sign step2 e-flex e-con e-child\" data-id=\"3705c86f\" data-element_type=\"container\" data-e-type=\"container\">\n\t\t\t\t<div class=\"elementor-element elementor-element-46b7fcc5 icon-step1 elementor-widget elementor-widget-image\" data-id=\"46b7fcc5\" data-element_type=\"widget\" data-e-type=\"widget\" data-widget_type=\"image.default\">\n\t\t\t\t<div class=\"elementor-widget-container\">\n\t\t\t\t\t\t\t\t\t\t\t\t\t\t\t<img decoding=\"async\" src=\"https:\/\/pp2.oodrive.com\/wp-content\/uploads\/2025\/10\/icone-step-demo-sign.png\" title=\"icone-step-demo-sign.png\" alt=\"icone-step-demo-sign.png\" loading=\"lazy\" \/>\t\t\t\t\t\t\t\t\t\t\t\t\t\t\t<\/div>\n\t\t\t\t<\/div>\n\t\t\t\t<div class=\"elementor-element elementor-element-5a82eae9 icon-step2 elementor-hidden-desktop elementor-hidden-tablet elementor-hidden-mobile elementor-widget elementor-widget-image\" data-id=\"5a82eae9\" data-element_type=\"widget\" data-e-type=\"widget\" data-widget_type=\"image.default\">\n\t\t\t\t<div class=\"elementor-widget-container\">\n\t\t\t\t\t\t\t\t\t\t\t\t\t\t\t<img decoding=\"async\" src=\"https:\/\/pp2.oodrive.com\/wp-content\/uploads\/2025\/10\/icone-active-step-demo-sign.png\" title=\"icone-active-step-demo-sign.png\" alt=\"icone-active-step-demo-sign.png\" loading=\"lazy\" \/>\t\t\t\t\t\t\t\t\t\t\t\t\t\t\t<\/div>\n\t\t\t\t<\/div>\n\t\t\t\t<div class=\"elementor-element elementor-element-1f8e739c icon-step3 elementor-hidden-desktop elementor-hidden-tablet elementor-hidden-mobile elementor-widget elementor-widget-image\" data-id=\"1f8e739c\" data-element_type=\"widget\" data-e-type=\"widget\" data-widget_type=\"image.default\">\n\t\t\t\t<div class=\"elementor-widget-container\">\n\t\t\t\t\t\t\t\t\t\t\t\t\t\t\t<img decoding=\"async\" src=\"https:\/\/pp2.oodrive.com\/wp-content\/uploads\/2025\/10\/icone-step-done-demo-sign.png\" title=\"icone-step-done-demo-sign.png\" alt=\"icone-step-done-demo-sign.png\" loading=\"lazy\" \/>\t\t\t\t\t\t\t\t\t\t\t\t\t\t\t<\/div>\n\t\t\t\t<\/div>\n\t\t\t\t<div class=\"elementor-element elementor-element-29a942b7 elementor-widget__width-initial elementor-widget elementor-widget-text-editor\" data-id=\"29a942b7\" data-element_type=\"widget\" data-e-type=\"widget\" data-widget_type=\"text-editor.default\">\n\t\t\t\t<div class=\"elementor-widget-container\">\n\t\t\t\t\t\t\t\t\t<h3>Prenez rendez-vous pour une d\u00e9mo sur-mesure<\/h3>\t\t\t\t\t\t\t\t<\/div>\n\t\t\t\t<\/div>\n\t\t\t\t<\/div>\n\t\t<div class=\"elementor-element elementor-element-7eee1334 e-con-full item-step-sign step3 e-flex e-con e-child\" data-id=\"7eee1334\" data-element_type=\"container\" data-e-type=\"container\">\n\t\t\t\t<div class=\"elementor-element elementor-element-3b767b13 icon-step1 elementor-widget elementor-widget-image\" data-id=\"3b767b13\" data-element_type=\"widget\" data-e-type=\"widget\" data-widget_type=\"image.default\">\n\t\t\t\t<div class=\"elementor-widget-container\">\n\t\t\t\t\t\t\t\t\t\t\t\t\t\t\t<img decoding=\"async\" src=\"https:\/\/pp2.oodrive.com\/wp-content\/uploads\/2025\/10\/icone-step-demo-sign.png\" title=\"icone-step-demo-sign.png\" alt=\"icone-step-demo-sign.png\" loading=\"lazy\" \/>\t\t\t\t\t\t\t\t\t\t\t\t\t\t\t<\/div>\n\t\t\t\t<\/div>\n\t\t\t\t<div class=\"elementor-element elementor-element-688dc494 icon-step2 elementor-hidden-desktop elementor-hidden-tablet elementor-hidden-mobile elementor-widget elementor-widget-image\" data-id=\"688dc494\" data-element_type=\"widget\" data-e-type=\"widget\" data-widget_type=\"image.default\">\n\t\t\t\t<div class=\"elementor-widget-container\">\n\t\t\t\t\t\t\t\t\t\t\t\t\t\t\t<img decoding=\"async\" src=\"https:\/\/pp2.oodrive.com\/wp-content\/uploads\/2025\/10\/icone-active-step-demo-sign.png\" title=\"icone-active-step-demo-sign.png\" alt=\"icone-active-step-demo-sign.png\" loading=\"lazy\" \/>\t\t\t\t\t\t\t\t\t\t\t\t\t\t\t<\/div>\n\t\t\t\t<\/div>\n\t\t\t\t<div class=\"elementor-element elementor-element-2fe2b53c icon-step3 elementor-hidden-desktop elementor-hidden-tablet elementor-hidden-mobile elementor-widget elementor-widget-image\" data-id=\"2fe2b53c\" data-element_type=\"widget\" data-e-type=\"widget\" data-widget_type=\"image.default\">\n\t\t\t\t<div class=\"elementor-widget-container\">\n\t\t\t\t\t\t\t\t\t\t\t\t\t\t\t<img decoding=\"async\" src=\"https:\/\/pp2.oodrive.com\/wp-content\/uploads\/2025\/10\/icone-step-done-demo-sign.png\" title=\"icone-step-done-demo-sign.png\" alt=\"icone-step-done-demo-sign.png\" loading=\"lazy\" \/>\t\t\t\t\t\t\t\t\t\t\t\t\t\t\t<\/div>\n\t\t\t\t<\/div>\n\t\t\t\t<div class=\"elementor-element elementor-element-66afd826 elementor-widget__width-initial elementor-widget elementor-widget-text-editor\" data-id=\"66afd826\" data-element_type=\"widget\" data-e-type=\"widget\" data-widget_type=\"text-editor.default\">\n\t\t\t\t<div class=\"elementor-widget-container\">\n\t\t\t\t\t\t\t\t\t<h3>D\u00e9couvrez notre accompagnement<\/h3>\t\t\t\t\t\t\t\t<\/div>\n\t\t\t\t<\/div>\n\t\t\t\t<\/div>\n\t\t\t\t<\/div>\n\t\t\t\t<div class=\"elementor-element elementor-element-3cf26fa0 elementor-widget__width-inherit elementor-hidden-tablet elementor-hidden-mobile elementor-widget elementor-widget-image\" data-id=\"3cf26fa0\" data-element_type=\"widget\" data-e-type=\"widget\" data-widget_type=\"image.default\">\n\t\t\t\t<div class=\"elementor-widget-container\">\n\t\t\t\t\t\t\t\t\t\t\t\t\t\t\t<img decoding=\"async\" src=\"https:\/\/pp2.oodrive.com\/wp-content\/uploads\/2025\/10\/image-signature.png\" title=\"image-signature.png\" alt=\"image-signature.png\" loading=\"lazy\" \/>\t\t\t\t\t\t\t\t\t\t\t\t\t\t\t<\/div>\n\t\t\t\t<\/div>\n\t\t\t\t<\/div>\n\t\t\t\t<\/div>\n\t\t<div class=\"elementor-element elementor-element-bc6e6c2 e-con-full e-flex e-con e-child\" data-id=\"bc6e6c2\" data-element_type=\"container\" data-e-type=\"container\" data-settings=\"{&quot;background_background&quot;:&quot;classic&quot;}\">\n\t\t<div class=\"elementor-element elementor-element-2871b7ee e-con-full e-flex e-con e-child\" data-id=\"2871b7ee\" data-element_type=\"container\" data-e-type=\"container\">\n\t\t\t\t<div class=\"elementor-element elementor-element-31bed6b4 titre-demo elementor-widget elementor-widget-heading\" data-id=\"31bed6b4\" data-element_type=\"widget\" data-e-type=\"widget\" data-widget_type=\"heading.default\">\n\t\t\t\t<div class=\"elementor-widget-container\">\n\t\t\t\t\t<h1 class=\"elementor-heading-title elementor-size-default\">Compl\u00e9tez le formulaire<\/h1>\t\t\t\t<\/div>\n\t\t\t\t<\/div>\n\t\t\t\t<div class=\"elementor-element elementor-element-34e47c2b elementor-widget__width-initial txt-demo elementor-widget-tablet__width-inherit elementor-widget elementor-widget-text-editor\" data-id=\"34e47c2b\" data-element_type=\"widget\" data-e-type=\"widget\" data-widget_type=\"text-editor.default\">\n\t\t\t\t<div class=\"elementor-widget-container\">\n\t\t\t\t\t\t\t\t\t<p>Formulez votre besoin, nos experts sont \u00e0 votre \u00e9coute.<\/p>\t\t\t\t\t\t\t\t<\/div>\n\t\t\t\t<\/div>\n\t\t\t\t<div class=\"elementor-element elementor-element-1360039a elementor-widget__width-initial form-demo elementor-widget-tablet__width-inherit elementor-widget elementor-widget-html\" data-id=\"1360039a\" data-element_type=\"widget\" data-e-type=\"widget\" data-widget_type=\"html.default\">\n\t\t\t\t<div class=\"elementor-widget-container\">\n\t\t\t\t\t<script style=\"text\/javascript\">\r\n  window.onload = function() {\r\n    function checkHbspForm(){\r\n        setTimeout(function(){\r\n            if($('.hbspt-form form').length < 1){\r\n                $('.alert-hbsp-form').css(\"display\",\"block\");\r\n                $('.spinner-load').css(\"display\",\"none\");\r\n            }\r\n        }, 3000);\r\n    }\r\n    checkHbspForm();\r\n  };\r\n<\/script>\r\n\r\n<div class=\"spinner-load\"><\/div>\r\n\r\n\r\n<script type=\"text\/javascript\">\r\n$(document).ready(function() {\r\n    \/\/ S\u00e9lecteur du formulaire HubSpot\r\n    const formSelector = '.hbspt-form form';\r\n\r\n    \/\/ Fonction pour v\u00e9rifier la pr\u00e9sence du formulaire\r\n    function checkForForm() {\r\n        if ($(formSelector).length > 0) {\r\n            \/\/ Si le formulaire est trouv\u00e9, afficher une alerte\r\n            $('.spinner-load').css(\"display\",\"none\");\r\n        }\r\n    }\r\n\r\n    \/\/ Configuration de MutationObserver\r\n    const observer = new MutationObserver(function(mutations) {\r\n        mutations.forEach(function(mutation) {\r\n            \/\/ V\u00e9rifier si des n\u0153uds ont \u00e9t\u00e9 ajout\u00e9s\r\n            if (mutation.addedNodes.length > 0) {\r\n                checkForForm();\r\n            }\r\n        });\r\n    });\r\n\r\n    \/\/ D\u00e9marrer l'observation du corps de la page\r\n    observer.observe(document.body, {\r\n        childList: true, \/\/ Surveiller les ajouts\/suppressions de n\u0153uds enfants\r\n        subtree: true \/\/ Surveiller tout le sous-arbre du DOM\r\n    });\r\n\r\n    \/\/ V\u00e9rifier imm\u00e9diatement au chargement de la page\r\n    checkForForm();\r\n});    \r\n<\/script>\r\n\r\n<script charset=\"utf-8\" type=\"text\/javascript\" src=\"\/\/js-eu1.hsforms.net\/forms\/embed\/v2.js\"><\/script>\r\n\r\n<script>\r\n  hbspt.forms.create({\r\n    region: \"eu1\",\r\n    portalId: \"26269313\",\r\n    formId: \"52b0f858-64d6-4eff-be23-e9b716fb9479\"\r\n  });\r\n<\/script>\r\n\r\n\r\n<div class=\"alert-hbsp-form\">\r\n    <p>Il semblerait que les param\u00e8tres de votre navigateur emp\u00eachent l'affichage de ce formulaire.<\/p>\r\n    <p>Pour \u00eatre recontact\u00e9, vous pouvez \u00e9crire \u00e0 Guillaume Joubert :  <strong>g.joubert@oodrive.com<\/strong><\/p>\r\n    <p>Merci, <br>\r\nL\u2019\u00e9quipe Oodrive.<\/p>\r\n<\/div>\t\t\t\t<\/div>\n\t\t\t\t<\/div>\n\t\t\t\t<\/div>\n\t\t\t\t<\/div>\n\t\t\t\t<\/div>\n\t\t\t\t<\/div>\n\t\t","protected":false},"excerpt":{"rendered":"<p>La signature de confiance, simple et s\u00e9curis\u00e9e D\u00e9taillez votre besoin Prenez rendez-vous pour une d\u00e9mo sur-mesure D\u00e9couvrez notre accompagnement Compl\u00e9tez le formulaire Formulez votre besoin, nos experts sont \u00e0 votre \u00e9coute. Il semblerait que les param\u00e8tres de votre navigateur emp\u00eachent l&rsquo;affichage de ce formulaire. Pour \u00eatre recontact\u00e9, vous pouvez \u00e9crire \u00e0 Guillaume Joubert : g.joubert@oodrive.com [&hellip;]<\/p>\n","protected":false},"author":9,"featured_media":0,"parent":296742,"menu_order":0,"comment_status":"closed","ping_status":"closed","template":"elementor_header_footer","meta":{"inline_featured_image":false,"footnotes":""},"class_list":["post-619029","page","type-page","status-publish","hentry"],"yoast_head":"<!-- This site is optimized with the Yoast SEO plugin v26.9 - https:\/\/yoast.com\/product\/yoast-seo-wordpress\/ -->\n<title>Demandez votre d\u00e9mo d&#039;Oodrive Sign | Oodrive<\/title>\n<meta name=\"robots\" content=\"noindex, follow, max-snippet:-1, max-image-preview:large, max-video-preview:-1\" \/>\n<meta property=\"og:locale\" content=\"fr_FR\" \/>\n<meta property=\"og:type\" content=\"article\" \/>\n<meta property=\"og:title\" content=\"Demandez votre d\u00e9mo d&#039;Oodrive Sign | Oodrive\" \/>\n<meta property=\"og:description\" content=\"La signature de confiance, simple et s\u00e9curis\u00e9e D\u00e9taillez votre besoin Prenez rendez-vous pour une d\u00e9mo sur-mesure D\u00e9couvrez notre accompagnement Compl\u00e9tez le formulaire Formulez votre besoin, nos experts sont \u00e0 votre \u00e9coute. Il semblerait que les param\u00e8tres de votre navigateur emp\u00eachent l&rsquo;affichage de ce formulaire. Pour \u00eatre recontact\u00e9, vous pouvez \u00e9crire \u00e0 Guillaume Joubert : g.joubert@oodrive.com [&hellip;]\" \/>\n<meta property=\"og:url\" content=\"https:\/\/pp2.oodrive.com\/fr\/demander-une-demo\/oodrive-sign\/\" \/>\n<meta property=\"og:site_name\" content=\"Oodrive\" \/>\n<meta property=\"article:modified_time\" content=\"2025-10-22T08:14:34+00:00\" \/>\n<meta property=\"og:image\" content=\"https:\/\/pp2.oodrive.com\/wp-content\/uploads\/2025\/07\/logo-oodrive-sign-subNav-1.svg\" \/>\n<meta name=\"twitter:card\" content=\"summary_large_image\" \/>\n<meta name=\"twitter:label1\" content=\"Dur\u00e9e de lecture estim\u00e9e\" \/>\n\t<meta name=\"twitter:data1\" content=\"3 minutes\" \/>\n<script type=\"application\/ld+json\" class=\"yoast-schema-graph\">{\"@context\":\"https:\/\/schema.org\",\"@graph\":[{\"@type\":\"WebPage\",\"@id\":\"https:\/\/pp2.oodrive.com\/fr\/demander-une-demo\/oodrive-sign\/\",\"url\":\"https:\/\/pp2.oodrive.com\/fr\/demander-une-demo\/oodrive-sign\/\",\"name\":\"Demandez votre d\u00e9mo d'Oodrive Sign | Oodrive\",\"isPartOf\":{\"@id\":\"https:\/\/pp2.oodrive.com\/#website\"},\"primaryImageOfPage\":{\"@id\":\"https:\/\/pp2.oodrive.com\/fr\/demander-une-demo\/oodrive-sign\/#primaryimage\"},\"image\":{\"@id\":\"https:\/\/pp2.oodrive.com\/fr\/demander-une-demo\/oodrive-sign\/#primaryimage\"},\"thumbnailUrl\":\"https:\/\/pp2.oodrive.com\/wp-content\/uploads\/2025\/07\/logo-oodrive-sign-subNav-1.svg\",\"datePublished\":\"2023-02-13T13:20:34+00:00\",\"dateModified\":\"2025-10-22T08:14:34+00:00\",\"breadcrumb\":{\"@id\":\"https:\/\/pp2.oodrive.com\/fr\/demander-une-demo\/oodrive-sign\/#breadcrumb\"},\"inLanguage\":\"fr-FR\",\"potentialAction\":[{\"@type\":\"ReadAction\",\"target\":[\"https:\/\/pp2.oodrive.com\/fr\/demander-une-demo\/oodrive-sign\/\"]}]},{\"@type\":\"ImageObject\",\"inLanguage\":\"fr-FR\",\"@id\":\"https:\/\/pp2.oodrive.com\/fr\/demander-une-demo\/oodrive-sign\/#primaryimage\",\"url\":\"https:\/\/pp2.oodrive.com\/wp-content\/uploads\/2025\/07\/logo-oodrive-sign-subNav-1.svg\",\"contentUrl\":\"https:\/\/pp2.oodrive.com\/wp-content\/uploads\/2025\/07\/logo-oodrive-sign-subNav-1.svg\"},{\"@type\":\"BreadcrumbList\",\"@id\":\"https:\/\/pp2.oodrive.com\/fr\/demander-une-demo\/oodrive-sign\/#breadcrumb\",\"itemListElement\":[{\"@type\":\"ListItem\",\"position\":1,\"name\":\"Accueil\",\"item\":\"https:\/\/pp2.oodrive.com\/\"},{\"@type\":\"ListItem\",\"position\":2,\"name\":\"Demande de d\u00e9mo\",\"item\":\"https:\/\/pp2.oodrive.com\/request-a-demo\/\"},{\"@type\":\"ListItem\",\"position\":3,\"name\":\"Demande de d\u00e9mo &#8211; Oodrive Sign\"}]},{\"@type\":\"WebSite\",\"@id\":\"https:\/\/pp2.oodrive.com\/#website\",\"url\":\"https:\/\/pp2.oodrive.com\/\",\"name\":\"Oodrive\",\"description\":\"Plateforme de collaboration s\u00e9curis\u00e9e et souveraine, Oodrive propose des solutions pour la gestion de vos donn\u00e9es sensibles : partage de fichier, signature \u00e9lectronique, sauvegarde, ...\",\"publisher\":{\"@id\":\"https:\/\/pp2.oodrive.com\/#organization\"},\"potentialAction\":[{\"@type\":\"SearchAction\",\"target\":{\"@type\":\"EntryPoint\",\"urlTemplate\":\"https:\/\/pp2.oodrive.com\/?s={search_term_string}\"},\"query-input\":{\"@type\":\"PropertyValueSpecification\",\"valueRequired\":true,\"valueName\":\"search_term_string\"}}],\"inLanguage\":\"fr-FR\"},{\"@type\":\"Organization\",\"@id\":\"https:\/\/pp2.oodrive.com\/#organization\",\"name\":\"Oodrive\",\"url\":\"https:\/\/pp2.oodrive.com\/\",\"logo\":{\"@type\":\"ImageObject\",\"inLanguage\":\"fr-FR\",\"@id\":\"https:\/\/pp2.oodrive.com\/#\/schema\/logo\/image\/\",\"url\":\"https:\/\/pp2.oodrive.com\/wp-content\/uploads\/2021\/12\/oodrive_black_logo.svg\",\"contentUrl\":\"https:\/\/pp2.oodrive.com\/wp-content\/uploads\/2021\/12\/oodrive_black_logo.svg\",\"width\":132,\"height\":27,\"caption\":\"Oodrive\"},\"image\":{\"@id\":\"https:\/\/pp2.oodrive.com\/#\/schema\/logo\/image\/\"}}]}<\/script>\n<!-- \/ Yoast SEO plugin. -->","yoast_head_json":{"title":"Demandez votre d\u00e9mo d'Oodrive Sign | Oodrive","robots":{"index":"noindex","follow":"follow","max-snippet":"max-snippet:-1","max-image-preview":"max-image-preview:large","max-video-preview":"max-video-preview:-1"},"og_locale":"fr_FR","og_type":"article","og_title":"Demandez votre d\u00e9mo d'Oodrive Sign | Oodrive","og_description":"La signature de confiance, simple et s\u00e9curis\u00e9e D\u00e9taillez votre besoin Prenez rendez-vous pour une d\u00e9mo sur-mesure D\u00e9couvrez notre accompagnement Compl\u00e9tez le formulaire Formulez votre besoin, nos experts sont \u00e0 votre \u00e9coute. Il semblerait que les param\u00e8tres de votre navigateur emp\u00eachent l&rsquo;affichage de ce formulaire. Pour \u00eatre recontact\u00e9, vous pouvez \u00e9crire \u00e0 Guillaume Joubert : g.joubert@oodrive.com [&hellip;]","og_url":"https:\/\/pp2.oodrive.com\/fr\/demander-une-demo\/oodrive-sign\/","og_site_name":"Oodrive","article_modified_time":"2025-10-22T08:14:34+00:00","og_image":[{"url":"https:\/\/pp2.oodrive.com\/wp-content\/uploads\/2025\/07\/logo-oodrive-sign-subNav-1.svg","type":"","width":"","height":""}],"twitter_card":"summary_large_image","twitter_misc":{"Dur\u00e9e de lecture estim\u00e9e":"3 minutes"},"schema":{"@context":"https:\/\/schema.org","@graph":[{"@type":"WebPage","@id":"https:\/\/pp2.oodrive.com\/fr\/demander-une-demo\/oodrive-sign\/","url":"https:\/\/pp2.oodrive.com\/fr\/demander-une-demo\/oodrive-sign\/","name":"Demandez votre d\u00e9mo d'Oodrive Sign | Oodrive","isPartOf":{"@id":"https:\/\/pp2.oodrive.com\/#website"},"primaryImageOfPage":{"@id":"https:\/\/pp2.oodrive.com\/fr\/demander-une-demo\/oodrive-sign\/#primaryimage"},"image":{"@id":"https:\/\/pp2.oodrive.com\/fr\/demander-une-demo\/oodrive-sign\/#primaryimage"},"thumbnailUrl":"https:\/\/pp2.oodrive.com\/wp-content\/uploads\/2025\/07\/logo-oodrive-sign-subNav-1.svg","datePublished":"2023-02-13T13:20:34+00:00","dateModified":"2025-10-22T08:14:34+00:00","breadcrumb":{"@id":"https:\/\/pp2.oodrive.com\/fr\/demander-une-demo\/oodrive-sign\/#breadcrumb"},"inLanguage":"fr-FR","potentialAction":[{"@type":"ReadAction","target":["https:\/\/pp2.oodrive.com\/fr\/demander-une-demo\/oodrive-sign\/"]}]},{"@type":"ImageObject","inLanguage":"fr-FR","@id":"https:\/\/pp2.oodrive.com\/fr\/demander-une-demo\/oodrive-sign\/#primaryimage","url":"https:\/\/pp2.oodrive.com\/wp-content\/uploads\/2025\/07\/logo-oodrive-sign-subNav-1.svg","contentUrl":"https:\/\/pp2.oodrive.com\/wp-content\/uploads\/2025\/07\/logo-oodrive-sign-subNav-1.svg"},{"@type":"BreadcrumbList","@id":"https:\/\/pp2.oodrive.com\/fr\/demander-une-demo\/oodrive-sign\/#breadcrumb","itemListElement":[{"@type":"ListItem","position":1,"name":"Accueil","item":"https:\/\/pp2.oodrive.com\/"},{"@type":"ListItem","position":2,"name":"Demande de d\u00e9mo","item":"https:\/\/pp2.oodrive.com\/request-a-demo\/"},{"@type":"ListItem","position":3,"name":"Demande de d\u00e9mo &#8211; Oodrive Sign"}]},{"@type":"WebSite","@id":"https:\/\/pp2.oodrive.com\/#website","url":"https:\/\/pp2.oodrive.com\/","name":"Oodrive","description":"Plateforme de collaboration s\u00e9curis\u00e9e et souveraine, Oodrive propose des solutions pour la gestion de vos donn\u00e9es sensibles : partage de fichier, signature \u00e9lectronique, sauvegarde, ...","publisher":{"@id":"https:\/\/pp2.oodrive.com\/#organization"},"potentialAction":[{"@type":"SearchAction","target":{"@type":"EntryPoint","urlTemplate":"https:\/\/pp2.oodrive.com\/?s={search_term_string}"},"query-input":{"@type":"PropertyValueSpecification","valueRequired":true,"valueName":"search_term_string"}}],"inLanguage":"fr-FR"},{"@type":"Organization","@id":"https:\/\/pp2.oodrive.com\/#organization","name":"Oodrive","url":"https:\/\/pp2.oodrive.com\/","logo":{"@type":"ImageObject","inLanguage":"fr-FR","@id":"https:\/\/pp2.oodrive.com\/#\/schema\/logo\/image\/","url":"https:\/\/pp2.oodrive.com\/wp-content\/uploads\/2021\/12\/oodrive_black_logo.svg","contentUrl":"https:\/\/pp2.oodrive.com\/wp-content\/uploads\/2021\/12\/oodrive_black_logo.svg","width":132,"height":27,"caption":"Oodrive"},"image":{"@id":"https:\/\/pp2.oodrive.com\/#\/schema\/logo\/image\/"}}]}},"_links":{"self":[{"href":"https:\/\/pp2.oodrive.com\/fr\/wp-json\/wp\/v2\/pages\/619029","targetHints":{"allow":["GET"]}}],"collection":[{"href":"https:\/\/pp2.oodrive.com\/fr\/wp-json\/wp\/v2\/pages"}],"about":[{"href":"https:\/\/pp2.oodrive.com\/fr\/wp-json\/wp\/v2\/types\/page"}],"author":[{"embeddable":true,"href":"https:\/\/pp2.oodrive.com\/fr\/wp-json\/wp\/v2\/users\/9"}],"replies":[{"embeddable":true,"href":"https:\/\/pp2.oodrive.com\/fr\/wp-json\/wp\/v2\/comments?post=619029"}],"version-history":[{"count":5,"href":"https:\/\/pp2.oodrive.com\/fr\/wp-json\/wp\/v2\/pages\/619029\/revisions"}],"predecessor-version":[{"id":5840707,"href":"https:\/\/pp2.oodrive.com\/fr\/wp-json\/wp\/v2\/pages\/619029\/revisions\/5840707"}],"up":[{"embeddable":true,"href":"https:\/\/pp2.oodrive.com\/fr\/wp-json\/wp\/v2\/pages\/296742"}],"wp:attachment":[{"href":"https:\/\/pp2.oodrive.com\/fr\/wp-json\/wp\/v2\/media?parent=619029"}],"curies":[{"name":"wp","href":"https:\/\/api.w.org\/{rel}","templated":true}]}}