{"id":543419,"date":"2022-12-02T10:48:28","date_gmt":"2022-12-02T10:48:28","guid":{"rendered":"https:\/\/pp2.oodrive.com\/?page_id=543419"},"modified":"2026-05-07T09:46:07","modified_gmt":"2026-05-07T09:46:07","slug":"contactez-nous","status":"publish","type":"page","link":"https:\/\/pp2.oodrive.com\/fr\/secnumcloud\/contactez-nous\/","title":{"rendered":"SecNumCloud &#8211; Contact"},"content":{"rendered":"\t\t<div data-elementor-type=\"wp-page\" data-elementor-id=\"543419\" class=\"elementor elementor-543419\" data-elementor-post-type=\"page\">\n\t\t\t\t<div class=\"elementor-element elementor-element-ea48b55 e-flex e-con-boxed e-con e-parent\" data-id=\"ea48b55\" data-element_type=\"container\" data-e-type=\"container\" data-settings=\"{&quot;background_background&quot;:&quot;classic&quot;}\">\n\t\t\t\t\t<div class=\"e-con-inner\">\n\t\t<div class=\"elementor-element elementor-element-e50219b e-con-full bloc-text light-effect e-flex e-con e-child\" data-id=\"e50219b\" data-element_type=\"container\" data-e-type=\"container\">\n\t\t\t\t<div class=\"elementor-element elementor-element-668666d elementor-widget elementor-widget-heading\" data-id=\"668666d\" data-element_type=\"widget\" data-e-type=\"widget\" data-widget_type=\"heading.default\">\n\t\t\t\t<div class=\"elementor-widget-container\">\n\t\t\t\t\t<p class=\"elementor-heading-title elementor-size-default\">Solutions qualifi\u00e9es SecNumCloud<\/p>\t\t\t\t<\/div>\n\t\t\t\t<\/div>\n\t\t\t\t<div class=\"elementor-element elementor-element-8f65d46 elementor-widget-tablet__width-inherit h1-sandbox elementor-widget elementor-widget-heading\" data-id=\"8f65d46\" data-element_type=\"widget\" data-e-type=\"widget\" data-widget_type=\"heading.default\">\n\t\t\t\t<div class=\"elementor-widget-container\">\n\t\t\t\t\t<h1 class=\"elementor-heading-title elementor-size-default\">Solutions s\u00e9curis\u00e9es et souveraines qualifi\u00e9es SecNumCloud 3.2<\/h1>\t\t\t\t<\/div>\n\t\t\t\t<\/div>\n\t\t\t\t<div class=\"elementor-element elementor-element-43b5795 elementor-widget__width-initial elementor-absolute elementor-hidden-mobile elementor-widget elementor-widget-image\" data-id=\"43b5795\" data-element_type=\"widget\" data-e-type=\"widget\" data-settings=\"{&quot;_position&quot;:&quot;absolute&quot;}\" data-widget_type=\"image.default\">\n\t\t\t\t<div class=\"elementor-widget-container\">\n\t\t\t\t\t\t\t\t\t\t\t\t\t\t\t<img fetchpriority=\"high\" decoding=\"async\" width=\"1195\" height=\"440\" src=\"https:\/\/pp2.oodrive.com\/wp-content\/uploads\/2026\/04\/illu-demo-snc.png\" class=\"attachment-full size-full wp-image-5909455\" alt=\"\" srcset=\"https:\/\/pp2.oodrive.com\/wp-content\/uploads\/2026\/04\/illu-demo-snc.png 1195w, https:\/\/pp2.oodrive.com\/wp-content\/uploads\/2026\/04\/illu-demo-snc-300x110.png 300w, https:\/\/pp2.oodrive.com\/wp-content\/uploads\/2026\/04\/illu-demo-snc-1024x377.png 1024w, https:\/\/pp2.oodrive.com\/wp-content\/uploads\/2026\/04\/illu-demo-snc-768x283.png 768w, https:\/\/pp2.oodrive.com\/wp-content\/uploads\/2026\/04\/illu-demo-snc-770x284.png 770w, https:\/\/pp2.oodrive.com\/wp-content\/uploads\/2026\/04\/illu-demo-snc-336x124.png 336w, https:\/\/pp2.oodrive.com\/wp-content\/uploads\/2026\/04\/illu-demo-snc-410x151.png 410w, https:\/\/pp2.oodrive.com\/wp-content\/uploads\/2026\/04\/illu-demo-snc-517x190.png 517w\" sizes=\"(max-width: 1195px) 100vw, 1195px\" \/>\t\t\t\t\t\t\t\t\t\t\t\t\t\t\t<\/div>\n\t\t\t\t<\/div>\n\t\t<div class=\"elementor-element elementor-element-56d792c e-con-full icon-box e-flex e-con e-child\" data-id=\"56d792c\" data-element_type=\"container\" data-e-type=\"container\">\n\t\t\t\t<div class=\"elementor-element elementor-element-7a13a4d elementor-widget__width-initial elementor-widget elementor-widget-image\" data-id=\"7a13a4d\" data-element_type=\"widget\" data-e-type=\"widget\" data-widget_type=\"image.default\">\n\t\t\t\t<div class=\"elementor-widget-container\">\n\t\t\t\t\t\t\t\t\t\t\t\t\t\t\t<img decoding=\"async\" width=\"79\" height=\"84\" src=\"https:\/\/pp2.oodrive.com\/wp-content\/uploads\/2026\/03\/picto-partage.png\" class=\"attachment-full size-full wp-image-5882601\" alt=\"\" \/>\t\t\t\t\t\t\t\t\t\t\t\t\t\t\t<\/div>\n\t\t\t\t<\/div>\n\t\t\t\t<div class=\"elementor-element elementor-element-c60682c elementor-widget elementor-widget-text-editor\" data-id=\"c60682c\" data-element_type=\"widget\" data-e-type=\"widget\" data-widget_type=\"text-editor.default\">\n\t\t\t\t<div class=\"elementor-widget-container\">\n\t\t\t\t\t\t\t\t\t<p>Partage de fichiers sensibles<\/p>\t\t\t\t\t\t\t\t<\/div>\n\t\t\t\t<\/div>\n\t\t\t\t<\/div>\n\t\t<div class=\"elementor-element elementor-element-539725d e-con-full icon-box e-flex e-con e-child\" data-id=\"539725d\" data-element_type=\"container\" data-e-type=\"container\">\n\t\t\t\t<div class=\"elementor-element elementor-element-45e8c62 elementor-widget__width-initial elementor-widget elementor-widget-image\" data-id=\"45e8c62\" data-element_type=\"widget\" data-e-type=\"widget\" data-widget_type=\"image.default\">\n\t\t\t\t<div class=\"elementor-widget-container\">\n\t\t\t\t\t\t\t\t\t\t\t\t\t\t\t<img decoding=\"async\" width=\"53\" height=\"40\" src=\"https:\/\/pp2.oodrive.com\/wp-content\/uploads\/2026\/04\/cloud.png\" class=\"attachment-full size-full wp-image-5908631\" alt=\"\" \/>\t\t\t\t\t\t\t\t\t\t\t\t\t\t\t<\/div>\n\t\t\t\t<\/div>\n\t\t\t\t<div class=\"elementor-element elementor-element-2025a9d elementor-widget elementor-widget-text-editor\" data-id=\"2025a9d\" data-element_type=\"widget\" data-e-type=\"widget\" data-widget_type=\"text-editor.default\">\n\t\t\t\t<div class=\"elementor-widget-container\">\n\t\t\t\t\t\t\t\t\t<p>\u00c9dition en ligne<\/p>\t\t\t\t\t\t\t\t<\/div>\n\t\t\t\t<\/div>\n\t\t\t\t<\/div>\n\t\t<div class=\"elementor-element elementor-element-b2cea79 e-con-full icon-box e-flex e-con e-child\" data-id=\"b2cea79\" data-element_type=\"container\" data-e-type=\"container\">\n\t\t\t\t<div class=\"elementor-element elementor-element-2c43414 elementor-widget__width-initial elementor-widget elementor-widget-image\" data-id=\"2c43414\" data-element_type=\"widget\" data-e-type=\"widget\" data-widget_type=\"image.default\">\n\t\t\t\t<div class=\"elementor-widget-container\">\n\t\t\t\t\t\t\t\t\t\t\t\t\t\t\t<img loading=\"lazy\" decoding=\"async\" width=\"40\" height=\"40\" src=\"https:\/\/pp2.oodrive.com\/wp-content\/uploads\/2026\/04\/map-france.png\" class=\"attachment-full size-full wp-image-5908637\" alt=\"\" srcset=\"https:\/\/pp2.oodrive.com\/wp-content\/uploads\/2026\/04\/map-france.png 40w, https:\/\/pp2.oodrive.com\/wp-content\/uploads\/2026\/04\/map-france-24x24.png 24w\" sizes=\"(max-width: 40px) 100vw, 40px\" \/>\t\t\t\t\t\t\t\t\t\t\t\t\t\t\t<\/div>\n\t\t\t\t<\/div>\n\t\t\t\t<div class=\"elementor-element elementor-element-c9ecd89 elementor-widget elementor-widget-text-editor\" data-id=\"c9ecd89\" data-element_type=\"widget\" data-e-type=\"widget\" data-widget_type=\"text-editor.default\">\n\t\t\t\t<div class=\"elementor-widget-container\">\n\t\t\t\t\t\t\t\t\t<p>H\u00e9bergement souverain<\/p>\t\t\t\t\t\t\t\t<\/div>\n\t\t\t\t<\/div>\n\t\t\t\t<\/div>\n\t\t\t\t<\/div>\n\t\t<div class=\"elementor-element elementor-element-d1d766c e-con-full bloc-form light-effect e-flex e-con e-child\" data-id=\"d1d766c\" data-element_type=\"container\" data-e-type=\"container\" data-settings=\"{&quot;background_background&quot;:&quot;classic&quot;}\">\n\t\t\t\t<div class=\"elementor-element elementor-element-b897080 elementor-widget elementor-widget-heading\" data-id=\"b897080\" data-element_type=\"widget\" data-e-type=\"widget\" data-widget_type=\"heading.default\">\n\t\t\t\t<div class=\"elementor-widget-container\">\n\t\t\t\t\t<p class=\"elementor-heading-title elementor-size-default\">Demandez une d\u00e9mo  <\/p>\t\t\t\t<\/div>\n\t\t\t\t<\/div>\n\t\t\t\t<div class=\"elementor-element elementor-element-9518942 elementor-widget elementor-widget-text-editor\" data-id=\"9518942\" data-element_type=\"widget\" data-e-type=\"widget\" data-widget_type=\"text-editor.default\">\n\t\t\t\t<div class=\"elementor-widget-container\">\n\t\t\t\t\t\t\t\t\t<p>Un expert vous rappelle pour comprendre vos besoins et r\u00e9pondre \u00e0 toutes vos questions<\/p>\t\t\t\t\t\t\t\t<\/div>\n\t\t\t\t<\/div>\n\t\t\t\t<div class=\"elementor-element elementor-element-69ec854 wrapper-form elementor-widget elementor-widget-html\" data-id=\"69ec854\" data-element_type=\"widget\" data-e-type=\"widget\" data-widget_type=\"html.default\">\n\t\t\t\t<div class=\"elementor-widget-container\">\n\t\t\t\t\t<script style=\"text\/javascript\">\n  window.onload = function() {\n    function checkHbspForm(){\n        setTimeout(function(){\n            if($('.hbspt-form form').length < 1){\n                $('.alert-hbsp-form').css(\"display\",\"block\");\n                $('.spinner-load').css(\"display\",\"none\");\n            }\n        }, 3000);\n    }\n    checkHbspForm();\n  };\n<\/script>\n\n<div class=\"spinner-load\"><\/div>\n\n\n<script type=\"text\/javascript\">\n$(document).ready(function() {\n    \/\/ S\u00e9lecteur du formulaire HubSpot\n    const formSelector = '.hbspt-form form';\n\n    \/\/ Fonction pour v\u00e9rifier la pr\u00e9sence du formulaire\n    function checkForForm() {\n        if ($(formSelector).length > 0) {\n            \/\/ Si le formulaire est trouv\u00e9, afficher une alerte\n            $('.spinner-load').css(\"display\",\"none\");\n        }\n    }\n\n    \/\/ Configuration de MutationObserver\n    const observer = new MutationObserver(function(mutations) {\n        mutations.forEach(function(mutation) {\n            \/\/ V\u00e9rifier si des n\u0153uds ont \u00e9t\u00e9 ajout\u00e9s\n            if (mutation.addedNodes.length > 0) {\n                checkForForm();\n            }\n        });\n    });\n\n    \/\/ D\u00e9marrer l'observation du corps de la page\n    observer.observe(document.body, {\n        childList: true, \/\/ Surveiller les ajouts\/suppressions de n\u0153uds enfants\n        subtree: true \/\/ Surveiller tout le sous-arbre du DOM\n    });\n\n    \/\/ V\u00e9rifier imm\u00e9diatement au chargement de la page\n    checkForForm();\n});    \n<\/script>\n\n<script charset=\"utf-8\" type=\"text\/javascript\" src=\"\/\/js-eu1.hsforms.net\/forms\/embed\/v2.js\"><\/script>\n<script>\n  hbspt.forms.create({\n    region: \"eu1\",\n    portalId: \"26269313\",\n    formId: \"1cb61022-783c-47b6-b07e-013a8823f130\"\n  });\n<\/script>\n\n<div class=\"alert-hbsp-form\">\n    <p>Il semblerait que les param\u00e8tres de votre navigateur emp\u00eachent l'affichage de ce formulaire.<\/p>\n    <p>Pour \u00eatre recontact\u00e9, vous pouvez \u00e9crire \u00e0 Guillaume Joubert :  <strong>g.joubert@oodrive.com<\/strong><\/p>\n    <p>Merci, <br>\nL\u2019\u00e9quipe Oodrive.<\/p>\n<\/div>\t\t\t\t<\/div>\n\t\t\t\t<\/div>\n\t\t\t\t<\/div>\n\t\t\t\t<div class=\"elementor-element elementor-element-31c6c60 elementor-widget__width-inherit elementor-absolute elementor-widget elementor-widget-image\" data-id=\"31c6c60\" data-element_type=\"widget\" data-e-type=\"widget\" data-settings=\"{&quot;_position&quot;:&quot;absolute&quot;}\" data-widget_type=\"image.default\">\n\t\t\t\t<div class=\"elementor-widget-container\">\n\t\t\t\t\t\t\t\t\t\t\t\t\t\t\t<img loading=\"lazy\" decoding=\"async\" width=\"1098\" height=\"326\" src=\"https:\/\/pp2.oodrive.com\/wp-content\/uploads\/2026\/04\/pattern-demo.png\" class=\"attachment-full size-full wp-image-5908643\" alt=\"\" srcset=\"https:\/\/pp2.oodrive.com\/wp-content\/uploads\/2026\/04\/pattern-demo.png 1098w, https:\/\/pp2.oodrive.com\/wp-content\/uploads\/2026\/04\/pattern-demo-300x89.png 300w, https:\/\/pp2.oodrive.com\/wp-content\/uploads\/2026\/04\/pattern-demo-1024x304.png 1024w, https:\/\/pp2.oodrive.com\/wp-content\/uploads\/2026\/04\/pattern-demo-768x228.png 768w, https:\/\/pp2.oodrive.com\/wp-content\/uploads\/2026\/04\/pattern-demo-770x229.png 770w, https:\/\/pp2.oodrive.com\/wp-content\/uploads\/2026\/04\/pattern-demo-336x100.png 336w, https:\/\/pp2.oodrive.com\/wp-content\/uploads\/2026\/04\/pattern-demo-410x122.png 410w, https:\/\/pp2.oodrive.com\/wp-content\/uploads\/2026\/04\/pattern-demo-517x153.png 517w\" sizes=\"(max-width: 1098px) 100vw, 1098px\" \/>\t\t\t\t\t\t\t\t\t\t\t\t\t\t\t<\/div>\n\t\t\t\t<\/div>\n\t\t\t\t\t<\/div>\n\t\t\t\t<\/div>\n\t\t\t\t<\/div>\n\t\t","protected":false},"excerpt":{"rendered":"<p>Solutions qualifi\u00e9es SecNumCloud Solutions s\u00e9curis\u00e9es et souveraines qualifi\u00e9es SecNumCloud 3.2 Partage de fichiers sensibles \u00c9dition en ligne H\u00e9bergement souverain Demandez une d\u00e9mo Un expert vous rappelle pour comprendre vos besoins et r\u00e9pondre \u00e0 toutes vos questions Il semblerait que les param\u00e8tres de votre navigateur emp\u00eachent l&rsquo;affichage de ce formulaire. Pour \u00eatre recontact\u00e9, vous pouvez \u00e9crire [&hellip;]<\/p>\n","protected":false},"author":9,"featured_media":0,"parent":517516,"menu_order":0,"comment_status":"closed","ping_status":"closed","template":"elementor_header_footer","meta":{"inline_featured_image":false,"footnotes":""},"class_list":["post-543419","page","type-page","status-publish","hentry"],"yoast_head":"<!-- This site is optimized with the Yoast SEO plugin v26.9 - https:\/\/yoast.com\/product\/yoast-seo-wordpress\/ -->\n<title>SecNumCloud - Contactez-nous | Oodrive<\/title>\n<meta name=\"robots\" content=\"noindex, follow, max-snippet:-1, max-image-preview:large, max-video-preview:-1\" \/>\n<meta property=\"og:locale\" content=\"fr_FR\" \/>\n<meta property=\"og:type\" content=\"article\" \/>\n<meta property=\"og:title\" content=\"SecNumCloud - Contactez-nous | Oodrive\" \/>\n<meta property=\"og:description\" content=\"Solutions qualifi\u00e9es SecNumCloud Solutions s\u00e9curis\u00e9es et souveraines qualifi\u00e9es SecNumCloud 3.2 Partage de fichiers sensibles \u00c9dition en ligne H\u00e9bergement souverain Demandez une d\u00e9mo Un expert vous rappelle pour comprendre vos besoins et r\u00e9pondre \u00e0 toutes vos questions Il semblerait que les param\u00e8tres de votre navigateur emp\u00eachent l&rsquo;affichage de ce formulaire. Pour \u00eatre recontact\u00e9, vous pouvez \u00e9crire [&hellip;]\" \/>\n<meta property=\"og:url\" content=\"https:\/\/pp2.oodrive.com\/fr\/secnumcloud\/contactez-nous\/\" \/>\n<meta property=\"og:site_name\" content=\"Oodrive\" \/>\n<meta property=\"article:modified_time\" content=\"2026-05-07T09:46:07+00:00\" \/>\n<meta property=\"og:image\" content=\"https:\/\/pp2.oodrive.com\/wp-content\/uploads\/2026\/04\/illu-demo-snc.png\" \/>\n\t<meta property=\"og:image:width\" content=\"1195\" \/>\n\t<meta property=\"og:image:height\" content=\"440\" \/>\n\t<meta property=\"og:image:type\" content=\"image\/png\" \/>\n<meta name=\"twitter:card\" content=\"summary_large_image\" \/>\n<meta name=\"twitter:label1\" content=\"Dur\u00e9e de lecture estim\u00e9e\" \/>\n\t<meta name=\"twitter:data1\" content=\"2 minutes\" \/>\n<script type=\"application\/ld+json\" class=\"yoast-schema-graph\">{\"@context\":\"https:\/\/schema.org\",\"@graph\":[{\"@type\":\"WebPage\",\"@id\":\"https:\/\/pp2.oodrive.com\/fr\/secnumcloud\/contactez-nous\/\",\"url\":\"https:\/\/pp2.oodrive.com\/fr\/secnumcloud\/contactez-nous\/\",\"name\":\"SecNumCloud - Contactez-nous | Oodrive\",\"isPartOf\":{\"@id\":\"https:\/\/pp2.oodrive.com\/#website\"},\"primaryImageOfPage\":{\"@id\":\"https:\/\/pp2.oodrive.com\/fr\/secnumcloud\/contactez-nous\/#primaryimage\"},\"image\":{\"@id\":\"https:\/\/pp2.oodrive.com\/fr\/secnumcloud\/contactez-nous\/#primaryimage\"},\"thumbnailUrl\":\"https:\/\/pp2.oodrive.com\/wp-content\/uploads\/2026\/04\/illu-demo-snc.png\",\"datePublished\":\"2022-12-02T10:48:28+00:00\",\"dateModified\":\"2026-05-07T09:46:07+00:00\",\"breadcrumb\":{\"@id\":\"https:\/\/pp2.oodrive.com\/fr\/secnumcloud\/contactez-nous\/#breadcrumb\"},\"inLanguage\":\"fr-FR\",\"potentialAction\":[{\"@type\":\"ReadAction\",\"target\":[\"https:\/\/pp2.oodrive.com\/fr\/secnumcloud\/contactez-nous\/\"]}]},{\"@type\":\"ImageObject\",\"inLanguage\":\"fr-FR\",\"@id\":\"https:\/\/pp2.oodrive.com\/fr\/secnumcloud\/contactez-nous\/#primaryimage\",\"url\":\"https:\/\/pp2.oodrive.com\/wp-content\/uploads\/2026\/04\/illu-demo-snc.png\",\"contentUrl\":\"https:\/\/pp2.oodrive.com\/wp-content\/uploads\/2026\/04\/illu-demo-snc.png\"},{\"@type\":\"BreadcrumbList\",\"@id\":\"https:\/\/pp2.oodrive.com\/fr\/secnumcloud\/contactez-nous\/#breadcrumb\",\"itemListElement\":[{\"@type\":\"ListItem\",\"position\":1,\"name\":\"Accueil\",\"item\":\"https:\/\/pp2.oodrive.com\/fr\/\"},{\"@type\":\"ListItem\",\"position\":2,\"name\":\"SecNumCloud\",\"item\":\"https:\/\/pp2.oodrive.com\/fr\/secnumcloud\/\"},{\"@type\":\"ListItem\",\"position\":3,\"name\":\"SecNumCloud &#8211; Contact\"}]},{\"@type\":\"WebSite\",\"@id\":\"https:\/\/pp2.oodrive.com\/#website\",\"url\":\"https:\/\/pp2.oodrive.com\/\",\"name\":\"Oodrive\",\"description\":\"Plateforme de collaboration s\u00e9curis\u00e9e et souveraine, Oodrive propose des solutions pour la gestion de vos donn\u00e9es sensibles : partage de fichier, signature \u00e9lectronique, sauvegarde, ...\",\"publisher\":{\"@id\":\"https:\/\/pp2.oodrive.com\/#organization\"},\"potentialAction\":[{\"@type\":\"SearchAction\",\"target\":{\"@type\":\"EntryPoint\",\"urlTemplate\":\"https:\/\/pp2.oodrive.com\/?s={search_term_string}\"},\"query-input\":{\"@type\":\"PropertyValueSpecification\",\"valueRequired\":true,\"valueName\":\"search_term_string\"}}],\"inLanguage\":\"fr-FR\"},{\"@type\":\"Organization\",\"@id\":\"https:\/\/pp2.oodrive.com\/#organization\",\"name\":\"Oodrive\",\"url\":\"https:\/\/pp2.oodrive.com\/\",\"logo\":{\"@type\":\"ImageObject\",\"inLanguage\":\"fr-FR\",\"@id\":\"https:\/\/pp2.oodrive.com\/#\/schema\/logo\/image\/\",\"url\":\"https:\/\/pp2.oodrive.com\/wp-content\/uploads\/2021\/12\/oodrive_black_logo.svg\",\"contentUrl\":\"https:\/\/pp2.oodrive.com\/wp-content\/uploads\/2021\/12\/oodrive_black_logo.svg\",\"width\":132,\"height\":27,\"caption\":\"Oodrive\"},\"image\":{\"@id\":\"https:\/\/pp2.oodrive.com\/#\/schema\/logo\/image\/\"}}]}<\/script>\n<!-- \/ Yoast SEO plugin. -->","yoast_head_json":{"title":"SecNumCloud - Contactez-nous | Oodrive","robots":{"index":"noindex","follow":"follow","max-snippet":"max-snippet:-1","max-image-preview":"max-image-preview:large","max-video-preview":"max-video-preview:-1"},"og_locale":"fr_FR","og_type":"article","og_title":"SecNumCloud - Contactez-nous | Oodrive","og_description":"Solutions qualifi\u00e9es SecNumCloud Solutions s\u00e9curis\u00e9es et souveraines qualifi\u00e9es SecNumCloud 3.2 Partage de fichiers sensibles \u00c9dition en ligne H\u00e9bergement souverain Demandez une d\u00e9mo Un expert vous rappelle pour comprendre vos besoins et r\u00e9pondre \u00e0 toutes vos questions Il semblerait que les param\u00e8tres de votre navigateur emp\u00eachent l&rsquo;affichage de ce formulaire. Pour \u00eatre recontact\u00e9, vous pouvez \u00e9crire [&hellip;]","og_url":"https:\/\/pp2.oodrive.com\/fr\/secnumcloud\/contactez-nous\/","og_site_name":"Oodrive","article_modified_time":"2026-05-07T09:46:07+00:00","og_image":[{"width":1195,"height":440,"url":"https:\/\/pp2.oodrive.com\/wp-content\/uploads\/2026\/04\/illu-demo-snc.png","type":"image\/png"}],"twitter_card":"summary_large_image","twitter_misc":{"Dur\u00e9e de lecture estim\u00e9e":"2 minutes"},"schema":{"@context":"https:\/\/schema.org","@graph":[{"@type":"WebPage","@id":"https:\/\/pp2.oodrive.com\/fr\/secnumcloud\/contactez-nous\/","url":"https:\/\/pp2.oodrive.com\/fr\/secnumcloud\/contactez-nous\/","name":"SecNumCloud - Contactez-nous | Oodrive","isPartOf":{"@id":"https:\/\/pp2.oodrive.com\/#website"},"primaryImageOfPage":{"@id":"https:\/\/pp2.oodrive.com\/fr\/secnumcloud\/contactez-nous\/#primaryimage"},"image":{"@id":"https:\/\/pp2.oodrive.com\/fr\/secnumcloud\/contactez-nous\/#primaryimage"},"thumbnailUrl":"https:\/\/pp2.oodrive.com\/wp-content\/uploads\/2026\/04\/illu-demo-snc.png","datePublished":"2022-12-02T10:48:28+00:00","dateModified":"2026-05-07T09:46:07+00:00","breadcrumb":{"@id":"https:\/\/pp2.oodrive.com\/fr\/secnumcloud\/contactez-nous\/#breadcrumb"},"inLanguage":"fr-FR","potentialAction":[{"@type":"ReadAction","target":["https:\/\/pp2.oodrive.com\/fr\/secnumcloud\/contactez-nous\/"]}]},{"@type":"ImageObject","inLanguage":"fr-FR","@id":"https:\/\/pp2.oodrive.com\/fr\/secnumcloud\/contactez-nous\/#primaryimage","url":"https:\/\/pp2.oodrive.com\/wp-content\/uploads\/2026\/04\/illu-demo-snc.png","contentUrl":"https:\/\/pp2.oodrive.com\/wp-content\/uploads\/2026\/04\/illu-demo-snc.png"},{"@type":"BreadcrumbList","@id":"https:\/\/pp2.oodrive.com\/fr\/secnumcloud\/contactez-nous\/#breadcrumb","itemListElement":[{"@type":"ListItem","position":1,"name":"Accueil","item":"https:\/\/pp2.oodrive.com\/fr\/"},{"@type":"ListItem","position":2,"name":"SecNumCloud","item":"https:\/\/pp2.oodrive.com\/fr\/secnumcloud\/"},{"@type":"ListItem","position":3,"name":"SecNumCloud &#8211; Contact"}]},{"@type":"WebSite","@id":"https:\/\/pp2.oodrive.com\/#website","url":"https:\/\/pp2.oodrive.com\/","name":"Oodrive","description":"Plateforme de collaboration s\u00e9curis\u00e9e et souveraine, Oodrive propose des solutions pour la gestion de vos donn\u00e9es sensibles : partage de fichier, signature \u00e9lectronique, sauvegarde, ...","publisher":{"@id":"https:\/\/pp2.oodrive.com\/#organization"},"potentialAction":[{"@type":"SearchAction","target":{"@type":"EntryPoint","urlTemplate":"https:\/\/pp2.oodrive.com\/?s={search_term_string}"},"query-input":{"@type":"PropertyValueSpecification","valueRequired":true,"valueName":"search_term_string"}}],"inLanguage":"fr-FR"},{"@type":"Organization","@id":"https:\/\/pp2.oodrive.com\/#organization","name":"Oodrive","url":"https:\/\/pp2.oodrive.com\/","logo":{"@type":"ImageObject","inLanguage":"fr-FR","@id":"https:\/\/pp2.oodrive.com\/#\/schema\/logo\/image\/","url":"https:\/\/pp2.oodrive.com\/wp-content\/uploads\/2021\/12\/oodrive_black_logo.svg","contentUrl":"https:\/\/pp2.oodrive.com\/wp-content\/uploads\/2021\/12\/oodrive_black_logo.svg","width":132,"height":27,"caption":"Oodrive"},"image":{"@id":"https:\/\/pp2.oodrive.com\/#\/schema\/logo\/image\/"}}]}},"_links":{"self":[{"href":"https:\/\/pp2.oodrive.com\/fr\/wp-json\/wp\/v2\/pages\/543419","targetHints":{"allow":["GET"]}}],"collection":[{"href":"https:\/\/pp2.oodrive.com\/fr\/wp-json\/wp\/v2\/pages"}],"about":[{"href":"https:\/\/pp2.oodrive.com\/fr\/wp-json\/wp\/v2\/types\/page"}],"author":[{"embeddable":true,"href":"https:\/\/pp2.oodrive.com\/fr\/wp-json\/wp\/v2\/users\/9"}],"replies":[{"embeddable":true,"href":"https:\/\/pp2.oodrive.com\/fr\/wp-json\/wp\/v2\/comments?post=543419"}],"version-history":[{"count":5,"href":"https:\/\/pp2.oodrive.com\/fr\/wp-json\/wp\/v2\/pages\/543419\/revisions"}],"predecessor-version":[{"id":5916596,"href":"https:\/\/pp2.oodrive.com\/fr\/wp-json\/wp\/v2\/pages\/543419\/revisions\/5916596"}],"up":[{"embeddable":true,"href":"https:\/\/pp2.oodrive.com\/fr\/wp-json\/wp\/v2\/pages\/517516"}],"wp:attachment":[{"href":"https:\/\/pp2.oodrive.com\/fr\/wp-json\/wp\/v2\/media?parent=543419"}],"curies":[{"name":"wp","href":"https:\/\/api.w.org\/{rel}","templated":true}]}}