{"id":47982,"date":"2022-02-08T12:42:16","date_gmt":"2022-02-08T12:42:16","guid":{"rendered":"https:\/\/pp2.oodrive.com\/?page_id=47982"},"modified":"2023-08-30T07:51:01","modified_gmt":"2023-08-30T07:51:01","slug":"politique-de-confidentialite","status":"publish","type":"page","link":"https:\/\/pp2.oodrive.com\/fr\/politique-de-confidentialite\/","title":{"rendered":"Politique de confidentialit\u00e9"},"content":{"rendered":"<p><strong>1. Pr\u00e9ambule<\/strong><\/p>\n<p>La soci\u00e9t\u00e9 Oodrive, soci\u00e9t\u00e9 anonyme par actions simplifi\u00e9e au capital de 309 126 euros, immatricul\u00e9e au Registre du commerce et des soci\u00e9t\u00e9s de Paris, sous le num\u00e9ro 432 735 082, dont le si\u00e8ge social est situ\u00e9 26, rue du Faubourg-Poissonni\u00e8re, 75010 Paris, France, \u00e9dite et propose pour le compte de l\u2019ensemble de ses filiales au sens de l\u2019article L 233-1 du code commerce plusieurs sites Internet dont <a href=\"http:\/\/www.pp2.oodrive.com\">pp2.oodrive.com<\/a> (le Site) ainsi que des Produits et Services qui incluent le traitement et le stockage de donn\u00e9es collect\u00e9es \u00e0 l\u2019occasion de l\u2019utilisation dudit Site, Produits et Services.<\/p>\n<p>Oodrive a cr\u00e9\u00e9 la pr\u00e9sente Politique de Confidentialit\u00e9, afin de communiquer sa politique et ses pratiques en mati\u00e8re de collecte, d\u2019utilisation et de divulgation des informations concernant l\u2019utilisateur du Site, des Produits ou des Services.<\/p>\n<p>Ce document d\u00e9taille la fa\u00e7on dont Oodrive utilise et collecte vos donn\u00e9es \u00e0 caract\u00e8re personnel et vous informe des mesures prises pour assurer leur protection dans le cadre de l\u2019utilisation du Site conform\u00e9ment aux dispositions de la loi n\u00b078-17 du 6 janvier 1978 relative \u00e0 l\u2019Informatique, aux Fichiers et aux Libert\u00e9s telle que modifi\u00e9e par les dispositions de la loi n\u00b02004-801 du 6 ao\u00fbt 2004 relative \u00e0 la protection des personnes physiques \u00e0 l\u2019\u00e9gard des traitements de donn\u00e9es \u00e0 caract\u00e8re personnel (ci-apr\u00e8s la \u00ab Loi Informatique et Libert\u00e9s \u00bb).<\/p>\n<p>Ce document vous est destin\u00e9 et nous vous invitons \u00e0 en prendre connaissance.<\/p>\n<p>Pour toutes questions ou commentaires relatifs \u00e0 la Politique de Confidentialit\u00e9 ou \u00e0 la fa\u00e7on dont Oodrive proc\u00e8de \u00e0 la collecte et \u00e0 l\u2019utilisation des donn\u00e9es vous concernant, vous pouvez vous adresser \u00e0 Oodrive, Correspondant Informatique et Libert\u00e9s, 26, rue du Faubourg-Poissonni\u00e8re, 75010 Paris, France.<\/p>\n<p><strong>2. Consentement<\/strong><\/p>\n<p>En consultant le Site ou en utilisant les Produits et Services propos\u00e9s par Oodrive et\/ou ses filiales, vous acceptez les r\u00e8gles de collecte et d\u2019utilisation des informations d\u00e9crites ci-apr\u00e8s.<\/p>\n<p><strong>3. Responsable du traitement<\/strong><\/p>\n<p>Les donn\u00e9es \u00e0 caract\u00e8re personnel sont collect\u00e9es par la soci\u00e9t\u00e9 Oodrive pour elle-m\u00eame et pour le compte de ses filiales.<\/p>\n<p><strong>4. Donn\u00e9es collect\u00e9es<\/strong><\/p>\n<p>Nous sommes susceptibles de collecter notamment vos nom, pr\u00e9nom, adresse postale, adresse email, coordonn\u00e9es t\u00e9l\u00e9phoniques, adresse IP, donn\u00e9es de connexion et donn\u00e9es de navigation. Si vous postulez \u00e0 un poste en ligne, nous vous demanderons des informations sur vos dipl\u00f4mes et votre exp\u00e9rience.<\/p>\n<p>Nous pouvons aussi \u00eatre amen\u00e9s, le cas \u00e9ch\u00e9ant, \u00e0 vous demander des informations de facturation (nom et adresse de facturation). Nous conserverons ces donn\u00e9es 5 ans.<\/p>\n<p>Le num\u00e9ro de votre carte bancaire, s\u2019il vous est demand\u00e9 par notre prestataire de paiement en ligne, ne sera conserv\u00e9 que le temps n\u00e9cessaire \u00e0 r\u00e9alisation de la transaction.<\/p>\n<p>Conform\u00e9ment \u00e0 la loi Informatique et Libert\u00e9s, vous disposez de droits permanents d\u2019acc\u00e8s et de rectification aux informations qui vous concernent, que vous pouvez exercer en vous adressant au Correspondant Informatique et Libert\u00e9s, Oodrive, 26 rue du Faubourg Poissonni\u00e8re, 75010 Paris.<\/p>\n<p>Vous pouvez \u00e9galement, pour des motifs l\u00e9gitimes, vous opposer au traitement des donn\u00e9es vous concernant.<\/p>\n<p>Afin que nous puissions satisfaire votre demande, vous devez envoyer par courrier les \u00e9l\u00e9ments n\u00e9cessaires \u00e0 votre identification : nom, pr\u00e9nom, e-mail, une copie de votre pi\u00e8ce d\u2019identit\u00e9 en cours de validit\u00e9 et \u00e9ventuellement votre adresse postale.<\/p>\n<p><strong>5. Finalit\u00e9 \u2013 Exploitation des donn\u00e9es<\/strong><\/p>\n<p>Les informations collect\u00e9es nous permettent de :<\/p>\n<ul>\n<li>G\u00e9rer vos commandes et optimiser nos relations d\u2019affaires<\/li>\n<\/ul>\n<p>Les informations et donn\u00e9es vous concernant sont n\u00e9cessaires au suivi et \u00e0 la gestion de nos relations d\u2019affaires, notamment vos commandes. Ces informations et donn\u00e9es sont \u00e9galement conserv\u00e9es \u00e0 des fins de s\u00e9curit\u00e9, afin de respecter les obligations l\u00e9gales et r\u00e9glementaires.<\/p>\n<ul>\n<li>Personnaliser nos services<\/li>\n<\/ul>\n<p>Les informations et donn\u00e9es nous permettent d\u2019am\u00e9liorer et personnaliser les Produits et Services que nous vous proposons et les informations que nous vous adressons.<\/p>\n<ul>\n<li>Visiteurs<\/li>\n<\/ul>\n<p>Les informations et donn\u00e9es nous permettent de r\u00e9pondre aux utilisateurs du Site, d\u2019analyser les donn\u00e9es, de pr\u00e9voir des am\u00e9liorations sur les Services, d\u2019effectuer des analyses de tendance en mati\u00e8re de comportement des utilisateurs des Services et d\u2019efficacit\u00e9 des informations.<\/p>\n<ul>\n<li>Prospects<\/li>\n<\/ul>\n<p>Gr\u00e2ce aux donn\u00e9es collect\u00e9es, nous pourrons vous adresser, si vous l\u2019avez accept\u00e9 sur les formulaires de collecte, des documents \u00e0 caract\u00e8re commercial ou promotionnel susceptibles de vous int\u00e9resser.<\/p>\n<ul>\n<li>RH<\/li>\n<\/ul>\n<p>Les informations et donn\u00e9es nous permettent de r\u00e9pondre aux candidatures post\u00e9es en r\u00e9ponse \u00e0 des offres d\u2019emplois, de stage et aux candidatures spontan\u00e9es.<\/p>\n<p><strong>6. S\u00e9curit\u00e9 des donn\u00e9es<\/strong><\/p>\n<p>De mani\u00e8re g\u00e9n\u00e9rale, nous avons pris toutes les mesures appropri\u00e9es afin de pr\u00e9server les donn\u00e9es personnelles contre tout acc\u00e8s non autoris\u00e9, tout traitement illicite, toute perte ou tout endommagement accidentel, et toute destruction non autoris\u00e9e\/ notamment pour \u00e9viter qu\u2019elles soient d\u00e9form\u00e9es, endommag\u00e9es ou que des tiers non autoris\u00e9s y aient acc\u00e8s.<\/p>\n<p>Nous mettons \u00e0 votre disposition un serveur s\u00e9curis\u00e9 afin d\u2019acc\u00e9der aux informations de votre compte. Ce serveur assure le chiffrage de vos informations avant leur transmission \u00e0 nos services. Nous prenons \u00e9galement les mesures ad\u00e9quates afin de nous s\u2019assurer que les informations qui sont fournies sont toujours exactes et \u00e0 jour, et sont conserv\u00e9es en toute s\u00e9curit\u00e9 pendant la dur\u00e9e n\u00e9cessaire \u00e0 la r\u00e9alisation des t\u00e2ches pour lesquelles elles sont utilis\u00e9es.<\/p>\n<p>Nous avons mis en place des mesures de protection pour assurer la confidentialit\u00e9, la s\u00e9curit\u00e9 et l\u2019int\u00e9grit\u00e9 des donn\u00e9es \u00e0 caract\u00e8re personnel vous concernant. L\u2019acc\u00e8s aux donn\u00e9es \u00e0 caract\u00e8re personnel est restreint \u00e0 certains de nos collaborateurs et aux collaborateurs de nos prestataires qui ont besoin de les conna\u00eetre et qui ont \u00e9t\u00e9 form\u00e9s \u00e0 l\u2019observation de r\u00e8gles en mati\u00e8re de confidentialit\u00e9.<\/p>\n<p>Notamment, la collecte des coordonn\u00e9es bancaires est toujours r\u00e9alis\u00e9e dans le cadre de proc\u00e9d\u00e9s efficaces et licites de s\u00e9curisation des paiements : ces mesures peuvent consister dans le chiffrement SSL (destin\u00e9 \u00e0 rendre les donn\u00e9es illisibles par autrui) lors de la collecte ou du transfert de donn\u00e9es confidentielles. Lesdites coordonn\u00e9es seront utilis\u00e9es uniquement aux fins de paiement en ligne et ne seront pas conserv\u00e9es.<\/p>\n<p><strong>7. Communication des donn\u00e9es personnelles<\/strong><\/p>\n<p>Nous ne vendons, ni ne louons aucune donn\u00e9e \u00e0 caract\u00e8re personnel \u00e0 des tiers qu\u2019elles aient \u00e9t\u00e9 r\u00e9colt\u00e9es sur le Site ou qu\u2019elles nous aient \u00e9t\u00e9 fournies par vos soins au cours de l\u2019ex\u00e9cution d\u2019un Service.<\/p>\n<p>Nous ne partageons les Informations qu\u2019avec nos sous-traitants et nos partenaires qui ne re\u00e7oivent en tout \u00e9tat de cause que les informations personnelles n\u00e9cessaires \u00e0 la r\u00e9alisation et \u00e0 la prestation du service et qui ne sont en aucun cas autoris\u00e9s \u00e0 utiliser ces donn\u00e9es personnelles dans un cadre autre que celui du service ou de la prestation en question.<\/p>\n<p>Nous sommes n\u00e9anmoins susceptibles de communiquer des donn\u00e9es \u00e0 caract\u00e8re personnel afin de nous conformer \u00e0 la l\u00e9gislation en vigueur et de r\u00e9pondre \u00e0 des demandes \u00e9manant d\u2019autorit\u00e9s publiques ou gouvernementales. Nous nous engageons cependant \u00e0 vous en avertir dans les conditions pr\u00e9vues par la l\u00e9gislation en vigueur.<\/p>\n<p>Nous pouvons aussi \u00eatre amen\u00e9s \u00e0 communiquer des donn\u00e9es \u00e0 caract\u00e8re personnel afin d\u2019appliquer ou de faire respecter les conditions g\u00e9n\u00e9rales relatives aux Produits Services, de prot\u00e9ger les activit\u00e9s de la Soci\u00e9t\u00e9 ou d\u2019intenter tous recours n\u00e9cessaires ou pour \u00e9tablir et\/ou exercer nos droits, nous d\u00e9fendre contre toute r\u00e9clamation l\u00e9gales et\/ou judiciaires.<\/p>\n<p><strong>8. H\u00e9bergement des donn\u00e9es<\/strong><\/p>\n<p>Les donn\u00e9es h\u00e9berg\u00e9es dans le cadre des Produits et Services propos\u00e9s par Oodrive et ses filiales sont h\u00e9berg\u00e9es exclusivement dans l\u2019Espace \u00c9conomique Europ\u00e9en.<\/p>\n<p><strong>9. Les formulaires<\/strong><\/p>\n<p>Certains formulaires propos\u00e9s sur le Site ne rev\u00eatent pas un caract\u00e8re obligatoire. Vous pouvez donc choisir de ne pas les remplir. D\u2019autres formulaires doivent \u00eatre obligatoirement remplis pour nous permettre de r\u00e9pondre \u00e0 votre demande ou pour la gestion de vos contrats. En cochant la case pr\u00e9vue \u00e0 cet effet dans chacun des formulaires, vous acceptez que nous utilisions vos donn\u00e9es \u00e0 caract\u00e8re personnel \u00e0 des fins de prospection commerciale.<\/p>\n<p><strong>10. Dur\u00e9e de conservation<\/strong><\/p>\n<p>Nous ne conservons pas les donn\u00e9es personnelles et\/ou informations relatives \u00e0 la navigation de l\u2019utilisateur du Site au-del\u00e0 de la dur\u00e9e n\u00e9cessaire aux finalit\u00e9s du traitement concern\u00e9.<\/p>\n<p>Les donn\u00e9es de navigation seront conserv\u00e9es 6 mois maximum en application des pr\u00e9conisations de la CNIL.<\/p>\n<p>Pour ce qui concerne les donn\u00e9es de recrutement, la dur\u00e9e est de deux ans apr\u00e8s le dernier contact avec le candidat.<\/p>\n<p><strong>11. Cookies<\/strong><\/p>\n<p>Oodrive s\u2019engage \u00e0 prot\u00e9ger la vie priv\u00e9e des visiteurs de son site et de ses clients.<\/p>\n<p>Nous nous engageons \u00e0 ne pas divulguer les informations relatives \u00e0 nos clients \u00e0 des tiers sauf si nous obtenons leur autorisation.<\/p>\n<p><strong>Qu\u2019est-ce qu\u2019un cookie ?<\/strong><\/p>\n<p>Un cookie est un petit fichier texte envoy\u00e9 \u00e0 votre navigateur via notre Site. Gr\u00e2ce \u00e0 ce dernier, des informations sur votre visite sont enregistr\u00e9es sur le Site.<\/p>\n<p><strong>Pourquoi utilisons-nous des cookies ?<\/strong><\/p>\n<p>Nous utilisons des cookies indispensables pour permettre une meilleure exp\u00e9rience de navigation lors de vos sessions sur le Site.<\/p>\n<p>Les cookies que nous utilisons sont pr\u00e9sents notamment pour permettre des fonctions de personnalisation pour le client et des fonctions de s\u00e9curisation de la connexion.<\/p>\n<p><strong>Quels types de cookies utilisons-nous ?<\/strong><\/p>\n<p>Nous utilisons deux types de cookies.<\/p>\n<ul>\n<li><strong>Les cookies techniques<\/strong><\/li>\n<\/ul>\n<p>Ils n\u2019ont aucun impact sur vos donn\u00e9es personnelles.<\/p>\n<ul>\n<li><strong>Les cookies d\u2019information cibl\u00e9e<\/strong><\/li>\n<\/ul>\n<p>Ces cookies permettent :<\/p>\n<ul>\n<li>D\u00b4afficher des informations personnalis\u00e9es,<\/li>\n<li>De limiter le nombre d\u2019apparitions de chaque information,<\/li>\n<li>De mesurer l\u00b4efficacit\u00e9 d\u2019une campagne d\u2019information.<\/li>\n<\/ul>\n<p><strong>Vos choix concernant les cookies<\/strong><\/p>\n<p>Vous pouvez refuser l\u2019enregistrement des cookies en configurant les pr\u00e9f\u00e9rences de votre logiciel de navigation.<\/p>\n<p>Le fait de refuser les cookies peut cependant vous emp\u00eacher d\u2019acc\u00e9der \u00e0 certaines fonctionnalit\u00e9s du Site.<\/p>\n<p><strong>12. Mise \u00e0 jour<\/strong><\/p>\n<p>Nous nous r\u00e9servons le droit de modifier si n\u00e9cessaire la pr\u00e9sente Politique de confidentialit\u00e9, notamment afin de la rendre conforme \u00e0 une nouvelle l\u00e9gislation ou r\u00e9glementation.<\/p>\n<p>En cas de modification ou de mise \u00e0 jour, la Politique de Confidentialit\u00e9 r\u00e9vis\u00e9e sera mise en ligne sur le Site, avec mention de la derni\u00e8re date de mise \u00e0 jour.<\/p>\n<p>Veuillez v\u00e9rifier r\u00e9guli\u00e8rement le Site Internet pour rester inform\u00e9 de tout changement ou mise \u00e0 jour de la Politique de Confidentialit\u00e9 et des pratiques de soci\u00e9t\u00e9.<\/p>\n","protected":false},"excerpt":{"rendered":"<p>1. Pr\u00e9ambule La soci\u00e9t\u00e9 Oodrive, soci\u00e9t\u00e9 anonyme par actions simplifi\u00e9e au capital de 309 126 euros, immatricul\u00e9e au Registre du commerce et des soci\u00e9t\u00e9s de Paris, sous le num\u00e9ro 432 735 082, dont le si\u00e8ge social est situ\u00e9 26, rue du Faubourg-Poissonni\u00e8re, 75010 Paris, France, \u00e9dite et propose pour le compte de l\u2019ensemble de ses [&hellip;]<\/p>\n","protected":false},"author":11,"featured_media":0,"parent":0,"menu_order":0,"comment_status":"closed","ping_status":"closed","template":"","meta":{"inline_featured_image":false,"footnotes":""},"class_list":["post-47982","page","type-page","status-publish","hentry"],"yoast_head":"<!-- This site is optimized with the Yoast SEO plugin v26.9 - https:\/\/yoast.com\/product\/yoast-seo-wordpress\/ -->\n<title>Politique de confidentialit\u00e9 | Oodrive<\/title>\n<meta name=\"robots\" content=\"noindex, follow, max-snippet:-1, max-image-preview:large, max-video-preview:-1\" \/>\n<meta property=\"og:locale\" content=\"fr_FR\" \/>\n<meta property=\"og:type\" content=\"article\" \/>\n<meta property=\"og:title\" content=\"Politique de confidentialit\u00e9 | Oodrive\" \/>\n<meta property=\"og:description\" content=\"1. Pr\u00e9ambule La soci\u00e9t\u00e9 Oodrive, soci\u00e9t\u00e9 anonyme par actions simplifi\u00e9e au capital de 309 126 euros, immatricul\u00e9e au Registre du commerce et des soci\u00e9t\u00e9s de Paris, sous le num\u00e9ro 432 735 082, dont le si\u00e8ge social est situ\u00e9 26, rue du Faubourg-Poissonni\u00e8re, 75010 Paris, France, \u00e9dite et propose pour le compte de l\u2019ensemble de ses [&hellip;]\" \/>\n<meta property=\"og:url\" content=\"https:\/\/pp2.oodrive.com\/fr\/politique-de-confidentialite\/\" \/>\n<meta property=\"og:site_name\" content=\"Oodrive\" \/>\n<meta property=\"article:modified_time\" content=\"2023-08-30T07:51:01+00:00\" \/>\n<meta name=\"twitter:card\" content=\"summary_large_image\" \/>\n<meta name=\"twitter:label1\" content=\"Dur\u00e9e de lecture estim\u00e9e\" \/>\n\t<meta name=\"twitter:data1\" content=\"8 minutes\" \/>\n<script type=\"application\/ld+json\" class=\"yoast-schema-graph\">{\"@context\":\"https:\/\/schema.org\",\"@graph\":[{\"@type\":\"WebPage\",\"@id\":\"https:\/\/pp2.oodrive.com\/fr\/politique-de-confidentialite\/\",\"url\":\"https:\/\/pp2.oodrive.com\/fr\/politique-de-confidentialite\/\",\"name\":\"Politique de confidentialit\u00e9 | Oodrive\",\"isPartOf\":{\"@id\":\"https:\/\/pp2.oodrive.com\/#website\"},\"datePublished\":\"2022-02-08T12:42:16+00:00\",\"dateModified\":\"2023-08-30T07:51:01+00:00\",\"breadcrumb\":{\"@id\":\"https:\/\/pp2.oodrive.com\/fr\/politique-de-confidentialite\/#breadcrumb\"},\"inLanguage\":\"fr-FR\",\"potentialAction\":[{\"@type\":\"ReadAction\",\"target\":[\"https:\/\/pp2.oodrive.com\/fr\/politique-de-confidentialite\/\"]}]},{\"@type\":\"BreadcrumbList\",\"@id\":\"https:\/\/pp2.oodrive.com\/fr\/politique-de-confidentialite\/#breadcrumb\",\"itemListElement\":[{\"@type\":\"ListItem\",\"position\":1,\"name\":\"Accueil\",\"item\":\"https:\/\/pp2.oodrive.com\/\"},{\"@type\":\"ListItem\",\"position\":2,\"name\":\"Politique de confidentialit\u00e9\"}]},{\"@type\":\"WebSite\",\"@id\":\"https:\/\/pp2.oodrive.com\/#website\",\"url\":\"https:\/\/pp2.oodrive.com\/\",\"name\":\"Oodrive\",\"description\":\"Plateforme de collaboration s\u00e9curis\u00e9e et souveraine, Oodrive propose des solutions pour la gestion de vos donn\u00e9es sensibles : partage de fichier, signature \u00e9lectronique, sauvegarde, ...\",\"publisher\":{\"@id\":\"https:\/\/pp2.oodrive.com\/#organization\"},\"potentialAction\":[{\"@type\":\"SearchAction\",\"target\":{\"@type\":\"EntryPoint\",\"urlTemplate\":\"https:\/\/pp2.oodrive.com\/?s={search_term_string}\"},\"query-input\":{\"@type\":\"PropertyValueSpecification\",\"valueRequired\":true,\"valueName\":\"search_term_string\"}}],\"inLanguage\":\"fr-FR\"},{\"@type\":\"Organization\",\"@id\":\"https:\/\/pp2.oodrive.com\/#organization\",\"name\":\"Oodrive\",\"url\":\"https:\/\/pp2.oodrive.com\/\",\"logo\":{\"@type\":\"ImageObject\",\"inLanguage\":\"fr-FR\",\"@id\":\"https:\/\/pp2.oodrive.com\/#\/schema\/logo\/image\/\",\"url\":\"https:\/\/pp2.oodrive.com\/wp-content\/uploads\/2021\/12\/oodrive_black_logo.svg\",\"contentUrl\":\"https:\/\/pp2.oodrive.com\/wp-content\/uploads\/2021\/12\/oodrive_black_logo.svg\",\"width\":132,\"height\":27,\"caption\":\"Oodrive\"},\"image\":{\"@id\":\"https:\/\/pp2.oodrive.com\/#\/schema\/logo\/image\/\"}}]}<\/script>\n<!-- \/ Yoast SEO plugin. -->","yoast_head_json":{"title":"Politique de confidentialit\u00e9 | Oodrive","robots":{"index":"noindex","follow":"follow","max-snippet":"max-snippet:-1","max-image-preview":"max-image-preview:large","max-video-preview":"max-video-preview:-1"},"og_locale":"fr_FR","og_type":"article","og_title":"Politique de confidentialit\u00e9 | Oodrive","og_description":"1. Pr\u00e9ambule La soci\u00e9t\u00e9 Oodrive, soci\u00e9t\u00e9 anonyme par actions simplifi\u00e9e au capital de 309 126 euros, immatricul\u00e9e au Registre du commerce et des soci\u00e9t\u00e9s de Paris, sous le num\u00e9ro 432 735 082, dont le si\u00e8ge social est situ\u00e9 26, rue du Faubourg-Poissonni\u00e8re, 75010 Paris, France, \u00e9dite et propose pour le compte de l\u2019ensemble de ses [&hellip;]","og_url":"https:\/\/pp2.oodrive.com\/fr\/politique-de-confidentialite\/","og_site_name":"Oodrive","article_modified_time":"2023-08-30T07:51:01+00:00","twitter_card":"summary_large_image","twitter_misc":{"Dur\u00e9e de lecture estim\u00e9e":"8 minutes"},"schema":{"@context":"https:\/\/schema.org","@graph":[{"@type":"WebPage","@id":"https:\/\/pp2.oodrive.com\/fr\/politique-de-confidentialite\/","url":"https:\/\/pp2.oodrive.com\/fr\/politique-de-confidentialite\/","name":"Politique de confidentialit\u00e9 | Oodrive","isPartOf":{"@id":"https:\/\/pp2.oodrive.com\/#website"},"datePublished":"2022-02-08T12:42:16+00:00","dateModified":"2023-08-30T07:51:01+00:00","breadcrumb":{"@id":"https:\/\/pp2.oodrive.com\/fr\/politique-de-confidentialite\/#breadcrumb"},"inLanguage":"fr-FR","potentialAction":[{"@type":"ReadAction","target":["https:\/\/pp2.oodrive.com\/fr\/politique-de-confidentialite\/"]}]},{"@type":"BreadcrumbList","@id":"https:\/\/pp2.oodrive.com\/fr\/politique-de-confidentialite\/#breadcrumb","itemListElement":[{"@type":"ListItem","position":1,"name":"Accueil","item":"https:\/\/pp2.oodrive.com\/"},{"@type":"ListItem","position":2,"name":"Politique de confidentialit\u00e9"}]},{"@type":"WebSite","@id":"https:\/\/pp2.oodrive.com\/#website","url":"https:\/\/pp2.oodrive.com\/","name":"Oodrive","description":"Plateforme de collaboration s\u00e9curis\u00e9e et souveraine, Oodrive propose des solutions pour la gestion de vos donn\u00e9es sensibles : partage de fichier, signature \u00e9lectronique, sauvegarde, ...","publisher":{"@id":"https:\/\/pp2.oodrive.com\/#organization"},"potentialAction":[{"@type":"SearchAction","target":{"@type":"EntryPoint","urlTemplate":"https:\/\/pp2.oodrive.com\/?s={search_term_string}"},"query-input":{"@type":"PropertyValueSpecification","valueRequired":true,"valueName":"search_term_string"}}],"inLanguage":"fr-FR"},{"@type":"Organization","@id":"https:\/\/pp2.oodrive.com\/#organization","name":"Oodrive","url":"https:\/\/pp2.oodrive.com\/","logo":{"@type":"ImageObject","inLanguage":"fr-FR","@id":"https:\/\/pp2.oodrive.com\/#\/schema\/logo\/image\/","url":"https:\/\/pp2.oodrive.com\/wp-content\/uploads\/2021\/12\/oodrive_black_logo.svg","contentUrl":"https:\/\/pp2.oodrive.com\/wp-content\/uploads\/2021\/12\/oodrive_black_logo.svg","width":132,"height":27,"caption":"Oodrive"},"image":{"@id":"https:\/\/pp2.oodrive.com\/#\/schema\/logo\/image\/"}}]}},"_links":{"self":[{"href":"https:\/\/pp2.oodrive.com\/fr\/wp-json\/wp\/v2\/pages\/47982","targetHints":{"allow":["GET"]}}],"collection":[{"href":"https:\/\/pp2.oodrive.com\/fr\/wp-json\/wp\/v2\/pages"}],"about":[{"href":"https:\/\/pp2.oodrive.com\/fr\/wp-json\/wp\/v2\/types\/page"}],"author":[{"embeddable":true,"href":"https:\/\/pp2.oodrive.com\/fr\/wp-json\/wp\/v2\/users\/11"}],"replies":[{"embeddable":true,"href":"https:\/\/pp2.oodrive.com\/fr\/wp-json\/wp\/v2\/comments?post=47982"}],"version-history":[{"count":0,"href":"https:\/\/pp2.oodrive.com\/fr\/wp-json\/wp\/v2\/pages\/47982\/revisions"}],"wp:attachment":[{"href":"https:\/\/pp2.oodrive.com\/fr\/wp-json\/wp\/v2\/media?parent=47982"}],"curies":[{"name":"wp","href":"https:\/\/api.w.org\/{rel}","templated":true}]}}