{"id":41661,"date":"2021-12-29T08:23:27","date_gmt":"2021-12-29T08:23:27","guid":{"rendered":"https:\/\/pp2.oodrive.com\/\/legals\/"},"modified":"2024-03-14T08:39:04","modified_gmt":"2024-03-14T08:39:04","slug":"mentions-legales","status":"publish","type":"page","link":"https:\/\/pp2.oodrive.com\/fr\/mentions-legales\/","title":{"rendered":"Mentions l\u00e9gales"},"content":{"rendered":"\t\t<div data-elementor-type=\"wp-page\" data-elementor-id=\"41661\" class=\"elementor elementor-41661 elementor-575\" data-elementor-post-type=\"page\">\n\t\t\t\t\t\t<section class=\"elementor-section elementor-top-section elementor-element elementor-element-45109c5e elementor-section-boxed elementor-section-height-default elementor-section-height-default\" data-id=\"45109c5e\" data-element_type=\"section\" data-e-type=\"section\">\n\t\t\t\t\t\t<div class=\"elementor-container elementor-column-gap-default\">\n\t\t\t\t\t<div class=\"elementor-column elementor-col-100 elementor-top-column elementor-element elementor-element-4cd130d3\" data-id=\"4cd130d3\" data-element_type=\"column\" data-e-type=\"column\">\n\t\t\t<div class=\"elementor-widget-wrap elementor-element-populated\">\n\t\t\t\t\t\t<div class=\"elementor-element elementor-element-7dbce5ec elementor-widget elementor-widget-text-editor\" data-id=\"7dbce5ec\" data-element_type=\"widget\" data-e-type=\"widget\" data-widget_type=\"text-editor.default\">\n\t\t\t\t<div class=\"elementor-widget-container\">\n\t\t\t\t\t\t\t\t\t<p>Ce site est \u00e9dit\u00e9 et h\u00e9berg\u00e9 par Oodrive, soci\u00e9t\u00e9 par actions simplifi\u00e9e, au capital de 309 126 euros, immatricul\u00e9e au Registre du commerce et des soci\u00e9t\u00e9s de Paris, sous le num\u00e9ro 432 735 082, dont le si\u00e8ge social est situ\u00e9 au 26, rue du Faubourg Poissonni\u00e8re, 75010 Paris.<\/p><p>T\u00e9l. : 01.46.22.07.00<\/p><p>Toute personne qui acc\u00e8de au site de Oodrive s\u2019engage \u00e0 respecter les pr\u00e9sentes conditions d\u2019utilisation.<\/p><p>Oodrive d\u00e9cline toute responsabilit\u00e9 quant au contenu, \u00e0 l\u2019exactitude, \u00e0 la fiabilit\u00e9, \u00e0 la pr\u00e9cision, \u00e0 la pertinence et \u00e0 l\u2019exhaustivit\u00e9 des informations et donn\u00e9es diffus\u00e9es sur le pr\u00e9sent site, sous quelque forme que ce soit (liens hypertexte, encarts de cotation, fichiers, publicit\u00e9, etc\u2026). Notamment, Oodrive ne pourra voir sa responsabilit\u00e9 engag\u00e9e du fait d\u2019erreurs ou de retards dans la transmission desdites informations et donn\u00e9es.<\/p><p>Toutes les informations et donn\u00e9es diffus\u00e9es sur le pr\u00e9sent site ne sont fournies qu\u2019\u00e0 titre indicatif et ne dispensent pas leur utilisateur de proc\u00e9der \u00e0 la v\u00e9rification de leur exactitude et de les utiliser avec discernement et esprit critique. Notamment, Oodrive ne pourra \u00eatre tenu pour responsable des d\u00e9cisions, quelles que soient leur nature, prises par l\u2019utilisateur sur consultation de ce site et des informations et donn\u00e9es qui y sont diffus\u00e9es.<\/p><p>Les offres et devis propos\u00e9s par Oodrive sur son site ne sauraient avoir de caract\u00e8re contractuel et ne sauraient lier Oodrive de quelque mani\u00e8re que ce soit. Il appartient \u00e0 l\u2019utilisateur de ce site de se mettre en contact directement avec un conseiller Oodrive.<\/p><p>Oodrive d\u00e9cline toute responsabilit\u00e9 quant aux difficult\u00e9s techniques que pourrait, le cas \u00e9ch\u00e9ant, rencontrer l\u2019utilisateur de ce site, quelle qu\u2019en soit la cause, notamment la survenance de bogues, le d\u00e9faut de capacit\u00e9 du terminal utilis\u00e9 par l\u2019utilisateur \u00e0 restituer l\u2019information, le non-respect de l\u2019int\u00e9grit\u00e9 de l\u2019information \u00e0 travers le r\u00e9seau de communication ainsi que l\u2019ensemble des risques li\u00e9s \u00e0 la s\u00e9curit\u00e9 du r\u00e9seau et en particulier les risques de d\u00e9tournement de l\u2019information.<\/p><p>Oodrive se r\u00e9serve le droit d\u2019apporter toutes modifications et am\u00e9liorations qu\u2019il jugera n\u00e9cessaires ou utiles dans le cadre du bon fonctionnement de ses services.<\/p><p>En\u00a0ce qui concerne vos donn\u00e9es personnelles :<\/p><p>Les informations recueillies sur ce site peuvent faire l\u2019objet d\u2019un traitement informatique destin\u00e9 \u00e0 traiter votre demande.<\/p><p>Les donn\u00e9es \u00e0 caract\u00e8re personnel collect\u00e9es par Oodrive sont conserv\u00e9es pour la dur\u00e9e n\u00e9cessaire \u00e0 la r\u00e9alisation des finalit\u00e9s pr\u00e9cis\u00e9es ci-dessus, augment\u00e9e des d\u00e9lais l\u00e9gaux ou de prescription en vigueur.<\/p><p>Les donn\u00e9es \u00e0 caract\u00e8re personnel collect\u00e9es sont trait\u00e9es et h\u00e9berg\u00e9es en France et en Union Europ\u00e9enne.<\/p><p>Les donn\u00e9es \u00e0 caract\u00e8re personnel trait\u00e9es sont destin\u00e9es aux services internes d\u2019Oodrive, \u00e0 ses partenaires, ses sous-traitants, aux \u00e9tablissements bancaires, aux \u00e9tablissement postaux, ainsi qu\u2019aux \u00e9ventuels distributeurs des services propos\u00e9s par Oodrive.<\/p><p>Conform\u00e9ment \u00e0 la loi \u00ab informatique et libert\u00e9s \u00bb du 6 janvier 1978 modifi\u00e9e et au R\u00e8glement europ\u00e9en sur la protection des donn\u00e9es (RGPD), vous b\u00e9n\u00e9ficiez d\u2019un droit d\u2019acc\u00e8s, de rectification, d\u2019opposition et d\u2019effacement des informations ainsi que d\u2019un droit \u00e0 la limitation du traitement vous concernant, que vous pouvez exercer en \u00e9crivant \u00e0 \u00ab Oodrive, D\u00e9l\u00e9gu\u00e9 \u00e0 la Protection des Donn\u00e9es, 26 rue du Faubourg Poissonni\u00e8re, 75010 Paris \u00bb ou \u00e0 l\u2019adresse\u00a0privacy@oodrive.com, sans oublier de joindre un justificatif d\u2019identit\u00e9.<\/p><p>Les personnes concern\u00e9es disposent de la facult\u00e9 d\u2019introduire une r\u00e9clamation aupr\u00e8s de l\u2019autorit\u00e9 de contr\u00f4le (CNIL). Elles pourront en outre s\u2019adresser directement au D\u00e9l\u00e9gu\u00e9 \u00e0 la Protection des Donn\u00e9es d\u2019Oodrive sur\u00a0privacy@oodrive.com.<\/p>\t\t\t\t\t\t\t\t<\/div>\n\t\t\t\t<\/div>\n\t\t\t\t\t<\/div>\n\t\t<\/div>\n\t\t\t\t\t<\/div>\n\t\t<\/section>\n\t\t\t\t<\/div>\n\t\t","protected":false},"excerpt":{"rendered":"<p>Ce site est \u00e9dit\u00e9 et h\u00e9berg\u00e9 par Oodrive, soci\u00e9t\u00e9 par actions simplifi\u00e9e, au capital de 309 126 euros, immatricul\u00e9e au Registre du commerce et des soci\u00e9t\u00e9s de Paris, sous le num\u00e9ro 432 735 082, dont le si\u00e8ge social est situ\u00e9 au 26, rue du Faubourg Poissonni\u00e8re, 75010 Paris. T\u00e9l. : 01.46.22.07.00 Toute personne qui acc\u00e8de [&hellip;]<\/p>\n","protected":false},"author":9,"featured_media":0,"parent":0,"menu_order":0,"comment_status":"closed","ping_status":"closed","template":"","meta":{"inline_featured_image":false,"footnotes":""},"class_list":["post-41661","page","type-page","status-publish","hentry"],"yoast_head":"<!-- This site is optimized with the Yoast SEO plugin v26.9 - https:\/\/yoast.com\/product\/yoast-seo-wordpress\/ -->\n<title>Mentions l\u00e9gales | Oodrive<\/title>\n<meta name=\"robots\" content=\"noindex, follow, max-snippet:-1, max-image-preview:large, max-video-preview:-1\" \/>\n<meta property=\"og:locale\" content=\"fr_FR\" \/>\n<meta property=\"og:type\" content=\"article\" \/>\n<meta property=\"og:title\" content=\"Mentions l\u00e9gales | Oodrive\" \/>\n<meta property=\"og:description\" content=\"Ce site est \u00e9dit\u00e9 et h\u00e9berg\u00e9 par Oodrive, soci\u00e9t\u00e9 par actions simplifi\u00e9e, au capital de 309 126 euros, immatricul\u00e9e au Registre du commerce et des soci\u00e9t\u00e9s de Paris, sous le num\u00e9ro 432 735 082, dont le si\u00e8ge social est situ\u00e9 au 26, rue du Faubourg Poissonni\u00e8re, 75010 Paris. T\u00e9l. : 01.46.22.07.00 Toute personne qui acc\u00e8de [&hellip;]\" \/>\n<meta property=\"og:url\" content=\"https:\/\/pp2.oodrive.com\/legals\/\" \/>\n<meta property=\"og:site_name\" content=\"Oodrive\" \/>\n<meta property=\"article:modified_time\" content=\"2024-03-14T08:39:04+00:00\" \/>\n<meta name=\"twitter:card\" content=\"summary_large_image\" \/>\n<meta name=\"twitter:label1\" content=\"Dur\u00e9e de lecture estim\u00e9e\" \/>\n\t<meta name=\"twitter:data1\" content=\"3 minutes\" \/>\n<script type=\"application\/ld+json\" class=\"yoast-schema-graph\">{\"@context\":\"https:\/\/schema.org\",\"@graph\":[{\"@type\":\"WebPage\",\"@id\":\"https:\/\/pp2.oodrive.com\/legals\/\",\"url\":\"https:\/\/pp2.oodrive.com\/legals\/\",\"name\":\"Mentions l\u00e9gales | Oodrive\",\"isPartOf\":{\"@id\":\"https:\/\/pp2.oodrive.com\/#website\"},\"datePublished\":\"2021-12-29T08:23:27+00:00\",\"dateModified\":\"2024-03-14T08:39:04+00:00\",\"breadcrumb\":{\"@id\":\"https:\/\/pp2.oodrive.com\/legals\/#breadcrumb\"},\"inLanguage\":\"fr-FR\",\"potentialAction\":[{\"@type\":\"ReadAction\",\"target\":[\"https:\/\/pp2.oodrive.com\/legals\/\"]}]},{\"@type\":\"BreadcrumbList\",\"@id\":\"https:\/\/pp2.oodrive.com\/legals\/#breadcrumb\",\"itemListElement\":[{\"@type\":\"ListItem\",\"position\":1,\"name\":\"Accueil\",\"item\":\"https:\/\/pp2.oodrive.com\/\"},{\"@type\":\"ListItem\",\"position\":2,\"name\":\"Mentions l\u00e9gales\"}]},{\"@type\":\"WebSite\",\"@id\":\"https:\/\/pp2.oodrive.com\/#website\",\"url\":\"https:\/\/pp2.oodrive.com\/\",\"name\":\"Oodrive\",\"description\":\"Plateforme de collaboration s\u00e9curis\u00e9e et souveraine, Oodrive propose des solutions pour la gestion de vos donn\u00e9es sensibles : partage de fichier, signature \u00e9lectronique, sauvegarde, ...\",\"publisher\":{\"@id\":\"https:\/\/pp2.oodrive.com\/#organization\"},\"potentialAction\":[{\"@type\":\"SearchAction\",\"target\":{\"@type\":\"EntryPoint\",\"urlTemplate\":\"https:\/\/pp2.oodrive.com\/?s={search_term_string}\"},\"query-input\":{\"@type\":\"PropertyValueSpecification\",\"valueRequired\":true,\"valueName\":\"search_term_string\"}}],\"inLanguage\":\"fr-FR\"},{\"@type\":\"Organization\",\"@id\":\"https:\/\/pp2.oodrive.com\/#organization\",\"name\":\"Oodrive\",\"url\":\"https:\/\/pp2.oodrive.com\/\",\"logo\":{\"@type\":\"ImageObject\",\"inLanguage\":\"fr-FR\",\"@id\":\"https:\/\/pp2.oodrive.com\/#\/schema\/logo\/image\/\",\"url\":\"https:\/\/pp2.oodrive.com\/wp-content\/uploads\/2021\/12\/oodrive_black_logo.svg\",\"contentUrl\":\"https:\/\/pp2.oodrive.com\/wp-content\/uploads\/2021\/12\/oodrive_black_logo.svg\",\"width\":132,\"height\":27,\"caption\":\"Oodrive\"},\"image\":{\"@id\":\"https:\/\/pp2.oodrive.com\/#\/schema\/logo\/image\/\"}}]}<\/script>\n<!-- \/ Yoast SEO plugin. -->","yoast_head_json":{"title":"Mentions l\u00e9gales | Oodrive","robots":{"index":"noindex","follow":"follow","max-snippet":"max-snippet:-1","max-image-preview":"max-image-preview:large","max-video-preview":"max-video-preview:-1"},"og_locale":"fr_FR","og_type":"article","og_title":"Mentions l\u00e9gales | Oodrive","og_description":"Ce site est \u00e9dit\u00e9 et h\u00e9berg\u00e9 par Oodrive, soci\u00e9t\u00e9 par actions simplifi\u00e9e, au capital de 309 126 euros, immatricul\u00e9e au Registre du commerce et des soci\u00e9t\u00e9s de Paris, sous le num\u00e9ro 432 735 082, dont le si\u00e8ge social est situ\u00e9 au 26, rue du Faubourg Poissonni\u00e8re, 75010 Paris. T\u00e9l. : 01.46.22.07.00 Toute personne qui acc\u00e8de [&hellip;]","og_url":"https:\/\/pp2.oodrive.com\/legals\/","og_site_name":"Oodrive","article_modified_time":"2024-03-14T08:39:04+00:00","twitter_card":"summary_large_image","twitter_misc":{"Dur\u00e9e de lecture estim\u00e9e":"3 minutes"},"schema":{"@context":"https:\/\/schema.org","@graph":[{"@type":"WebPage","@id":"https:\/\/pp2.oodrive.com\/legals\/","url":"https:\/\/pp2.oodrive.com\/legals\/","name":"Mentions l\u00e9gales | Oodrive","isPartOf":{"@id":"https:\/\/pp2.oodrive.com\/#website"},"datePublished":"2021-12-29T08:23:27+00:00","dateModified":"2024-03-14T08:39:04+00:00","breadcrumb":{"@id":"https:\/\/pp2.oodrive.com\/legals\/#breadcrumb"},"inLanguage":"fr-FR","potentialAction":[{"@type":"ReadAction","target":["https:\/\/pp2.oodrive.com\/legals\/"]}]},{"@type":"BreadcrumbList","@id":"https:\/\/pp2.oodrive.com\/legals\/#breadcrumb","itemListElement":[{"@type":"ListItem","position":1,"name":"Accueil","item":"https:\/\/pp2.oodrive.com\/"},{"@type":"ListItem","position":2,"name":"Mentions l\u00e9gales"}]},{"@type":"WebSite","@id":"https:\/\/pp2.oodrive.com\/#website","url":"https:\/\/pp2.oodrive.com\/","name":"Oodrive","description":"Plateforme de collaboration s\u00e9curis\u00e9e et souveraine, Oodrive propose des solutions pour la gestion de vos donn\u00e9es sensibles : partage de fichier, signature \u00e9lectronique, sauvegarde, ...","publisher":{"@id":"https:\/\/pp2.oodrive.com\/#organization"},"potentialAction":[{"@type":"SearchAction","target":{"@type":"EntryPoint","urlTemplate":"https:\/\/pp2.oodrive.com\/?s={search_term_string}"},"query-input":{"@type":"PropertyValueSpecification","valueRequired":true,"valueName":"search_term_string"}}],"inLanguage":"fr-FR"},{"@type":"Organization","@id":"https:\/\/pp2.oodrive.com\/#organization","name":"Oodrive","url":"https:\/\/pp2.oodrive.com\/","logo":{"@type":"ImageObject","inLanguage":"fr-FR","@id":"https:\/\/pp2.oodrive.com\/#\/schema\/logo\/image\/","url":"https:\/\/pp2.oodrive.com\/wp-content\/uploads\/2021\/12\/oodrive_black_logo.svg","contentUrl":"https:\/\/pp2.oodrive.com\/wp-content\/uploads\/2021\/12\/oodrive_black_logo.svg","width":132,"height":27,"caption":"Oodrive"},"image":{"@id":"https:\/\/pp2.oodrive.com\/#\/schema\/logo\/image\/"}}]}},"_links":{"self":[{"href":"https:\/\/pp2.oodrive.com\/fr\/wp-json\/wp\/v2\/pages\/41661","targetHints":{"allow":["GET"]}}],"collection":[{"href":"https:\/\/pp2.oodrive.com\/fr\/wp-json\/wp\/v2\/pages"}],"about":[{"href":"https:\/\/pp2.oodrive.com\/fr\/wp-json\/wp\/v2\/types\/page"}],"author":[{"embeddable":true,"href":"https:\/\/pp2.oodrive.com\/fr\/wp-json\/wp\/v2\/users\/9"}],"replies":[{"embeddable":true,"href":"https:\/\/pp2.oodrive.com\/fr\/wp-json\/wp\/v2\/comments?post=41661"}],"version-history":[{"count":0,"href":"https:\/\/pp2.oodrive.com\/fr\/wp-json\/wp\/v2\/pages\/41661\/revisions"}],"wp:attachment":[{"href":"https:\/\/pp2.oodrive.com\/fr\/wp-json\/wp\/v2\/media?parent=41661"}],"curies":[{"name":"wp","href":"https:\/\/api.w.org\/{rel}","templated":true}]}}