{"id":3285731,"date":"2024-02-26T08:25:54","date_gmt":"2024-02-26T08:25:54","guid":{"rendered":"https:\/\/pp2.oodrive.com\/?page_id=3285731"},"modified":"2026-05-07T09:47:09","modified_gmt":"2026-05-07T09:47:09","slug":"oodrive-success","status":"publish","type":"page","link":"https:\/\/pp2.oodrive.com\/fr\/parler-expert\/oodrive-success\/","title":{"rendered":"Oodrive Success _ Parler \u00e0 un expert"},"content":{"rendered":"\t\t<div data-elementor-type=\"wp-page\" data-elementor-id=\"3285731\" class=\"elementor elementor-3285731\" data-elementor-post-type=\"page\">\n\t\t\t\t<div class=\"elementor-element elementor-element-1691335 e-flex e-con-boxed e-con e-parent\" data-id=\"1691335\" data-element_type=\"container\" data-e-type=\"container\" data-settings=\"{&quot;background_background&quot;:&quot;classic&quot;}\">\n\t\t\t\t\t<div class=\"e-con-inner\">\n\t\t<div class=\"elementor-element elementor-element-7e3159d e-con-full e-flex e-con e-child\" data-id=\"7e3159d\" data-element_type=\"container\" data-e-type=\"container\">\n\t\t\t\t<div class=\"elementor-element elementor-element-089d20c elementor-widget elementor-widget-heading\" data-id=\"089d20c\" data-element_type=\"widget\" data-e-type=\"widget\" data-widget_type=\"heading.default\">\n\t\t\t\t<div class=\"elementor-widget-container\">\n\t\t\t\t\t<p class=\"elementor-heading-title elementor-size-default\">Plateforme collaborative<\/p>\t\t\t\t<\/div>\n\t\t\t\t<\/div>\n\t\t\t\t<div class=\"elementor-element elementor-element-c345877 elementor-widget-tablet__width-inherit h1-sandbox elementor-widget elementor-widget-heading\" data-id=\"c345877\" data-element_type=\"widget\" data-e-type=\"widget\" data-widget_type=\"heading.default\">\n\t\t\t\t<div class=\"elementor-widget-container\">\n\t\t\t\t\t<h1 class=\"elementor-heading-title elementor-size-default\">Fa\u00eetes de vos projets un succ\u00e8s durable<\/h1>\t\t\t\t<\/div>\n\t\t\t\t<\/div>\n\t\t<div class=\"elementor-element elementor-element-3f74573 e-con-full icon-box e-flex e-con e-child\" data-id=\"3f74573\" data-element_type=\"container\" data-e-type=\"container\">\n\t\t\t\t<div class=\"elementor-element elementor-element-4d475d2 elementor-widget__width-initial elementor-widget elementor-widget-image\" data-id=\"4d475d2\" data-element_type=\"widget\" data-e-type=\"widget\" data-widget_type=\"image.default\">\n\t\t\t\t<div class=\"elementor-widget-container\">\n\t\t\t\t\t\t\t\t\t\t\t\t\t\t\t<img decoding=\"async\" width=\"39\" height=\"39\" src=\"https:\/\/pp2.oodrive.com\/wp-content\/uploads\/2026\/04\/portal.png\" class=\"attachment-full size-full wp-image-5909032\" alt=\"\" srcset=\"https:\/\/pp2.oodrive.com\/wp-content\/uploads\/2026\/04\/portal.png 39w, https:\/\/pp2.oodrive.com\/wp-content\/uploads\/2026\/04\/portal-24x24.png 24w\" sizes=\"(max-width: 39px) 100vw, 39px\" \/>\t\t\t\t\t\t\t\t\t\t\t\t\t\t\t<\/div>\n\t\t\t\t<\/div>\n\t\t\t\t<div class=\"elementor-element elementor-element-cfa1088 elementor-widget elementor-widget-text-editor\" data-id=\"cfa1088\" data-element_type=\"widget\" data-e-type=\"widget\" data-widget_type=\"text-editor.default\">\n\t\t\t\t<div class=\"elementor-widget-container\">\n\t\t\t\t\t\t\t\t\t<p>Portail client<\/p>\t\t\t\t\t\t\t\t<\/div>\n\t\t\t\t<\/div>\n\t\t\t\t<\/div>\n\t\t<div class=\"elementor-element elementor-element-c2e9df8 e-con-full icon-box e-flex e-con e-child\" data-id=\"c2e9df8\" data-element_type=\"container\" data-e-type=\"container\">\n\t\t\t\t<div class=\"elementor-element elementor-element-7cc7d3e elementor-widget__width-initial elementor-widget elementor-widget-image\" data-id=\"7cc7d3e\" data-element_type=\"widget\" data-e-type=\"widget\" data-widget_type=\"image.default\">\n\t\t\t\t<div class=\"elementor-widget-container\">\n\t\t\t\t\t\t\t\t\t\t\t\t\t\t\t<img decoding=\"async\" width=\"43\" height=\"43\" src=\"https:\/\/pp2.oodrive.com\/wp-content\/uploads\/2026\/04\/cercle-assistance.png\" class=\"attachment-full size-full wp-image-5909478\" alt=\"\" srcset=\"https:\/\/pp2.oodrive.com\/wp-content\/uploads\/2026\/04\/cercle-assistance.png 43w, https:\/\/pp2.oodrive.com\/wp-content\/uploads\/2026\/04\/cercle-assistance-24x24.png 24w\" sizes=\"(max-width: 43px) 100vw, 43px\" \/>\t\t\t\t\t\t\t\t\t\t\t\t\t\t\t<\/div>\n\t\t\t\t<\/div>\n\t\t\t\t<div class=\"elementor-element elementor-element-25b3c55 elementor-widget elementor-widget-text-editor\" data-id=\"25b3c55\" data-element_type=\"widget\" data-e-type=\"widget\" data-widget_type=\"text-editor.default\">\n\t\t\t\t<div class=\"elementor-widget-container\">\n\t\t\t\t\t\t\t\t\t<p>Assistance sur mesure<\/p>\t\t\t\t\t\t\t\t<\/div>\n\t\t\t\t<\/div>\n\t\t\t\t<\/div>\n\t\t<div class=\"elementor-element elementor-element-64d5c39 e-con-full icon-box e-flex e-con e-child\" data-id=\"64d5c39\" data-element_type=\"container\" data-e-type=\"container\">\n\t\t\t\t<div class=\"elementor-element elementor-element-8201398 elementor-widget__width-initial elementor-widget elementor-widget-image\" data-id=\"8201398\" data-element_type=\"widget\" data-e-type=\"widget\" data-widget_type=\"image.default\">\n\t\t\t\t<div class=\"elementor-widget-container\">\n\t\t\t\t\t\t\t\t\t\t\t\t\t\t\t<img decoding=\"async\" width=\"40\" height=\"44\" src=\"https:\/\/pp2.oodrive.com\/wp-content\/uploads\/2026\/04\/box.png\" class=\"attachment-full size-full wp-image-5909484\" alt=\"\" \/>\t\t\t\t\t\t\t\t\t\t\t\t\t\t\t<\/div>\n\t\t\t\t<\/div>\n\t\t\t\t<div class=\"elementor-element elementor-element-6bed1f7 elementor-widget elementor-widget-text-editor\" data-id=\"6bed1f7\" data-element_type=\"widget\" data-e-type=\"widget\" data-widget_type=\"text-editor.default\">\n\t\t\t\t<div class=\"elementor-widget-container\">\n\t\t\t\t\t\t\t\t\t<p>Ressources d\u00e9di\u00e9es<\/p>\t\t\t\t\t\t\t\t<\/div>\n\t\t\t\t<\/div>\n\t\t\t\t<\/div>\n\t\t\t\t<div class=\"elementor-element elementor-element-c257d1a elementor-widget elementor-widget-heading\" data-id=\"c257d1a\" data-element_type=\"widget\" data-e-type=\"widget\" data-widget_type=\"heading.default\">\n\t\t\t\t<div class=\"elementor-widget-container\">\n\t\t\t\t\t<p class=\"elementor-heading-title elementor-size-default\">Ils utilisent Oodrive<\/p>\t\t\t\t<\/div>\n\t\t\t\t<\/div>\n\t\t<div class=\"elementor-element elementor-element-0657069 e-con-full bloc-logos-clients e-flex e-con e-child\" data-id=\"0657069\" data-element_type=\"container\" data-e-type=\"container\" data-settings=\"{&quot;background_background&quot;:&quot;classic&quot;}\">\n\t\t\t\t<div class=\"elementor-element elementor-element-6a53e7c elementor-widget elementor-widget-image\" data-id=\"6a53e7c\" data-element_type=\"widget\" data-e-type=\"widget\" data-widget_type=\"image.default\">\n\t\t\t\t<div class=\"elementor-widget-container\">\n\t\t\t\t\t\t\t\t\t\t\t\t\t\t\t<img loading=\"lazy\" decoding=\"async\" width=\"226\" height=\"123\" src=\"https:\/\/pp2.oodrive.com\/wp-content\/uploads\/2025\/07\/logo-minarm-1.svg\" class=\"attachment-full size-full wp-image-5791546\" alt=\"Logo Minist\u00e8re des arm\u00e9es\" \/>\t\t\t\t\t\t\t\t\t\t\t\t\t\t\t<\/div>\n\t\t\t\t<\/div>\n\t\t\t\t<div class=\"elementor-element elementor-element-537e29d elementor-widget elementor-widget-image\" data-id=\"537e29d\" data-element_type=\"widget\" data-e-type=\"widget\" data-widget_type=\"image.default\">\n\t\t\t\t<div class=\"elementor-widget-container\">\n\t\t\t\t\t\t\t\t\t\t\t\t\t\t\t<img loading=\"lazy\" decoding=\"async\" width=\"133\" height=\"57\" src=\"https:\/\/pp2.oodrive.com\/wp-content\/uploads\/2023\/06\/logo-edf.svg\" class=\"attachment-full size-full wp-image-980921\" alt=\"Logo EDF\" \/>\t\t\t\t\t\t\t\t\t\t\t\t\t\t\t<\/div>\n\t\t\t\t<\/div>\n\t\t\t\t<div class=\"elementor-element elementor-element-05bbefe elementor-widget elementor-widget-image\" data-id=\"05bbefe\" data-element_type=\"widget\" data-e-type=\"widget\" data-widget_type=\"image.default\">\n\t\t\t\t<div class=\"elementor-widget-container\">\n\t\t\t\t\t\t\t\t\t\t\t\t\t\t\t<img loading=\"lazy\" decoding=\"async\" width=\"77\" height=\"77\" src=\"https:\/\/pp2.oodrive.com\/wp-content\/uploads\/2024\/09\/LOGO-ORANGE-6-1.svg\" class=\"attachment-full size-full wp-image-5207663\" alt=\"Logo Orange\" \/>\t\t\t\t\t\t\t\t\t\t\t\t\t\t\t<\/div>\n\t\t\t\t<\/div>\n\t\t\t\t<div class=\"elementor-element elementor-element-e48245f elementor-widget elementor-widget-image\" data-id=\"e48245f\" data-element_type=\"widget\" data-e-type=\"widget\" data-widget_type=\"image.default\">\n\t\t\t\t<div class=\"elementor-widget-container\">\n\t\t\t\t\t\t\t\t\t\t\t\t\t\t\t<img loading=\"lazy\" decoding=\"async\" width=\"82\" height=\"36\" src=\"https:\/\/pp2.oodrive.com\/wp-content\/uploads\/2026\/02\/Logo-societe-generale.svg\" class=\"attachment-full size-full wp-image-5861212\" alt=\"\" \/>\t\t\t\t\t\t\t\t\t\t\t\t\t\t\t<\/div>\n\t\t\t\t<\/div>\n\t\t\t\t<div class=\"elementor-element elementor-element-de1d074 elementor-widget elementor-widget-image\" data-id=\"de1d074\" data-element_type=\"widget\" data-e-type=\"widget\" data-widget_type=\"image.default\">\n\t\t\t\t<div class=\"elementor-widget-container\">\n\t\t\t\t\t\t\t\t\t\t\t\t\t\t\t<img loading=\"lazy\" decoding=\"async\" width=\"143\" height=\"40\" src=\"https:\/\/pp2.oodrive.com\/wp-content\/uploads\/2025\/07\/LOGO-DASSAULT-2-2-2.svg\" class=\"attachment-full size-full wp-image-5791540\" alt=\"\" \/>\t\t\t\t\t\t\t\t\t\t\t\t\t\t\t<\/div>\n\t\t\t\t<\/div>\n\t\t\t\t<div class=\"elementor-element elementor-element-9797d52 elementor-widget elementor-widget-image\" data-id=\"9797d52\" data-element_type=\"widget\" data-e-type=\"widget\" data-widget_type=\"image.default\">\n\t\t\t\t<div class=\"elementor-widget-container\">\n\t\t\t\t\t\t\t\t\t\t\t\t\t\t\t<img loading=\"lazy\" decoding=\"async\" width=\"100\" height=\"73\" src=\"https:\/\/pp2.oodrive.com\/wp-content\/uploads\/2022\/01\/totalenergie.svg\" class=\"attachment-full size-full wp-image-39830\" alt=\"\" \/>\t\t\t\t\t\t\t\t\t\t\t\t\t\t\t<\/div>\n\t\t\t\t<\/div>\n\t\t\t\t<\/div>\n\t\t\t\t<\/div>\n\t\t<div class=\"elementor-element elementor-element-848fa7e e-con-full e-flex e-con e-child\" data-id=\"848fa7e\" data-element_type=\"container\" data-e-type=\"container\" data-settings=\"{&quot;background_background&quot;:&quot;classic&quot;}\">\n\t\t\t\t<div class=\"elementor-element elementor-element-9a95c28 elementor-widget elementor-widget-heading\" data-id=\"9a95c28\" data-element_type=\"widget\" data-e-type=\"widget\" data-widget_type=\"heading.default\">\n\t\t\t\t<div class=\"elementor-widget-container\">\n\t\t\t\t\t<p class=\"elementor-heading-title elementor-size-default\">Demandez une d\u00e9mo  <\/p>\t\t\t\t<\/div>\n\t\t\t\t<\/div>\n\t\t\t\t<div class=\"elementor-element elementor-element-da21136 elementor-widget elementor-widget-text-editor\" data-id=\"da21136\" data-element_type=\"widget\" data-e-type=\"widget\" data-widget_type=\"text-editor.default\">\n\t\t\t\t<div class=\"elementor-widget-container\">\n\t\t\t\t\t\t\t\t\t<p>Un expert vous rappelle pour comprendre vos besoins et r\u00e9pondre \u00e0 toutes vos questions<\/p>\t\t\t\t\t\t\t\t<\/div>\n\t\t\t\t<\/div>\n\t\t\t\t<div class=\"elementor-element elementor-element-d1fad7b wrapper-form elementor-widget elementor-widget-html\" data-id=\"d1fad7b\" data-element_type=\"widget\" data-e-type=\"widget\" data-widget_type=\"html.default\">\n\t\t\t\t<div class=\"elementor-widget-container\">\n\t\t\t\t\t<script style=\"text\/javascript\">\n  window.onload = function() {\n    function checkHbspForm(){\n        setTimeout(function(){\n            if($('.hbspt-form form').length < 1){\n                $('.alert-hbsp-form').css(\"display\",\"block\");\n                $('.spinner-load').css(\"display\",\"none\");\n            }\n        }, 3000);\n    }\n    checkHbspForm();\n  };\n<\/script>\n\n<div class=\"spinner-load\"><\/div>\n\n\n<script type=\"text\/javascript\">\n$(document).ready(function() {\n    \/\/ S\u00e9lecteur du formulaire HubSpot\n    const formSelector = '.hbspt-form form';\n\n    \/\/ Fonction pour v\u00e9rifier la pr\u00e9sence du formulaire\n    function checkForForm() {\n        if ($(formSelector).length > 0) {\n            \/\/ Si le formulaire est trouv\u00e9, afficher une alerte\n            $('.spinner-load').css(\"display\",\"none\");\n        }\n    }\n\n    \/\/ Configuration de MutationObserver\n    const observer = new MutationObserver(function(mutations) {\n        mutations.forEach(function(mutation) {\n            \/\/ V\u00e9rifier si des n\u0153uds ont \u00e9t\u00e9 ajout\u00e9s\n            if (mutation.addedNodes.length > 0) {\n                checkForForm();\n            }\n        });\n    });\n\n    \/\/ D\u00e9marrer l'observation du corps de la page\n    observer.observe(document.body, {\n        childList: true, \/\/ Surveiller les ajouts\/suppressions de n\u0153uds enfants\n        subtree: true \/\/ Surveiller tout le sous-arbre du DOM\n    });\n\n    \/\/ V\u00e9rifier imm\u00e9diatement au chargement de la page\n    checkForForm();\n});    \n<\/script>\n\n<script charset=\"utf-8\" type=\"text\/javascript\" src=\"\/\/js-eu1.hsforms.net\/forms\/embed\/v2.js\"><\/script>\n<script>\n  hbspt.forms.create({\n    region: \"eu1\",\n    portalId: \"26269313\",\n    formId: \"b92b6335-b082-4f9f-8768-d323678ec30c\"\n  });\n<\/script>\n\n<div class=\"alert-hbsp-form\">\n    <p>Il semblerait que les param\u00e8tres de votre navigateur emp\u00eachent l'affichage de ce formulaire.<\/p>\n    <p>Pour \u00eatre recontact\u00e9, vous pouvez \u00e9crire \u00e0 Guillaume Joubert :  <strong>g.joubert@oodrive.com<\/strong><\/p>\n    <p>Merci, <br>\nL\u2019\u00e9quipe Oodrive.<\/p>\n<\/div>\t\t\t\t<\/div>\n\t\t\t\t<\/div>\n\t\t\t\t<\/div>\n\t\t\t\t<div class=\"elementor-element elementor-element-95beadd elementor-widget__width-inherit elementor-absolute elementor-widget elementor-widget-image\" data-id=\"95beadd\" data-element_type=\"widget\" data-e-type=\"widget\" data-settings=\"{&quot;_position&quot;:&quot;absolute&quot;}\" data-widget_type=\"image.default\">\n\t\t\t\t<div class=\"elementor-widget-container\">\n\t\t\t\t\t\t\t\t\t\t\t\t\t\t\t<img loading=\"lazy\" decoding=\"async\" width=\"1098\" height=\"326\" src=\"https:\/\/pp2.oodrive.com\/wp-content\/uploads\/2026\/04\/pattern-demo.png\" class=\"attachment-full size-full wp-image-5908643\" alt=\"\" srcset=\"https:\/\/pp2.oodrive.com\/wp-content\/uploads\/2026\/04\/pattern-demo.png 1098w, https:\/\/pp2.oodrive.com\/wp-content\/uploads\/2026\/04\/pattern-demo-300x89.png 300w, https:\/\/pp2.oodrive.com\/wp-content\/uploads\/2026\/04\/pattern-demo-1024x304.png 1024w, https:\/\/pp2.oodrive.com\/wp-content\/uploads\/2026\/04\/pattern-demo-768x228.png 768w, https:\/\/pp2.oodrive.com\/wp-content\/uploads\/2026\/04\/pattern-demo-770x229.png 770w, https:\/\/pp2.oodrive.com\/wp-content\/uploads\/2026\/04\/pattern-demo-336x100.png 336w, https:\/\/pp2.oodrive.com\/wp-content\/uploads\/2026\/04\/pattern-demo-410x122.png 410w, https:\/\/pp2.oodrive.com\/wp-content\/uploads\/2026\/04\/pattern-demo-517x153.png 517w\" sizes=\"(max-width: 1098px) 100vw, 1098px\" \/>\t\t\t\t\t\t\t\t\t\t\t\t\t\t\t<\/div>\n\t\t\t\t<\/div>\n\t\t\t\t\t<\/div>\n\t\t\t\t<\/div>\n\t\t\t\t<\/div>\n\t\t","protected":false},"excerpt":{"rendered":"<p>Plateforme collaborative Fa\u00eetes de vos projets un succ\u00e8s durable Portail client Assistance sur mesure Ressources d\u00e9di\u00e9es Ils utilisent Oodrive Demandez une d\u00e9mo Un expert vous rappelle pour comprendre vos besoins et r\u00e9pondre \u00e0 toutes vos questions Il semblerait que les param\u00e8tres de votre navigateur emp\u00eachent l&rsquo;affichage de ce formulaire. Pour \u00eatre recontact\u00e9, vous pouvez \u00e9crire [&hellip;]<\/p>\n","protected":false},"author":9,"featured_media":0,"parent":0,"menu_order":0,"comment_status":"closed","ping_status":"closed","template":"elementor_header_footer","meta":{"inline_featured_image":false,"footnotes":""},"class_list":["post-3285731","page","type-page","status-publish","hentry"],"yoast_head":"<!-- This site is optimized with the Yoast SEO plugin v26.9 - https:\/\/yoast.com\/product\/yoast-seo-wordpress\/ -->\n<title>Oodrive Success _ Parler \u00e0 un expert - Oodrive<\/title>\n<meta name=\"robots\" content=\"noindex, follow, max-snippet:-1, max-image-preview:large, max-video-preview:-1\" \/>\n<meta property=\"og:locale\" content=\"fr_FR\" \/>\n<meta property=\"og:type\" content=\"article\" \/>\n<meta property=\"og:title\" content=\"Oodrive Success _ Parler \u00e0 un expert - Oodrive\" \/>\n<meta property=\"og:description\" content=\"Plateforme collaborative Fa\u00eetes de vos projets un succ\u00e8s durable Portail client Assistance sur mesure Ressources d\u00e9di\u00e9es Ils utilisent Oodrive Demandez une d\u00e9mo Un expert vous rappelle pour comprendre vos besoins et r\u00e9pondre \u00e0 toutes vos questions Il semblerait que les param\u00e8tres de votre navigateur emp\u00eachent l&rsquo;affichage de ce formulaire. Pour \u00eatre recontact\u00e9, vous pouvez \u00e9crire [&hellip;]\" \/>\n<meta property=\"og:url\" content=\"https:\/\/pp2.oodrive.com\/fr\/parler-expert\/oodrive-success\/\" \/>\n<meta property=\"og:site_name\" content=\"Oodrive\" \/>\n<meta property=\"article:modified_time\" content=\"2026-05-07T09:47:09+00:00\" \/>\n<meta property=\"og:image\" content=\"https:\/\/pp2.oodrive.com\/wp-content\/uploads\/2026\/04\/portal.png\" \/>\n\t<meta property=\"og:image:width\" content=\"39\" \/>\n\t<meta property=\"og:image:height\" content=\"39\" \/>\n\t<meta property=\"og:image:type\" content=\"image\/png\" \/>\n<meta name=\"twitter:card\" content=\"summary_large_image\" \/>\n<meta name=\"twitter:label1\" content=\"Dur\u00e9e de lecture estim\u00e9e\" \/>\n\t<meta name=\"twitter:data1\" content=\"3 minutes\" \/>\n<script type=\"application\/ld+json\" class=\"yoast-schema-graph\">{\"@context\":\"https:\/\/schema.org\",\"@graph\":[{\"@type\":\"WebPage\",\"@id\":\"https:\/\/pp2.oodrive.com\/fr\/parler-expert\/oodrive-success\/\",\"url\":\"https:\/\/pp2.oodrive.com\/fr\/parler-expert\/oodrive-success\/\",\"name\":\"Oodrive Success _ Parler \u00e0 un expert - Oodrive\",\"isPartOf\":{\"@id\":\"https:\/\/pp2.oodrive.com\/#website\"},\"primaryImageOfPage\":{\"@id\":\"https:\/\/pp2.oodrive.com\/fr\/parler-expert\/oodrive-success\/#primaryimage\"},\"image\":{\"@id\":\"https:\/\/pp2.oodrive.com\/fr\/parler-expert\/oodrive-success\/#primaryimage\"},\"thumbnailUrl\":\"https:\/\/pp2.oodrive.com\/wp-content\/uploads\/2026\/04\/portal.png\",\"datePublished\":\"2024-02-26T08:25:54+00:00\",\"dateModified\":\"2026-05-07T09:47:09+00:00\",\"breadcrumb\":{\"@id\":\"https:\/\/pp2.oodrive.com\/fr\/parler-expert\/oodrive-success\/#breadcrumb\"},\"inLanguage\":\"fr-FR\",\"potentialAction\":[{\"@type\":\"ReadAction\",\"target\":[\"https:\/\/pp2.oodrive.com\/fr\/parler-expert\/oodrive-success\/\"]}]},{\"@type\":\"ImageObject\",\"inLanguage\":\"fr-FR\",\"@id\":\"https:\/\/pp2.oodrive.com\/fr\/parler-expert\/oodrive-success\/#primaryimage\",\"url\":\"https:\/\/pp2.oodrive.com\/wp-content\/uploads\/2026\/04\/portal.png\",\"contentUrl\":\"https:\/\/pp2.oodrive.com\/wp-content\/uploads\/2026\/04\/portal.png\"},{\"@type\":\"BreadcrumbList\",\"@id\":\"https:\/\/pp2.oodrive.com\/fr\/parler-expert\/oodrive-success\/#breadcrumb\",\"itemListElement\":[{\"@type\":\"ListItem\",\"position\":1,\"name\":\"Accueil\",\"item\":\"https:\/\/pp2.oodrive.com\/fr\/\"},{\"@type\":\"ListItem\",\"position\":2,\"name\":\"Oodrive Success _ Parler \u00e0 un expert\"}]},{\"@type\":\"WebSite\",\"@id\":\"https:\/\/pp2.oodrive.com\/#website\",\"url\":\"https:\/\/pp2.oodrive.com\/\",\"name\":\"Oodrive\",\"description\":\"Plateforme de collaboration s\u00e9curis\u00e9e et souveraine, Oodrive propose des solutions pour la gestion de vos donn\u00e9es sensibles : partage de fichier, signature \u00e9lectronique, sauvegarde, ...\",\"publisher\":{\"@id\":\"https:\/\/pp2.oodrive.com\/#organization\"},\"potentialAction\":[{\"@type\":\"SearchAction\",\"target\":{\"@type\":\"EntryPoint\",\"urlTemplate\":\"https:\/\/pp2.oodrive.com\/?s={search_term_string}\"},\"query-input\":{\"@type\":\"PropertyValueSpecification\",\"valueRequired\":true,\"valueName\":\"search_term_string\"}}],\"inLanguage\":\"fr-FR\"},{\"@type\":\"Organization\",\"@id\":\"https:\/\/pp2.oodrive.com\/#organization\",\"name\":\"Oodrive\",\"url\":\"https:\/\/pp2.oodrive.com\/\",\"logo\":{\"@type\":\"ImageObject\",\"inLanguage\":\"fr-FR\",\"@id\":\"https:\/\/pp2.oodrive.com\/#\/schema\/logo\/image\/\",\"url\":\"https:\/\/pp2.oodrive.com\/wp-content\/uploads\/2021\/12\/oodrive_black_logo.svg\",\"contentUrl\":\"https:\/\/pp2.oodrive.com\/wp-content\/uploads\/2021\/12\/oodrive_black_logo.svg\",\"width\":132,\"height\":27,\"caption\":\"Oodrive\"},\"image\":{\"@id\":\"https:\/\/pp2.oodrive.com\/#\/schema\/logo\/image\/\"}}]}<\/script>\n<!-- \/ Yoast SEO plugin. -->","yoast_head_json":{"title":"Oodrive Success _ Parler \u00e0 un expert - Oodrive","robots":{"index":"noindex","follow":"follow","max-snippet":"max-snippet:-1","max-image-preview":"max-image-preview:large","max-video-preview":"max-video-preview:-1"},"og_locale":"fr_FR","og_type":"article","og_title":"Oodrive Success _ Parler \u00e0 un expert - Oodrive","og_description":"Plateforme collaborative Fa\u00eetes de vos projets un succ\u00e8s durable Portail client Assistance sur mesure Ressources d\u00e9di\u00e9es Ils utilisent Oodrive Demandez une d\u00e9mo Un expert vous rappelle pour comprendre vos besoins et r\u00e9pondre \u00e0 toutes vos questions Il semblerait que les param\u00e8tres de votre navigateur emp\u00eachent l&rsquo;affichage de ce formulaire. Pour \u00eatre recontact\u00e9, vous pouvez \u00e9crire [&hellip;]","og_url":"https:\/\/pp2.oodrive.com\/fr\/parler-expert\/oodrive-success\/","og_site_name":"Oodrive","article_modified_time":"2026-05-07T09:47:09+00:00","og_image":[{"width":39,"height":39,"url":"https:\/\/pp2.oodrive.com\/wp-content\/uploads\/2026\/04\/portal.png","type":"image\/png"}],"twitter_card":"summary_large_image","twitter_misc":{"Dur\u00e9e de lecture estim\u00e9e":"3 minutes"},"schema":{"@context":"https:\/\/schema.org","@graph":[{"@type":"WebPage","@id":"https:\/\/pp2.oodrive.com\/fr\/parler-expert\/oodrive-success\/","url":"https:\/\/pp2.oodrive.com\/fr\/parler-expert\/oodrive-success\/","name":"Oodrive Success _ Parler \u00e0 un expert - Oodrive","isPartOf":{"@id":"https:\/\/pp2.oodrive.com\/#website"},"primaryImageOfPage":{"@id":"https:\/\/pp2.oodrive.com\/fr\/parler-expert\/oodrive-success\/#primaryimage"},"image":{"@id":"https:\/\/pp2.oodrive.com\/fr\/parler-expert\/oodrive-success\/#primaryimage"},"thumbnailUrl":"https:\/\/pp2.oodrive.com\/wp-content\/uploads\/2026\/04\/portal.png","datePublished":"2024-02-26T08:25:54+00:00","dateModified":"2026-05-07T09:47:09+00:00","breadcrumb":{"@id":"https:\/\/pp2.oodrive.com\/fr\/parler-expert\/oodrive-success\/#breadcrumb"},"inLanguage":"fr-FR","potentialAction":[{"@type":"ReadAction","target":["https:\/\/pp2.oodrive.com\/fr\/parler-expert\/oodrive-success\/"]}]},{"@type":"ImageObject","inLanguage":"fr-FR","@id":"https:\/\/pp2.oodrive.com\/fr\/parler-expert\/oodrive-success\/#primaryimage","url":"https:\/\/pp2.oodrive.com\/wp-content\/uploads\/2026\/04\/portal.png","contentUrl":"https:\/\/pp2.oodrive.com\/wp-content\/uploads\/2026\/04\/portal.png"},{"@type":"BreadcrumbList","@id":"https:\/\/pp2.oodrive.com\/fr\/parler-expert\/oodrive-success\/#breadcrumb","itemListElement":[{"@type":"ListItem","position":1,"name":"Accueil","item":"https:\/\/pp2.oodrive.com\/fr\/"},{"@type":"ListItem","position":2,"name":"Oodrive Success _ Parler \u00e0 un expert"}]},{"@type":"WebSite","@id":"https:\/\/pp2.oodrive.com\/#website","url":"https:\/\/pp2.oodrive.com\/","name":"Oodrive","description":"Plateforme de collaboration s\u00e9curis\u00e9e et souveraine, Oodrive propose des solutions pour la gestion de vos donn\u00e9es sensibles : partage de fichier, signature \u00e9lectronique, sauvegarde, ...","publisher":{"@id":"https:\/\/pp2.oodrive.com\/#organization"},"potentialAction":[{"@type":"SearchAction","target":{"@type":"EntryPoint","urlTemplate":"https:\/\/pp2.oodrive.com\/?s={search_term_string}"},"query-input":{"@type":"PropertyValueSpecification","valueRequired":true,"valueName":"search_term_string"}}],"inLanguage":"fr-FR"},{"@type":"Organization","@id":"https:\/\/pp2.oodrive.com\/#organization","name":"Oodrive","url":"https:\/\/pp2.oodrive.com\/","logo":{"@type":"ImageObject","inLanguage":"fr-FR","@id":"https:\/\/pp2.oodrive.com\/#\/schema\/logo\/image\/","url":"https:\/\/pp2.oodrive.com\/wp-content\/uploads\/2021\/12\/oodrive_black_logo.svg","contentUrl":"https:\/\/pp2.oodrive.com\/wp-content\/uploads\/2021\/12\/oodrive_black_logo.svg","width":132,"height":27,"caption":"Oodrive"},"image":{"@id":"https:\/\/pp2.oodrive.com\/#\/schema\/logo\/image\/"}}]}},"_links":{"self":[{"href":"https:\/\/pp2.oodrive.com\/fr\/wp-json\/wp\/v2\/pages\/3285731","targetHints":{"allow":["GET"]}}],"collection":[{"href":"https:\/\/pp2.oodrive.com\/fr\/wp-json\/wp\/v2\/pages"}],"about":[{"href":"https:\/\/pp2.oodrive.com\/fr\/wp-json\/wp\/v2\/types\/page"}],"author":[{"embeddable":true,"href":"https:\/\/pp2.oodrive.com\/fr\/wp-json\/wp\/v2\/users\/9"}],"replies":[{"embeddable":true,"href":"https:\/\/pp2.oodrive.com\/fr\/wp-json\/wp\/v2\/comments?post=3285731"}],"version-history":[{"count":5,"href":"https:\/\/pp2.oodrive.com\/fr\/wp-json\/wp\/v2\/pages\/3285731\/revisions"}],"predecessor-version":[{"id":5916599,"href":"https:\/\/pp2.oodrive.com\/fr\/wp-json\/wp\/v2\/pages\/3285731\/revisions\/5916599"}],"wp:attachment":[{"href":"https:\/\/pp2.oodrive.com\/fr\/wp-json\/wp\/v2\/media?parent=3285731"}],"curies":[{"name":"wp","href":"https:\/\/api.w.org\/{rel}","templated":true}]}}