{"id":2138989,"date":"2023-10-26T14:40:43","date_gmt":"2023-10-26T14:40:43","guid":{"rendered":"https:\/\/pp2.oodrive.com\/?page_id=2138989"},"modified":"2026-05-07T09:44:05","modified_gmt":"2026-05-07T09:44:05","slug":"oodrive-meet","status":"publish","type":"page","link":"https:\/\/pp2.oodrive.com\/fr\/demander-une-demo\/oodrive-meet\/","title":{"rendered":"Demande de d\u00e9mo &#8211; Oodrive Meet"},"content":{"rendered":"\t\t<div data-elementor-type=\"wp-page\" data-elementor-id=\"2138989\" class=\"elementor elementor-2138989\" data-elementor-post-type=\"page\">\n\t\t\t\t<div class=\"elementor-element elementor-element-0112075 e-flex e-con-boxed e-con e-parent\" data-id=\"0112075\" data-element_type=\"container\" data-e-type=\"container\" data-settings=\"{&quot;background_background&quot;:&quot;classic&quot;}\">\n\t\t\t\t\t<div class=\"e-con-inner\">\n\t\t<div class=\"elementor-element elementor-element-1d1ba2f e-con-full bloc-text light-effect e-flex e-con e-child\" data-id=\"1d1ba2f\" data-element_type=\"container\" data-e-type=\"container\">\n\t\t\t\t<div class=\"elementor-element elementor-element-834d9aa elementor-widget elementor-widget-heading\" data-id=\"834d9aa\" data-element_type=\"widget\" data-e-type=\"widget\" data-widget_type=\"heading.default\">\n\t\t\t\t<div class=\"elementor-widget-container\">\n\t\t\t\t\t<p class=\"elementor-heading-title elementor-size-default\">Digitalisation des codir &amp; comex<\/p>\t\t\t\t<\/div>\n\t\t\t\t<\/div>\n\t\t\t\t<div class=\"elementor-element elementor-element-da5462e elementor-widget-tablet__width-inherit h1-sandbox elementor-widget elementor-widget-heading\" data-id=\"da5462e\" data-element_type=\"widget\" data-e-type=\"widget\" data-widget_type=\"heading.default\">\n\t\t\t\t<div class=\"elementor-widget-container\">\n\t\t\t\t\t<h1 class=\"elementor-heading-title elementor-size-default\">Gestion d\u00e9mat\u00e9rialis\u00e9e \u2028des r\u00e9unions de gouvernance<\/h1>\t\t\t\t<\/div>\n\t\t\t\t<\/div>\n\t\t\t\t<div class=\"elementor-element elementor-element-b45de8c elementor-widget__width-initial elementor-absolute elementor-hidden-mobile elementor-widget elementor-widget-image\" data-id=\"b45de8c\" data-element_type=\"widget\" data-e-type=\"widget\" data-settings=\"{&quot;_position&quot;:&quot;absolute&quot;}\" data-widget_type=\"image.default\">\n\t\t\t\t<div class=\"elementor-widget-container\">\n\t\t\t\t\t\t\t\t\t\t\t\t\t\t\t<img fetchpriority=\"high\" decoding=\"async\" width=\"1183\" height=\"440\" src=\"https:\/\/pp2.oodrive.com\/wp-content\/uploads\/2026\/04\/bg-meet-demo.png\" class=\"attachment-full size-full wp-image-5909020\" alt=\"\" srcset=\"https:\/\/pp2.oodrive.com\/wp-content\/uploads\/2026\/04\/bg-meet-demo.png 1183w, https:\/\/pp2.oodrive.com\/wp-content\/uploads\/2026\/04\/bg-meet-demo-300x112.png 300w, https:\/\/pp2.oodrive.com\/wp-content\/uploads\/2026\/04\/bg-meet-demo-1024x381.png 1024w, https:\/\/pp2.oodrive.com\/wp-content\/uploads\/2026\/04\/bg-meet-demo-768x286.png 768w, https:\/\/pp2.oodrive.com\/wp-content\/uploads\/2026\/04\/bg-meet-demo-770x286.png 770w, https:\/\/pp2.oodrive.com\/wp-content\/uploads\/2026\/04\/bg-meet-demo-336x125.png 336w, https:\/\/pp2.oodrive.com\/wp-content\/uploads\/2026\/04\/bg-meet-demo-410x152.png 410w, https:\/\/pp2.oodrive.com\/wp-content\/uploads\/2026\/04\/bg-meet-demo-517x192.png 517w\" sizes=\"(max-width: 1183px) 100vw, 1183px\" \/>\t\t\t\t\t\t\t\t\t\t\t\t\t\t\t<\/div>\n\t\t\t\t<\/div>\n\t\t<div class=\"elementor-element elementor-element-8fc1c17 e-con-full icon-box e-flex e-con e-child\" data-id=\"8fc1c17\" data-element_type=\"container\" data-e-type=\"container\">\n\t\t\t\t<div class=\"elementor-element elementor-element-67e44d2 elementor-widget__width-initial elementor-widget elementor-widget-image\" data-id=\"67e44d2\" data-element_type=\"widget\" data-e-type=\"widget\" data-widget_type=\"image.default\">\n\t\t\t\t<div class=\"elementor-widget-container\">\n\t\t\t\t\t\t\t\t\t\t\t\t\t\t\t<img decoding=\"async\" width=\"43\" height=\"39\" src=\"https:\/\/pp2.oodrive.com\/wp-content\/uploads\/2026\/04\/user.png\" class=\"attachment-full size-full wp-image-5909026\" alt=\"\" \/>\t\t\t\t\t\t\t\t\t\t\t\t\t\t\t<\/div>\n\t\t\t\t<\/div>\n\t\t\t\t<div class=\"elementor-element elementor-element-94b6838 elementor-widget elementor-widget-text-editor\" data-id=\"94b6838\" data-element_type=\"widget\" data-e-type=\"widget\" data-widget_type=\"text-editor.default\">\n\t\t\t\t<div class=\"elementor-widget-container\">\n\t\t\t\t\t\t\t\t\t<p>Digitalisation des r\u00e9unions de gouvernance<\/p>\t\t\t\t\t\t\t\t<\/div>\n\t\t\t\t<\/div>\n\t\t\t\t<\/div>\n\t\t<div class=\"elementor-element elementor-element-e1e1de6 e-con-full icon-box e-flex e-con e-child\" data-id=\"e1e1de6\" data-element_type=\"container\" data-e-type=\"container\">\n\t\t\t\t<div class=\"elementor-element elementor-element-cdcfacf elementor-widget__width-initial elementor-widget elementor-widget-image\" data-id=\"cdcfacf\" data-element_type=\"widget\" data-e-type=\"widget\" data-widget_type=\"image.default\">\n\t\t\t\t<div class=\"elementor-widget-container\">\n\t\t\t\t\t\t\t\t\t\t\t\t\t\t\t<img decoding=\"async\" width=\"39\" height=\"39\" src=\"https:\/\/pp2.oodrive.com\/wp-content\/uploads\/2026\/04\/portal.png\" class=\"attachment-full size-full wp-image-5909032\" alt=\"\" srcset=\"https:\/\/pp2.oodrive.com\/wp-content\/uploads\/2026\/04\/portal.png 39w, https:\/\/pp2.oodrive.com\/wp-content\/uploads\/2026\/04\/portal-24x24.png 24w\" sizes=\"(max-width: 39px) 100vw, 39px\" \/>\t\t\t\t\t\t\t\t\t\t\t\t\t\t\t<\/div>\n\t\t\t\t<\/div>\n\t\t\t\t<div class=\"elementor-element elementor-element-83217f2 elementor-widget elementor-widget-text-editor\" data-id=\"83217f2\" data-element_type=\"widget\" data-e-type=\"widget\" data-widget_type=\"text-editor.default\">\n\t\t\t\t<div class=\"elementor-widget-container\">\n\t\t\t\t\t\t\t\t\t<p>Board Portal unique<\/p>\t\t\t\t\t\t\t\t<\/div>\n\t\t\t\t<\/div>\n\t\t\t\t<\/div>\n\t\t<div class=\"elementor-element elementor-element-5ffce0a e-con-full icon-box e-flex e-con e-child\" data-id=\"5ffce0a\" data-element_type=\"container\" data-e-type=\"container\">\n\t\t\t\t<div class=\"elementor-element elementor-element-f221265 elementor-widget__width-initial elementor-widget elementor-widget-image\" data-id=\"f221265\" data-element_type=\"widget\" data-e-type=\"widget\" data-widget_type=\"image.default\">\n\t\t\t\t<div class=\"elementor-widget-container\">\n\t\t\t\t\t\t\t\t\t\t\t\t\t\t\t<img loading=\"lazy\" decoding=\"async\" width=\"53\" height=\"40\" src=\"https:\/\/pp2.oodrive.com\/wp-content\/uploads\/2026\/04\/cloud.png\" class=\"attachment-full size-full wp-image-5908631\" alt=\"\" \/>\t\t\t\t\t\t\t\t\t\t\t\t\t\t\t<\/div>\n\t\t\t\t<\/div>\n\t\t\t\t<div class=\"elementor-element elementor-element-57434c6 elementor-widget elementor-widget-text-editor\" data-id=\"57434c6\" data-element_type=\"widget\" data-e-type=\"widget\" data-widget_type=\"text-editor.default\">\n\t\t\t\t<div class=\"elementor-widget-container\">\n\t\t\t\t\t\t\t\t\t<p>S\u00e9curisation de vos documents<\/p>\t\t\t\t\t\t\t\t<\/div>\n\t\t\t\t<\/div>\n\t\t\t\t<\/div>\n\t\t\t\t<\/div>\n\t\t<div class=\"elementor-element elementor-element-12505e5 e-con-full bloc-form light-effect e-flex e-con e-child\" data-id=\"12505e5\" data-element_type=\"container\" data-e-type=\"container\" data-settings=\"{&quot;background_background&quot;:&quot;classic&quot;}\">\n\t\t\t\t<div class=\"elementor-element elementor-element-0d6be9e elementor-widget elementor-widget-heading\" data-id=\"0d6be9e\" data-element_type=\"widget\" data-e-type=\"widget\" data-widget_type=\"heading.default\">\n\t\t\t\t<div class=\"elementor-widget-container\">\n\t\t\t\t\t<p class=\"elementor-heading-title elementor-size-default\">Demandez une d\u00e9mo  <\/p>\t\t\t\t<\/div>\n\t\t\t\t<\/div>\n\t\t\t\t<div class=\"elementor-element elementor-element-56758e3 elementor-widget elementor-widget-text-editor\" data-id=\"56758e3\" data-element_type=\"widget\" data-e-type=\"widget\" data-widget_type=\"text-editor.default\">\n\t\t\t\t<div class=\"elementor-widget-container\">\n\t\t\t\t\t\t\t\t\t<p>Un expert vous rappelle pour comprendre vos besoins et r\u00e9pondre \u00e0 toutes vos questions<\/p>\t\t\t\t\t\t\t\t<\/div>\n\t\t\t\t<\/div>\n\t\t\t\t<div class=\"elementor-element elementor-element-aa12c0c wrapper-form elementor-widget elementor-widget-html\" data-id=\"aa12c0c\" data-element_type=\"widget\" data-e-type=\"widget\" data-widget_type=\"html.default\">\n\t\t\t\t<div class=\"elementor-widget-container\">\n\t\t\t\t\t<script style=\"text\/javascript\">\n  window.onload = function() {\n    function checkHbspForm(){\n        setTimeout(function(){\n            if($('.hbspt-form form').length < 1){\n                $('.alert-hbsp-form').css(\"display\",\"block\");\n                $('.spinner-load').css(\"display\",\"none\");\n            }\n        }, 3000);\n    }\n    checkHbspForm();\n  };\n<\/script>\n\n<div class=\"spinner-load\"><\/div>\n\n\n<script type=\"text\/javascript\">\n$(document).ready(function() {\n    \/\/ S\u00e9lecteur du formulaire HubSpot\n    const formSelector = '.hbspt-form form';\n\n    \/\/ Fonction pour v\u00e9rifier la pr\u00e9sence du formulaire\n    function checkForForm() {\n        if ($(formSelector).length > 0) {\n            \/\/ Si le formulaire est trouv\u00e9, afficher une alerte\n            $('.spinner-load').css(\"display\",\"none\");\n        }\n    }\n\n    \/\/ Configuration de MutationObserver\n    const observer = new MutationObserver(function(mutations) {\n        mutations.forEach(function(mutation) {\n            \/\/ V\u00e9rifier si des n\u0153uds ont \u00e9t\u00e9 ajout\u00e9s\n            if (mutation.addedNodes.length > 0) {\n                checkForForm();\n            }\n        });\n    });\n\n    \/\/ D\u00e9marrer l'observation du corps de la page\n    observer.observe(document.body, {\n        childList: true, \/\/ Surveiller les ajouts\/suppressions de n\u0153uds enfants\n        subtree: true \/\/ Surveiller tout le sous-arbre du DOM\n    });\n\n    \/\/ V\u00e9rifier imm\u00e9diatement au chargement de la page\n    checkForForm();\n});    \n<\/script>\n\n<script charset=\"utf-8\" type=\"text\/javascript\" src=\"\/\/js-eu1.hsforms.net\/forms\/embed\/v2.js\"><\/script>\n<script>\n  hbspt.forms.create({\n    region: \"eu1\",\n    portalId: \"26269313\",\n    formId: \"6e9978b9-73da-4153-b0e0-1dca60f8059d\"\n  });\n<\/script>\n\n<div class=\"alert-hbsp-form\">\n    <p>Il semblerait que les param\u00e8tres de votre navigateur emp\u00eachent l'affichage de ce formulaire.<\/p>\n    <p>Pour \u00eatre recontact\u00e9, vous pouvez \u00e9crire \u00e0 Guillaume Joubert :  <strong>g.joubert@oodrive.com<\/strong><\/p>\n    <p>Merci, <br>\nL\u2019\u00e9quipe Oodrive.<\/p>\n<\/div>\t\t\t\t<\/div>\n\t\t\t\t<\/div>\n\t\t\t\t<\/div>\n\t\t\t\t<div class=\"elementor-element elementor-element-0a50e35 elementor-widget__width-inherit elementor-absolute elementor-widget elementor-widget-image\" data-id=\"0a50e35\" data-element_type=\"widget\" data-e-type=\"widget\" data-settings=\"{&quot;_position&quot;:&quot;absolute&quot;}\" data-widget_type=\"image.default\">\n\t\t\t\t<div class=\"elementor-widget-container\">\n\t\t\t\t\t\t\t\t\t\t\t\t\t\t\t<img loading=\"lazy\" decoding=\"async\" width=\"1098\" height=\"326\" src=\"https:\/\/pp2.oodrive.com\/wp-content\/uploads\/2026\/04\/pattern-demo.png\" class=\"attachment-full size-full wp-image-5908643\" alt=\"\" srcset=\"https:\/\/pp2.oodrive.com\/wp-content\/uploads\/2026\/04\/pattern-demo.png 1098w, https:\/\/pp2.oodrive.com\/wp-content\/uploads\/2026\/04\/pattern-demo-300x89.png 300w, https:\/\/pp2.oodrive.com\/wp-content\/uploads\/2026\/04\/pattern-demo-1024x304.png 1024w, https:\/\/pp2.oodrive.com\/wp-content\/uploads\/2026\/04\/pattern-demo-768x228.png 768w, https:\/\/pp2.oodrive.com\/wp-content\/uploads\/2026\/04\/pattern-demo-770x229.png 770w, https:\/\/pp2.oodrive.com\/wp-content\/uploads\/2026\/04\/pattern-demo-336x100.png 336w, https:\/\/pp2.oodrive.com\/wp-content\/uploads\/2026\/04\/pattern-demo-410x122.png 410w, https:\/\/pp2.oodrive.com\/wp-content\/uploads\/2026\/04\/pattern-demo-517x153.png 517w\" sizes=\"(max-width: 1098px) 100vw, 1098px\" \/>\t\t\t\t\t\t\t\t\t\t\t\t\t\t\t<\/div>\n\t\t\t\t<\/div>\n\t\t\t\t\t<\/div>\n\t\t\t\t<\/div>\n\t\t\t\t<\/div>\n\t\t","protected":false},"excerpt":{"rendered":"<p>Digitalisation des codir &amp; comex Gestion d\u00e9mat\u00e9rialis\u00e9e \u2028des r\u00e9unions de gouvernance Digitalisation des r\u00e9unions de gouvernance Board Portal unique S\u00e9curisation de vos documents Demandez une d\u00e9mo Un expert vous rappelle pour comprendre vos besoins et r\u00e9pondre \u00e0 toutes vos questions Il semblerait que les param\u00e8tres de votre navigateur emp\u00eachent l&rsquo;affichage de ce formulaire. Pour \u00eatre [&hellip;]<\/p>\n","protected":false},"author":9,"featured_media":0,"parent":296742,"menu_order":0,"comment_status":"closed","ping_status":"closed","template":"elementor_header_footer","meta":{"inline_featured_image":false,"footnotes":""},"class_list":["post-2138989","page","type-page","status-publish","hentry"],"yoast_head":"<!-- This site is optimized with the Yoast SEO plugin v26.9 - https:\/\/yoast.com\/product\/yoast-seo-wordpress\/ -->\n<title>Demandez votre d\u00e9mo d&#039;Oodrive Meet | Oodrive<\/title>\n<meta name=\"robots\" content=\"noindex, follow, max-snippet:-1, max-image-preview:large, max-video-preview:-1\" \/>\n<meta property=\"og:locale\" content=\"fr_FR\" \/>\n<meta property=\"og:type\" content=\"article\" \/>\n<meta property=\"og:title\" content=\"Demandez votre d\u00e9mo d&#039;Oodrive Meet | Oodrive\" \/>\n<meta property=\"og:description\" content=\"Digitalisation des codir &amp; comex Gestion d\u00e9mat\u00e9rialis\u00e9e \u2028des r\u00e9unions de gouvernance Digitalisation des r\u00e9unions de gouvernance Board Portal unique S\u00e9curisation de vos documents Demandez une d\u00e9mo Un expert vous rappelle pour comprendre vos besoins et r\u00e9pondre \u00e0 toutes vos questions Il semblerait que les param\u00e8tres de votre navigateur emp\u00eachent l&rsquo;affichage de ce formulaire. Pour \u00eatre [&hellip;]\" \/>\n<meta property=\"og:url\" content=\"https:\/\/pp2.oodrive.com\/fr\/demander-une-demo\/oodrive-meet\/\" \/>\n<meta property=\"og:site_name\" content=\"Oodrive\" \/>\n<meta property=\"article:modified_time\" content=\"2026-05-07T09:44:05+00:00\" \/>\n<meta property=\"og:image\" content=\"https:\/\/pp2.oodrive.com\/wp-content\/uploads\/2026\/04\/bg-meet-demo.png\" \/>\n\t<meta property=\"og:image:width\" content=\"1183\" \/>\n\t<meta property=\"og:image:height\" content=\"440\" \/>\n\t<meta property=\"og:image:type\" content=\"image\/png\" \/>\n<meta name=\"twitter:card\" content=\"summary_large_image\" \/>\n<meta name=\"twitter:label1\" content=\"Dur\u00e9e de lecture estim\u00e9e\" \/>\n\t<meta name=\"twitter:data1\" content=\"2 minutes\" \/>\n<script type=\"application\/ld+json\" class=\"yoast-schema-graph\">{\"@context\":\"https:\/\/schema.org\",\"@graph\":[{\"@type\":\"WebPage\",\"@id\":\"https:\/\/pp2.oodrive.com\/fr\/demander-une-demo\/oodrive-meet\/\",\"url\":\"https:\/\/pp2.oodrive.com\/fr\/demander-une-demo\/oodrive-meet\/\",\"name\":\"Demandez votre d\u00e9mo d'Oodrive Meet | Oodrive\",\"isPartOf\":{\"@id\":\"https:\/\/pp2.oodrive.com\/#website\"},\"primaryImageOfPage\":{\"@id\":\"https:\/\/pp2.oodrive.com\/fr\/demander-une-demo\/oodrive-meet\/#primaryimage\"},\"image\":{\"@id\":\"https:\/\/pp2.oodrive.com\/fr\/demander-une-demo\/oodrive-meet\/#primaryimage\"},\"thumbnailUrl\":\"https:\/\/pp2.oodrive.com\/wp-content\/uploads\/2026\/04\/bg-meet-demo.png\",\"datePublished\":\"2023-10-26T14:40:43+00:00\",\"dateModified\":\"2026-05-07T09:44:05+00:00\",\"breadcrumb\":{\"@id\":\"https:\/\/pp2.oodrive.com\/fr\/demander-une-demo\/oodrive-meet\/#breadcrumb\"},\"inLanguage\":\"fr-FR\",\"potentialAction\":[{\"@type\":\"ReadAction\",\"target\":[\"https:\/\/pp2.oodrive.com\/fr\/demander-une-demo\/oodrive-meet\/\"]}]},{\"@type\":\"ImageObject\",\"inLanguage\":\"fr-FR\",\"@id\":\"https:\/\/pp2.oodrive.com\/fr\/demander-une-demo\/oodrive-meet\/#primaryimage\",\"url\":\"https:\/\/pp2.oodrive.com\/wp-content\/uploads\/2026\/04\/bg-meet-demo.png\",\"contentUrl\":\"https:\/\/pp2.oodrive.com\/wp-content\/uploads\/2026\/04\/bg-meet-demo.png\"},{\"@type\":\"BreadcrumbList\",\"@id\":\"https:\/\/pp2.oodrive.com\/fr\/demander-une-demo\/oodrive-meet\/#breadcrumb\",\"itemListElement\":[{\"@type\":\"ListItem\",\"position\":1,\"name\":\"Accueil\",\"item\":\"https:\/\/pp2.oodrive.com\/fr\/\"},{\"@type\":\"ListItem\",\"position\":2,\"name\":\"Demande de d\u00e9mo\",\"item\":\"https:\/\/pp2.oodrive.com\/request-a-demo\/\"},{\"@type\":\"ListItem\",\"position\":3,\"name\":\"Demande de d\u00e9mo &#8211; Oodrive Meet\"}]},{\"@type\":\"WebSite\",\"@id\":\"https:\/\/pp2.oodrive.com\/#website\",\"url\":\"https:\/\/pp2.oodrive.com\/\",\"name\":\"Oodrive\",\"description\":\"Plateforme de collaboration s\u00e9curis\u00e9e et souveraine, Oodrive propose des solutions pour la gestion de vos donn\u00e9es sensibles : partage de fichier, signature \u00e9lectronique, sauvegarde, ...\",\"publisher\":{\"@id\":\"https:\/\/pp2.oodrive.com\/#organization\"},\"potentialAction\":[{\"@type\":\"SearchAction\",\"target\":{\"@type\":\"EntryPoint\",\"urlTemplate\":\"https:\/\/pp2.oodrive.com\/?s={search_term_string}\"},\"query-input\":{\"@type\":\"PropertyValueSpecification\",\"valueRequired\":true,\"valueName\":\"search_term_string\"}}],\"inLanguage\":\"fr-FR\"},{\"@type\":\"Organization\",\"@id\":\"https:\/\/pp2.oodrive.com\/#organization\",\"name\":\"Oodrive\",\"url\":\"https:\/\/pp2.oodrive.com\/\",\"logo\":{\"@type\":\"ImageObject\",\"inLanguage\":\"fr-FR\",\"@id\":\"https:\/\/pp2.oodrive.com\/#\/schema\/logo\/image\/\",\"url\":\"https:\/\/pp2.oodrive.com\/wp-content\/uploads\/2021\/12\/oodrive_black_logo.svg\",\"contentUrl\":\"https:\/\/pp2.oodrive.com\/wp-content\/uploads\/2021\/12\/oodrive_black_logo.svg\",\"width\":132,\"height\":27,\"caption\":\"Oodrive\"},\"image\":{\"@id\":\"https:\/\/pp2.oodrive.com\/#\/schema\/logo\/image\/\"}}]}<\/script>\n<!-- \/ Yoast SEO plugin. -->","yoast_head_json":{"title":"Demandez votre d\u00e9mo d'Oodrive Meet | Oodrive","robots":{"index":"noindex","follow":"follow","max-snippet":"max-snippet:-1","max-image-preview":"max-image-preview:large","max-video-preview":"max-video-preview:-1"},"og_locale":"fr_FR","og_type":"article","og_title":"Demandez votre d\u00e9mo d'Oodrive Meet | Oodrive","og_description":"Digitalisation des codir &amp; comex Gestion d\u00e9mat\u00e9rialis\u00e9e \u2028des r\u00e9unions de gouvernance Digitalisation des r\u00e9unions de gouvernance Board Portal unique S\u00e9curisation de vos documents Demandez une d\u00e9mo Un expert vous rappelle pour comprendre vos besoins et r\u00e9pondre \u00e0 toutes vos questions Il semblerait que les param\u00e8tres de votre navigateur emp\u00eachent l&rsquo;affichage de ce formulaire. Pour \u00eatre [&hellip;]","og_url":"https:\/\/pp2.oodrive.com\/fr\/demander-une-demo\/oodrive-meet\/","og_site_name":"Oodrive","article_modified_time":"2026-05-07T09:44:05+00:00","og_image":[{"width":1183,"height":440,"url":"https:\/\/pp2.oodrive.com\/wp-content\/uploads\/2026\/04\/bg-meet-demo.png","type":"image\/png"}],"twitter_card":"summary_large_image","twitter_misc":{"Dur\u00e9e de lecture estim\u00e9e":"2 minutes"},"schema":{"@context":"https:\/\/schema.org","@graph":[{"@type":"WebPage","@id":"https:\/\/pp2.oodrive.com\/fr\/demander-une-demo\/oodrive-meet\/","url":"https:\/\/pp2.oodrive.com\/fr\/demander-une-demo\/oodrive-meet\/","name":"Demandez votre d\u00e9mo d'Oodrive Meet | Oodrive","isPartOf":{"@id":"https:\/\/pp2.oodrive.com\/#website"},"primaryImageOfPage":{"@id":"https:\/\/pp2.oodrive.com\/fr\/demander-une-demo\/oodrive-meet\/#primaryimage"},"image":{"@id":"https:\/\/pp2.oodrive.com\/fr\/demander-une-demo\/oodrive-meet\/#primaryimage"},"thumbnailUrl":"https:\/\/pp2.oodrive.com\/wp-content\/uploads\/2026\/04\/bg-meet-demo.png","datePublished":"2023-10-26T14:40:43+00:00","dateModified":"2026-05-07T09:44:05+00:00","breadcrumb":{"@id":"https:\/\/pp2.oodrive.com\/fr\/demander-une-demo\/oodrive-meet\/#breadcrumb"},"inLanguage":"fr-FR","potentialAction":[{"@type":"ReadAction","target":["https:\/\/pp2.oodrive.com\/fr\/demander-une-demo\/oodrive-meet\/"]}]},{"@type":"ImageObject","inLanguage":"fr-FR","@id":"https:\/\/pp2.oodrive.com\/fr\/demander-une-demo\/oodrive-meet\/#primaryimage","url":"https:\/\/pp2.oodrive.com\/wp-content\/uploads\/2026\/04\/bg-meet-demo.png","contentUrl":"https:\/\/pp2.oodrive.com\/wp-content\/uploads\/2026\/04\/bg-meet-demo.png"},{"@type":"BreadcrumbList","@id":"https:\/\/pp2.oodrive.com\/fr\/demander-une-demo\/oodrive-meet\/#breadcrumb","itemListElement":[{"@type":"ListItem","position":1,"name":"Accueil","item":"https:\/\/pp2.oodrive.com\/fr\/"},{"@type":"ListItem","position":2,"name":"Demande de d\u00e9mo","item":"https:\/\/pp2.oodrive.com\/request-a-demo\/"},{"@type":"ListItem","position":3,"name":"Demande de d\u00e9mo &#8211; Oodrive Meet"}]},{"@type":"WebSite","@id":"https:\/\/pp2.oodrive.com\/#website","url":"https:\/\/pp2.oodrive.com\/","name":"Oodrive","description":"Plateforme de collaboration s\u00e9curis\u00e9e et souveraine, Oodrive propose des solutions pour la gestion de vos donn\u00e9es sensibles : partage de fichier, signature \u00e9lectronique, sauvegarde, ...","publisher":{"@id":"https:\/\/pp2.oodrive.com\/#organization"},"potentialAction":[{"@type":"SearchAction","target":{"@type":"EntryPoint","urlTemplate":"https:\/\/pp2.oodrive.com\/?s={search_term_string}"},"query-input":{"@type":"PropertyValueSpecification","valueRequired":true,"valueName":"search_term_string"}}],"inLanguage":"fr-FR"},{"@type":"Organization","@id":"https:\/\/pp2.oodrive.com\/#organization","name":"Oodrive","url":"https:\/\/pp2.oodrive.com\/","logo":{"@type":"ImageObject","inLanguage":"fr-FR","@id":"https:\/\/pp2.oodrive.com\/#\/schema\/logo\/image\/","url":"https:\/\/pp2.oodrive.com\/wp-content\/uploads\/2021\/12\/oodrive_black_logo.svg","contentUrl":"https:\/\/pp2.oodrive.com\/wp-content\/uploads\/2021\/12\/oodrive_black_logo.svg","width":132,"height":27,"caption":"Oodrive"},"image":{"@id":"https:\/\/pp2.oodrive.com\/#\/schema\/logo\/image\/"}}]}},"_links":{"self":[{"href":"https:\/\/pp2.oodrive.com\/fr\/wp-json\/wp\/v2\/pages\/2138989","targetHints":{"allow":["GET"]}}],"collection":[{"href":"https:\/\/pp2.oodrive.com\/fr\/wp-json\/wp\/v2\/pages"}],"about":[{"href":"https:\/\/pp2.oodrive.com\/fr\/wp-json\/wp\/v2\/types\/page"}],"author":[{"embeddable":true,"href":"https:\/\/pp2.oodrive.com\/fr\/wp-json\/wp\/v2\/users\/9"}],"replies":[{"embeddable":true,"href":"https:\/\/pp2.oodrive.com\/fr\/wp-json\/wp\/v2\/comments?post=2138989"}],"version-history":[{"count":5,"href":"https:\/\/pp2.oodrive.com\/fr\/wp-json\/wp\/v2\/pages\/2138989\/revisions"}],"predecessor-version":[{"id":5916590,"href":"https:\/\/pp2.oodrive.com\/fr\/wp-json\/wp\/v2\/pages\/2138989\/revisions\/5916590"}],"up":[{"embeddable":true,"href":"https:\/\/pp2.oodrive.com\/fr\/wp-json\/wp\/v2\/pages\/296742"}],"wp:attachment":[{"href":"https:\/\/pp2.oodrive.com\/fr\/wp-json\/wp\/v2\/media?parent=2138989"}],"curies":[{"name":"wp","href":"https:\/\/api.w.org\/{rel}","templated":true}]}}