{"id":83845,"date":"2022-01-26T13:53:09","date_gmt":"2022-01-26T13:53:09","guid":{"rendered":"https:\/\/pp2.oodrive.com\/privacy-policy\/"},"modified":"2022-04-21T07:22:37","modified_gmt":"2022-04-21T07:22:37","slug":"politica-de-confidencialidad","status":"publish","type":"page","link":"https:\/\/pp2.oodrive.com\/es\/politica-de-confidencialidad\/","title":{"rendered":"Pol\u00edtica de confidencialidad"},"content":{"rendered":"<p><strong>1. Pre\u00e1mbulo<\/strong><\/p>\n<p>La empresa Oodrive, sociedad an\u00f3nima por acciones simplificada, con un capital de 309 126 \u20ac, inscrita en el Registro Mercantil de Par\u00eds con n\u00famero 432 735 082, sita en 26 rue du Faubourg-Poissonni\u00e8re, 75010 Par\u00eds (Francia), edita y propone para todas sus filiales, en virtud del art\u00edculo L 233-1 del c\u00f3digo mercantil, diferentes p\u00e1ginas web como <a href=\"http:\/\/www.pp2.oodrive.com\">pp2.oodrive.com<\/a> (la P\u00e1gina), as\u00ed como productos y servicios que requieren el tratamiento y almacenamiento de datos recabados durante el uso de dicha P\u00e1gina, Productos y Servicios.<\/p>\n<p>Oodrive publica la presente Pol\u00edtica de Confidencialidad para comunicar su pol\u00edtica y pr\u00e1cticas en materia de recopilaci\u00f3n, uso y divulgaci\u00f3n de la informaci\u00f3n del usuario de la P\u00e1gina, los Productos o los Servicios.<\/p>\n<p>En este documento se detalla la forma en la que Oodrive utiliza sus datos personales y le informa de las medidas adoptadas para garantizar su protecci\u00f3n en el marco del uso de la P\u00e1gina en virtud de las disposiciones de la ley francesa n\u00b0 78-17 del 6 de enero 1978 sobre la inform\u00e1tica, los archivos y las libertades, modificada por las disposiciones de la ley n\u00ba 2004-801 del 6 de agosto de 2004 sobre la protecci\u00f3n de las personas f\u00edsicas con respecto al tratamiento de los datos personales (la \u00abLey Inform\u00e1tica y Libertades\u00bb).<\/p>\n<p>La empresa redacta este documento para usted y le invitamos a consultarlo.<\/p>\n<p>Para toda pregunta o comentario relativo a la Pol\u00edtica de Confidencialidad o sobre el m\u00e9todo que Oodrive utiliza para la recogida de sus datos, puede dirigirse a Oodrive, Correspondant Informatique et Libert\u00e9s, 26, rue du Faubourg-Poissonni\u00e8re, 75010 Paris, Francia.<\/p>\n<p><strong>2. Consentimiento<\/strong><\/p>\n<p>Al consultar la P\u00e1gina o al utilizar los Productos y Servicios propuestos por Oodrive y\/o sus filiales, acepta las reglas de recopilaci\u00f3n y uso de la informaci\u00f3n descritas a continuaci\u00f3n.<\/p>\n<p><strong>3. Responsable del tratamiento<\/strong><\/p>\n<p>Los datos de car\u00e1cter personal son recabados por la empresa Oodrive en nombre de sus filiales y de la propia empresa.<\/p>\n<p><strong>4. Datos recopilados<\/strong><\/p>\n<p>Nos veremos en la obligaci\u00f3n de recopilar, entre otros, su nombre, apellidos, direcci\u00f3n postal, direcci\u00f3n de correo electr\u00f3nico, tel\u00e9fono, direcci\u00f3n IP, datos de conexi\u00f3n y de navegaci\u00f3n. Si presenta su candidatura a una vacante en l\u00ednea, le solicitaremos informaci\u00f3n sobre sus t\u00edtulos y experiencia profesional.<\/p>\n<p>En caso de que sea necesario, igualmente tendremos que solicitarle sus datos de facturaci\u00f3n (nombre y direcci\u00f3n de facturaci\u00f3n). Dichos datos se conservar\u00e1n durante 5 a\u00f1os.<\/p>\n<p>Si nuestro proveedor de pagos en l\u00ednea le solicita su n\u00famero de tarjeta bancaria, este se conservar\u00e1 \u00fanicamente el tiempo necesario para efectuar la transacci\u00f3n.<\/p>\n<p>En virtud de la ley de Inform\u00e1tica y Libertades, dispone de un derecho permanente de acceso y rectificaci\u00f3n de sus datos, que puede ejercer por correo postal en Correspondant Informatique et Libert\u00e9s, Oodrive, 26 rue du Faubourg Poissonni\u00e8re, 75010 Par\u00eds (Francia).<\/p>\n<p>Asimismo, podr\u00e1 alegar motivos justificados para oponerse al tratamiento de sus datos personales.<\/p>\n<p>Para poder cumplir con su solicitud deber\u00e1 comunicarnos por correo la informaci\u00f3n necesaria para confirmar su identidad: nombre, apellidos, correo electr\u00f3nico, copia de un documento de identidad en vigor y, en caso necesario, su direcci\u00f3n postal.<\/p>\n<p><strong>5. Fines: explotaci\u00f3n de los datos<\/strong><\/p>\n<p>Los datos recopilados nos permiten:<\/p>\n<ul>\n<li>Gestionar los pedidos y optimizar las relaciones comerciales<\/li>\n<\/ul>\n<p>Sus datos e informaci\u00f3n personales son necesarios para el seguimiento, gesti\u00f3n de las relaciones comerciales y tambi\u00e9n de los pedidos. Esta informaci\u00f3n y datos se conservan con fines de seguridad para respetar las obligaciones jur\u00eddicas y reglamentarias.<\/p>\n<ul>\n<li>Personalizar los servicios<\/li>\n<\/ul>\n<p>Los datos nos permiten mejorar y personalizar los Productos y Servicios que le proponemos y la informaci\u00f3n que le comunicamos.<\/p>\n<ul>\n<li>Visitantes<\/li>\n<\/ul>\n<p>La informaci\u00f3n y datos nos permiten responder a los usuarios de la P\u00e1gina, analizar los datos, anticipar las mejoras de los Servicios, analizar las tendencias de comportamiento de los usuarios y la eficacia de la informaci\u00f3n.<\/p>\n<ul>\n<li>Perspectivas<\/li>\n<\/ul>\n<p>En caso de que haya dado su consentimiento, gracias a los datos recabados podemos enviarle documentos comerciales o promocionales que puedan interesarle.<\/p>\n<ul>\n<li>RR.\u00a0HH.<\/li>\n<\/ul>\n<p>La informaci\u00f3n y los datos tambi\u00e9n nos sirven para responder a las candidaturas presentadas para nuestras vacantes de empleo, pr\u00e1cticas o candidaturas espont\u00e1neas.<\/p>\n<p><strong>6. Seguridad de los datos<\/strong><\/p>\n<p>En general, hemos adoptado las medidas apropiadas para proteger los datos personales de los accesos no autorizados, de todo tratamiento il\u00edcito, de toda p\u00e9rdida o da\u00f1o accidental y de toda destrucci\u00f3n no autorizada, en especial para evitar que se deformen, deterioren o el acceso de terceras partes.<\/p>\n<p>Asimismo, ponemos a su disposici\u00f3n un servidor seguro para acceder a la informaci\u00f3n de su cuenta, que garantiza el cifrado de la informaci\u00f3n antes de su transmisi\u00f3n a nuestros servicios. Igualmente, adoptamos las medidas necesarias para asegurar que la informaci\u00f3n proporcionada siempre est\u00e9 actualizada y sea veraz, as\u00ed como su conservaci\u00f3n en total seguridad durante el plazo necesario para efectuar las tareas que requieren su uso.<\/p>\n<p>Hemos puesto en marcha una serie de medidas de protecci\u00f3n para velar por la confidencialidad, la seguridad y la integridad de sus datos personales. El acceso a los datos personales est\u00e1 restringido a algunos de nuestros empleados y a aquellos de nuestros proveedores que requieren conocerlos y han recibido formaci\u00f3n en materia de confidencialidad.<\/p>\n<p>De manera espec\u00edfica, la recopilaci\u00f3n de datos bancarios siempre se efect\u00faa en el marco de procedimientos eficaces y l\u00edcitos de protecci\u00f3n de pagos. Entre otras, estas medidas pueden incluir el cifrado SSL, que consigue que los datos sean ilegibles para las terceras partes, durante la recopilaci\u00f3n y el traslado de los datos confidenciales. Dichos datos se utilizar\u00e1n exclusivamente para los pagos en l\u00ednea y no ser\u00e1n conservados.<\/p>\n<p><strong>7. Comunicaci\u00f3n de los datos personales<\/strong><\/p>\n<p>No vendemos ni alquilamos ning\u00fan dato personal a terceras partes, tanto si han sido recopilados en la P\u00e1gina o tanto si usted nos los comunic\u00f3 en el curso de la ejecuci\u00f3n de un Servicio.<\/p>\n<p>No compartimos la informaci\u00f3n con nuestros subcontratistas o socios, que \u00fanicamente reciben la informaci\u00f3n personal necesaria para efectuar la prestaci\u00f3n del servicio. Adem\u00e1s, en ning\u00fan caso disponen de la autorizaci\u00f3n para usar dichos datos personales en un contexto diferente al del servicio o la prestaci\u00f3n realizada.<\/p>\n<p>Sin embargo, es posible que debamos comunicar datos personales para poder cumplir con la legislaci\u00f3n en vigor y responder a las solicitudes de las autoridades p\u00fablicas o gubernamentales. En cualquier caso nos comprometemos a mantenerle informado, en cumplimiento con lo estipulado por la legislaci\u00f3n en vigor.<\/p>\n<p>Asimismo, es posible que debamos comunicar datos personales para aplicar o cumplir con las condiciones generales de los Productos y Servicios, para proteger las actividades de la Empresa o recurrir a todos los medios necesarios para establecer y\/o ejercer nuestros derechos, defendernos de todas reclamaci\u00f3n jur\u00eddica y\/o judicial.<\/p>\n<p><strong>8. Almacenamiento de datos<\/strong><\/p>\n<p>Los datos almacenados en el marco de uso de los Productos y Servicios propuestos por Oodrive y sus filiales se conservan \u00fanicamente dentro del Espacio Econ\u00f3mico Europeo.<\/p>\n<p><strong>9. Los formularios<\/strong><\/p>\n<p>Determinados formularios propuestos por la P\u00e1gina no son obligatorios. De esta manera, puede optar por no rellenarlos. Sin embargo, otros formularios deben rellenarse obligatoriamente para asegurar que podemos responder a sus solicitudes o gestionar los contratos. Al marcar la casilla prevista para estos fines en los formularios, consiente que utilicemos sus datos de car\u00e1cter personal para fines comerciales.<\/p>\n<p><strong>10. Periodo de conservaci\u00f3n<\/strong><\/p>\n<p>No conservamos los datos personales y\/o informaci\u00f3n relativa a la navegaci\u00f3n del usuario de la P\u00e1gina una vez finalizado el tiempo requerido para el tratamiento necesario.<\/p>\n<p>Los datos de navegaci\u00f3n se conservan un m\u00e1ximo de 6 meses, en aplicaci\u00f3n de las disposiciones de la CNIL.<\/p>\n<p>Con respecto a los datos de contrataci\u00f3n, el plazo se extiende a 2 a\u00f1os tras el \u00faltimo contacto con el candidato.<\/p>\n<p><strong>11. Cookies<\/strong><\/p>\n<p>Oodrive se compromete a proteger la vida privada de los visitantes de la P\u00e1gina y de sus clientes.<\/p>\n<p>Nos comprometemos a no difundir informaci\u00f3n de nuestros clientes a terceras partes, excepto si dan su consentimiento.<\/p>\n<p><strong>\u00bfQu\u00e9 son las <em>cookies<\/em>?<\/strong><\/p>\n<p>Una <em>cookie<\/em> es un peque\u00f1o archivo de texto que nuestra P\u00e1gina env\u00eda a su navegador, que permite recabar una serie de informaciones sobre la visita.<\/p>\n<p><strong>\u00bfPor qu\u00e9 utilizamos <em>cookies<\/em>?<\/strong><\/p>\n<p>Utilizamos <em>cookies<\/em> indispensables para garantizar una mejor experiencia de navegaci\u00f3n durante las visitas a la p\u00e1gina.<\/p>\n<p>Las cookies que utilizamos tienen como objetivo, entre otros, asegurar las funciones de personalizaci\u00f3n para el cliente y las funciones de seguridad\/conexi\u00f3n.<\/p>\n<p><strong>\u00bfQu\u00e9 tipo de <em>cookies<\/em> utilizamos?<\/strong><\/p>\n<p>Usamos dos tipos:<\/p>\n<ul>\n<li><strong>Las <em>cookies<\/em> t\u00e9cnicas<\/strong><\/li>\n<\/ul>\n<p>No tienen ninguna consecuencia para los datos personales.<\/p>\n<ul>\n<li><strong>Las <em>cookies<\/em> de informaci\u00f3n espec\u00edfica<\/strong><\/li>\n<\/ul>\n<p>Este tipo nos permite:<\/p>\n<ul>\n<li>presentar informaci\u00f3n personalizada;<\/li>\n<li>limitar el n\u00famero de apariciones de cada informaci\u00f3n;<\/li>\n<li>evaluar la eficacia de una campa\u00f1a de informaci\u00f3n.<\/li>\n<\/ul>\n<p><strong>Las opciones de <em>cookies<\/em><\/strong><\/p>\n<p>Es posible rechazar que las <em>cookies<\/em> se guarden, mediante el ajuste de la configuraci\u00f3n del navegador.<\/p>\n<p>Al rechazarlas es posible que no pueda acceder a determinadas funciones de la P\u00e1gina.<\/p>\n<p><strong>12. Actualizaci\u00f3n<\/strong><\/p>\n<p>Nos reservamos el derecho de modificar cuando sea necesario esta Pol\u00edtica de confidencialidad, especialmente para adaptarla a la nueva legislaci\u00f3n o reglamentaci\u00f3n.<\/p>\n<p>En caso de modificaci\u00f3n o actualizaci\u00f3n, la Pol\u00edtica de Confidencialidad revisada se publicar\u00e1 en la P\u00e1gina con una menci\u00f3n a la fecha de la \u00faltima actualizaci\u00f3n.<\/p>\n<p>Consulte frecuentemente la P\u00e1gina de Internet para conocer cualquier modificaci\u00f3n o actualizaci\u00f3n de la Pol\u00edtica de Confidencialidad y las pr\u00e1cticas de la empresa.<\/p>\n","protected":false},"excerpt":{"rendered":"<p>1. Pre\u00e1mbulo La empresa Oodrive, sociedad an\u00f3nima por acciones simplificada, con un capital de 309 126 \u20ac, inscrita en el Registro Mercantil de Par\u00eds con n\u00famero 432 735 082, sita en 26 rue du Faubourg-Poissonni\u00e8re, 75010 Par\u00eds (Francia), edita y propone para todas sus filiales, en virtud del art\u00edculo L 233-1 del c\u00f3digo mercantil, diferentes [&hellip;]<\/p>\n","protected":false},"author":9,"featured_media":0,"parent":0,"menu_order":0,"comment_status":"closed","ping_status":"closed","template":"","meta":{"inline_featured_image":false,"footnotes":""},"class_list":["post-83845","page","type-page","status-publish","hentry"],"yoast_head":"<!-- This site is optimized with the Yoast SEO plugin v26.9 - https:\/\/yoast.com\/product\/yoast-seo-wordpress\/ -->\n<title>Pol\u00edtica de confidencialidad - Oodrive<\/title>\n<meta name=\"robots\" content=\"noindex, follow, max-snippet:-1, max-image-preview:large, max-video-preview:-1\" \/>\n<meta property=\"og:locale\" content=\"es_ES\" \/>\n<meta property=\"og:type\" content=\"article\" \/>\n<meta property=\"og:title\" content=\"Pol\u00edtica de confidencialidad - Oodrive\" \/>\n<meta property=\"og:description\" content=\"1. Pre\u00e1mbulo La empresa Oodrive, sociedad an\u00f3nima por acciones simplificada, con un capital de 309 126 \u20ac, inscrita en el Registro Mercantil de Par\u00eds con n\u00famero 432 735 082, sita en 26 rue du Faubourg-Poissonni\u00e8re, 75010 Par\u00eds (Francia), edita y propone para todas sus filiales, en virtud del art\u00edculo L 233-1 del c\u00f3digo mercantil, diferentes [&hellip;]\" \/>\n<meta property=\"og:url\" content=\"https:\/\/pp2.oodrive.com\/es\/politica-de-confidencialidad\/\" \/>\n<meta property=\"og:site_name\" content=\"Oodrive\" \/>\n<meta property=\"article:modified_time\" content=\"2022-04-21T07:22:37+00:00\" \/>\n<meta name=\"twitter:card\" content=\"summary_large_image\" \/>\n<meta name=\"twitter:label1\" content=\"Tiempo de lectura\" \/>\n\t<meta name=\"twitter:data1\" content=\"7 minutos\" \/>\n<script type=\"application\/ld+json\" class=\"yoast-schema-graph\">{\"@context\":\"https:\/\/schema.org\",\"@graph\":[{\"@type\":\"WebPage\",\"@id\":\"https:\/\/pp2.oodrive.com\/es\/politica-de-confidencialidad\/\",\"url\":\"https:\/\/pp2.oodrive.com\/es\/politica-de-confidencialidad\/\",\"name\":\"Pol\u00edtica de confidencialidad - Oodrive\",\"isPartOf\":{\"@id\":\"https:\/\/pp2.oodrive.com\/#website\"},\"datePublished\":\"2022-01-26T13:53:09+00:00\",\"dateModified\":\"2022-04-21T07:22:37+00:00\",\"breadcrumb\":{\"@id\":\"https:\/\/pp2.oodrive.com\/es\/politica-de-confidencialidad\/#breadcrumb\"},\"inLanguage\":\"es\",\"potentialAction\":[{\"@type\":\"ReadAction\",\"target\":[\"https:\/\/pp2.oodrive.com\/es\/politica-de-confidencialidad\/\"]}]},{\"@type\":\"BreadcrumbList\",\"@id\":\"https:\/\/pp2.oodrive.com\/es\/politica-de-confidencialidad\/#breadcrumb\",\"itemListElement\":[{\"@type\":\"ListItem\",\"position\":1,\"name\":\"Inicio\",\"item\":\"https:\/\/pp2.oodrive.com\/es\/\"},{\"@type\":\"ListItem\",\"position\":2,\"name\":\"Pol\u00edtica de confidencialidad\"}]},{\"@type\":\"WebSite\",\"@id\":\"https:\/\/pp2.oodrive.com\/#website\",\"url\":\"https:\/\/pp2.oodrive.com\/\",\"name\":\"Oodrive\",\"description\":\"European leader in sensitive data management, oodrive offers SaaS solutions based on high security level : electronic signature, files share, backup.\",\"publisher\":{\"@id\":\"https:\/\/pp2.oodrive.com\/#organization\"},\"potentialAction\":[{\"@type\":\"SearchAction\",\"target\":{\"@type\":\"EntryPoint\",\"urlTemplate\":\"https:\/\/pp2.oodrive.com\/?s={search_term_string}\"},\"query-input\":{\"@type\":\"PropertyValueSpecification\",\"valueRequired\":true,\"valueName\":\"search_term_string\"}}],\"inLanguage\":\"es\"},{\"@type\":\"Organization\",\"@id\":\"https:\/\/pp2.oodrive.com\/#organization\",\"name\":\"Oodrive\",\"url\":\"https:\/\/pp2.oodrive.com\/\",\"logo\":{\"@type\":\"ImageObject\",\"inLanguage\":\"es\",\"@id\":\"https:\/\/pp2.oodrive.com\/#\/schema\/logo\/image\/\",\"url\":\"https:\/\/pp2.oodrive.com\/wp-content\/uploads\/2021\/12\/oodrive_black_logo.svg\",\"contentUrl\":\"https:\/\/pp2.oodrive.com\/wp-content\/uploads\/2021\/12\/oodrive_black_logo.svg\",\"width\":132,\"height\":27,\"caption\":\"Oodrive\"},\"image\":{\"@id\":\"https:\/\/pp2.oodrive.com\/#\/schema\/logo\/image\/\"}}]}<\/script>\n<!-- \/ Yoast SEO plugin. -->","yoast_head_json":{"title":"Pol\u00edtica de confidencialidad - Oodrive","robots":{"index":"noindex","follow":"follow","max-snippet":"max-snippet:-1","max-image-preview":"max-image-preview:large","max-video-preview":"max-video-preview:-1"},"og_locale":"es_ES","og_type":"article","og_title":"Pol\u00edtica de confidencialidad - Oodrive","og_description":"1. Pre\u00e1mbulo La empresa Oodrive, sociedad an\u00f3nima por acciones simplificada, con un capital de 309 126 \u20ac, inscrita en el Registro Mercantil de Par\u00eds con n\u00famero 432 735 082, sita en 26 rue du Faubourg-Poissonni\u00e8re, 75010 Par\u00eds (Francia), edita y propone para todas sus filiales, en virtud del art\u00edculo L 233-1 del c\u00f3digo mercantil, diferentes [&hellip;]","og_url":"https:\/\/pp2.oodrive.com\/es\/politica-de-confidencialidad\/","og_site_name":"Oodrive","article_modified_time":"2022-04-21T07:22:37+00:00","twitter_card":"summary_large_image","twitter_misc":{"Tiempo de lectura":"7 minutos"},"schema":{"@context":"https:\/\/schema.org","@graph":[{"@type":"WebPage","@id":"https:\/\/pp2.oodrive.com\/es\/politica-de-confidencialidad\/","url":"https:\/\/pp2.oodrive.com\/es\/politica-de-confidencialidad\/","name":"Pol\u00edtica de confidencialidad - Oodrive","isPartOf":{"@id":"https:\/\/pp2.oodrive.com\/#website"},"datePublished":"2022-01-26T13:53:09+00:00","dateModified":"2022-04-21T07:22:37+00:00","breadcrumb":{"@id":"https:\/\/pp2.oodrive.com\/es\/politica-de-confidencialidad\/#breadcrumb"},"inLanguage":"es","potentialAction":[{"@type":"ReadAction","target":["https:\/\/pp2.oodrive.com\/es\/politica-de-confidencialidad\/"]}]},{"@type":"BreadcrumbList","@id":"https:\/\/pp2.oodrive.com\/es\/politica-de-confidencialidad\/#breadcrumb","itemListElement":[{"@type":"ListItem","position":1,"name":"Inicio","item":"https:\/\/pp2.oodrive.com\/es\/"},{"@type":"ListItem","position":2,"name":"Pol\u00edtica de confidencialidad"}]},{"@type":"WebSite","@id":"https:\/\/pp2.oodrive.com\/#website","url":"https:\/\/pp2.oodrive.com\/","name":"Oodrive","description":"European leader in sensitive data management, oodrive offers SaaS solutions based on high security level : electronic signature, files share, backup.","publisher":{"@id":"https:\/\/pp2.oodrive.com\/#organization"},"potentialAction":[{"@type":"SearchAction","target":{"@type":"EntryPoint","urlTemplate":"https:\/\/pp2.oodrive.com\/?s={search_term_string}"},"query-input":{"@type":"PropertyValueSpecification","valueRequired":true,"valueName":"search_term_string"}}],"inLanguage":"es"},{"@type":"Organization","@id":"https:\/\/pp2.oodrive.com\/#organization","name":"Oodrive","url":"https:\/\/pp2.oodrive.com\/","logo":{"@type":"ImageObject","inLanguage":"es","@id":"https:\/\/pp2.oodrive.com\/#\/schema\/logo\/image\/","url":"https:\/\/pp2.oodrive.com\/wp-content\/uploads\/2021\/12\/oodrive_black_logo.svg","contentUrl":"https:\/\/pp2.oodrive.com\/wp-content\/uploads\/2021\/12\/oodrive_black_logo.svg","width":132,"height":27,"caption":"Oodrive"},"image":{"@id":"https:\/\/pp2.oodrive.com\/#\/schema\/logo\/image\/"}}]}},"_links":{"self":[{"href":"https:\/\/pp2.oodrive.com\/es\/wp-json\/wp\/v2\/pages\/83845","targetHints":{"allow":["GET"]}}],"collection":[{"href":"https:\/\/pp2.oodrive.com\/es\/wp-json\/wp\/v2\/pages"}],"about":[{"href":"https:\/\/pp2.oodrive.com\/es\/wp-json\/wp\/v2\/types\/page"}],"author":[{"embeddable":true,"href":"https:\/\/pp2.oodrive.com\/es\/wp-json\/wp\/v2\/users\/9"}],"replies":[{"embeddable":true,"href":"https:\/\/pp2.oodrive.com\/es\/wp-json\/wp\/v2\/comments?post=83845"}],"version-history":[{"count":0,"href":"https:\/\/pp2.oodrive.com\/es\/wp-json\/wp\/v2\/pages\/83845\/revisions"}],"wp:attachment":[{"href":"https:\/\/pp2.oodrive.com\/es\/wp-json\/wp\/v2\/media?parent=83845"}],"curies":[{"name":"wp","href":"https:\/\/api.w.org\/{rel}","templated":true}]}}