{"id":79989,"date":"2022-02-28T15:23:27","date_gmt":"2022-02-28T15:23:27","guid":{"rendered":"https:\/\/pp2.oodrive.com\/support\/"},"modified":"2024-03-25T13:46:35","modified_gmt":"2024-03-25T13:46:35","slug":"asistencia","status":"publish","type":"page","link":"https:\/\/pp2.oodrive.com\/es\/asistencia\/","title":{"rendered":"\u00bfNecesita ayuda?"},"content":{"rendered":"\t\t<div data-elementor-type=\"wp-page\" data-elementor-id=\"79989\" class=\"elementor elementor-79989 elementor-75388\" data-elementor-post-type=\"page\">\n\t\t\t\t<div class=\"elementor-element elementor-element-85fc6be e-flex e-con-boxed e-con e-parent\" data-id=\"85fc6be\" data-element_type=\"container\" data-e-type=\"container\" data-settings=\"{&quot;background_background&quot;:&quot;classic&quot;}\">\n\t\t\t\t\t<div class=\"e-con-inner\">\n\t\t\t\t<div class=\"elementor-element elementor-element-e7aabda elementor-widget elementor-widget-heading\" data-id=\"e7aabda\" data-element_type=\"widget\" data-e-type=\"widget\" data-widget_type=\"heading.default\">\n\t\t\t\t<div class=\"elementor-widget-container\">\n\t\t\t\t\t<h1 class=\"elementor-heading-title elementor-size-default\">\u00bfNecesita ayuda?<\/h1>\t\t\t\t<\/div>\n\t\t\t\t<\/div>\n\t\t\t\t\t<\/div>\n\t\t\t\t<\/div>\n\t\t\t\t<section class=\"elementor-section elementor-top-section elementor-element elementor-element-e8e1c25 elementor-section-boxed elementor-section-height-default elementor-section-height-default\" data-id=\"e8e1c25\" data-element_type=\"section\" data-e-type=\"section\">\n\t\t\t\t\t\t<div class=\"elementor-container elementor-column-gap-default\">\n\t\t\t\t\t<div class=\"elementor-column elementor-col-100 elementor-top-column elementor-element elementor-element-0a2e9c4\" data-id=\"0a2e9c4\" data-element_type=\"column\" data-e-type=\"column\">\n\t\t\t<div class=\"elementor-widget-wrap elementor-element-populated\">\n\t\t\t\t\t\t<div class=\"elementor-element elementor-element-8c0b26d elementor-widget elementor-widget-text-editor\" data-id=\"8c0b26d\" data-element_type=\"widget\" data-e-type=\"widget\" data-widget_type=\"text-editor.default\">\n\t\t\t\t<div class=\"elementor-widget-container\">\n\t\t\t\t\t\t\t\t\t<h2 id=\"accedez-facilement-aux-manuels-d-aide-depuis-votre-outil-oodrive-en-suivant-ces-quelques-etapes\" class=\"wp-block-heading\">Acceda f\u00e1cilmente a los manuales de asistencia desde su herramienta Oodrive siguiendo estas etapas:<\/h2>\n<ol>\n<li>Con\u00e9ctese a su plataforma Oodrive<\/li>\n<li>En la parte superior derecha de su pantalla, haga clic sobre el bot\u00f3n<img decoding=\"async\" width=\"64\" height=\"26\" class=\"wp-image-75390\" style=\"width: 64px;\" src=\"https:\/\/pp2.oodrive.com\/wp-content\/uploads\/2022\/02\/picto-help-support.jpg\" alt=\"\" \/> que da acceso a la ayuda en l\u00ednea<\/li>\n<li>Consulte el\/los documento\/s disponible\/s<\/li>\n<\/ol>\n<p><strong>\u00bfNo encuentra la soluci\u00f3n a su problema?<\/strong><\/p>\n<p><strong>P\u00f3ngase en contacto con nuestro soporte t\u00e9cnico:<\/strong><\/p>\n<p><strong>Para Oodrive Work y Oodrive Meet:<\/strong><\/p>\n<ul>\n<li>Email :\u00a0<a href=\"mailto:support@oodrive.com\">support@oodrive.com<\/a><\/li>\n<li>Tel : +34 911 309\u00a0433<\/li>\n<\/ul>\n<p><strong>Para Oodrive Sign:<\/strong><\/p>\n<ul>\n<li>Cree un aviso de incidencia en el portal:\u00a0<a href=\"https:\/\/support.oodrive-sign.com\/\">https:\/\/support.oodrive-sign.com<\/a><\/li>\n<li>E-mail :\u00a0<a href=\"mailto:support-sign@oodrive.com\">support-sign@oodrive.com<\/a><\/li>\n<li>Tel. : +33 1 76 43 15 30<\/li>\n<\/ul>\t\t\t\t\t\t\t\t<\/div>\n\t\t\t\t<\/div>\n\t\t\t\t\t<\/div>\n\t\t<\/div>\n\t\t\t\t\t<\/div>\n\t\t<\/section>\n\t\t\t\t<\/div>\n\t\t","protected":false},"excerpt":{"rendered":"<p>\u00bfNecesita ayuda? Acceda f\u00e1cilmente a los manuales de asistencia desde su herramienta Oodrive siguiendo estas etapas: Con\u00e9ctese a su plataforma Oodrive En la parte superior derecha de su pantalla, haga clic sobre el bot\u00f3n que da acceso a la ayuda en l\u00ednea Consulte el\/los documento\/s disponible\/s \u00bfNo encuentra la soluci\u00f3n a su problema? P\u00f3ngase en [&hellip;]<\/p>\n","protected":false},"author":9,"featured_media":0,"parent":0,"menu_order":0,"comment_status":"closed","ping_status":"closed","template":"elementor_header_footer","meta":{"inline_featured_image":false,"footnotes":""},"class_list":["post-79989","page","type-page","status-publish","hentry"],"yoast_head":"<!-- This site is optimized with the Yoast SEO plugin v26.9 - https:\/\/yoast.com\/product\/yoast-seo-wordpress\/ -->\n<title>\u00bfNecesita ayuda? - Oodrive<\/title>\n<meta name=\"robots\" content=\"noindex, follow, max-snippet:-1, max-image-preview:large, max-video-preview:-1\" \/>\n<meta property=\"og:locale\" content=\"es_ES\" \/>\n<meta property=\"og:type\" content=\"article\" \/>\n<meta property=\"og:title\" content=\"\u00bfNecesita ayuda? - Oodrive\" \/>\n<meta property=\"og:description\" content=\"\u00bfNecesita ayuda? Acceda f\u00e1cilmente a los manuales de asistencia desde su herramienta Oodrive siguiendo estas etapas: Con\u00e9ctese a su plataforma Oodrive En la parte superior derecha de su pantalla, haga clic sobre el bot\u00f3n que da acceso a la ayuda en l\u00ednea Consulte el\/los documento\/s disponible\/s \u00bfNo encuentra la soluci\u00f3n a su problema? P\u00f3ngase en [&hellip;]\" \/>\n<meta property=\"og:url\" content=\"https:\/\/pp2.oodrive.com\/it\/supporto\/\" \/>\n<meta property=\"og:site_name\" content=\"Oodrive\" \/>\n<meta property=\"article:modified_time\" content=\"2024-03-25T13:46:35+00:00\" \/>\n<meta property=\"og:image\" content=\"https:\/\/pp2.oodrive.com\/wp-content\/uploads\/2022\/02\/picto-help-support.jpg\" \/>\n<meta name=\"twitter:card\" content=\"summary_large_image\" \/>\n<meta name=\"twitter:label1\" content=\"Tiempo de lectura\" \/>\n\t<meta name=\"twitter:data1\" content=\"1 minuto\" \/>\n<script type=\"application\/ld+json\" class=\"yoast-schema-graph\">{\"@context\":\"https:\/\/schema.org\",\"@graph\":[{\"@type\":\"WebPage\",\"@id\":\"https:\/\/pp2.oodrive.com\/it\/supporto\/\",\"url\":\"https:\/\/pp2.oodrive.com\/it\/supporto\/\",\"name\":\"\u00bfNecesita ayuda? - Oodrive\",\"isPartOf\":{\"@id\":\"https:\/\/pp2.oodrive.com\/#website\"},\"primaryImageOfPage\":{\"@id\":\"https:\/\/pp2.oodrive.com\/it\/supporto\/#primaryimage\"},\"image\":{\"@id\":\"https:\/\/pp2.oodrive.com\/it\/supporto\/#primaryimage\"},\"thumbnailUrl\":\"https:\/\/pp2.oodrive.com\/wp-content\/uploads\/2022\/02\/picto-help-support.jpg\",\"datePublished\":\"2022-02-28T15:23:27+00:00\",\"dateModified\":\"2024-03-25T13:46:35+00:00\",\"breadcrumb\":{\"@id\":\"https:\/\/pp2.oodrive.com\/it\/supporto\/#breadcrumb\"},\"inLanguage\":\"es\",\"potentialAction\":[{\"@type\":\"ReadAction\",\"target\":[\"https:\/\/pp2.oodrive.com\/it\/supporto\/\"]}]},{\"@type\":\"ImageObject\",\"inLanguage\":\"es\",\"@id\":\"https:\/\/pp2.oodrive.com\/it\/supporto\/#primaryimage\",\"url\":\"https:\/\/pp2.oodrive.com\/wp-content\/uploads\/2022\/02\/picto-help-support.jpg\",\"contentUrl\":\"https:\/\/pp2.oodrive.com\/wp-content\/uploads\/2022\/02\/picto-help-support.jpg\"},{\"@type\":\"BreadcrumbList\",\"@id\":\"https:\/\/pp2.oodrive.com\/it\/supporto\/#breadcrumb\",\"itemListElement\":[{\"@type\":\"ListItem\",\"position\":1,\"name\":\"Inicio\",\"item\":\"https:\/\/pp2.oodrive.com\/es\/\"},{\"@type\":\"ListItem\",\"position\":2,\"name\":\"\u00bfNecesita ayuda?\"}]},{\"@type\":\"WebSite\",\"@id\":\"https:\/\/pp2.oodrive.com\/#website\",\"url\":\"https:\/\/pp2.oodrive.com\/\",\"name\":\"Oodrive\",\"description\":\"European leader in sensitive data management, oodrive offers SaaS solutions based on high security level : electronic signature, files share, backup.\",\"publisher\":{\"@id\":\"https:\/\/pp2.oodrive.com\/#organization\"},\"potentialAction\":[{\"@type\":\"SearchAction\",\"target\":{\"@type\":\"EntryPoint\",\"urlTemplate\":\"https:\/\/pp2.oodrive.com\/?s={search_term_string}\"},\"query-input\":{\"@type\":\"PropertyValueSpecification\",\"valueRequired\":true,\"valueName\":\"search_term_string\"}}],\"inLanguage\":\"es\"},{\"@type\":\"Organization\",\"@id\":\"https:\/\/pp2.oodrive.com\/#organization\",\"name\":\"Oodrive\",\"url\":\"https:\/\/pp2.oodrive.com\/\",\"logo\":{\"@type\":\"ImageObject\",\"inLanguage\":\"es\",\"@id\":\"https:\/\/pp2.oodrive.com\/#\/schema\/logo\/image\/\",\"url\":\"https:\/\/pp2.oodrive.com\/wp-content\/uploads\/2021\/12\/oodrive_black_logo.svg\",\"contentUrl\":\"https:\/\/pp2.oodrive.com\/wp-content\/uploads\/2021\/12\/oodrive_black_logo.svg\",\"width\":132,\"height\":27,\"caption\":\"Oodrive\"},\"image\":{\"@id\":\"https:\/\/pp2.oodrive.com\/#\/schema\/logo\/image\/\"}}]}<\/script>\n<!-- \/ Yoast SEO plugin. -->","yoast_head_json":{"title":"\u00bfNecesita ayuda? - Oodrive","robots":{"index":"noindex","follow":"follow","max-snippet":"max-snippet:-1","max-image-preview":"max-image-preview:large","max-video-preview":"max-video-preview:-1"},"og_locale":"es_ES","og_type":"article","og_title":"\u00bfNecesita ayuda? - Oodrive","og_description":"\u00bfNecesita ayuda? Acceda f\u00e1cilmente a los manuales de asistencia desde su herramienta Oodrive siguiendo estas etapas: Con\u00e9ctese a su plataforma Oodrive En la parte superior derecha de su pantalla, haga clic sobre el bot\u00f3n que da acceso a la ayuda en l\u00ednea Consulte el\/los documento\/s disponible\/s \u00bfNo encuentra la soluci\u00f3n a su problema? P\u00f3ngase en [&hellip;]","og_url":"https:\/\/pp2.oodrive.com\/it\/supporto\/","og_site_name":"Oodrive","article_modified_time":"2024-03-25T13:46:35+00:00","og_image":[{"url":"https:\/\/pp2.oodrive.com\/wp-content\/uploads\/2022\/02\/picto-help-support.jpg","type":"","width":"","height":""}],"twitter_card":"summary_large_image","twitter_misc":{"Tiempo de lectura":"1 minuto"},"schema":{"@context":"https:\/\/schema.org","@graph":[{"@type":"WebPage","@id":"https:\/\/pp2.oodrive.com\/it\/supporto\/","url":"https:\/\/pp2.oodrive.com\/it\/supporto\/","name":"\u00bfNecesita ayuda? - Oodrive","isPartOf":{"@id":"https:\/\/pp2.oodrive.com\/#website"},"primaryImageOfPage":{"@id":"https:\/\/pp2.oodrive.com\/it\/supporto\/#primaryimage"},"image":{"@id":"https:\/\/pp2.oodrive.com\/it\/supporto\/#primaryimage"},"thumbnailUrl":"https:\/\/pp2.oodrive.com\/wp-content\/uploads\/2022\/02\/picto-help-support.jpg","datePublished":"2022-02-28T15:23:27+00:00","dateModified":"2024-03-25T13:46:35+00:00","breadcrumb":{"@id":"https:\/\/pp2.oodrive.com\/it\/supporto\/#breadcrumb"},"inLanguage":"es","potentialAction":[{"@type":"ReadAction","target":["https:\/\/pp2.oodrive.com\/it\/supporto\/"]}]},{"@type":"ImageObject","inLanguage":"es","@id":"https:\/\/pp2.oodrive.com\/it\/supporto\/#primaryimage","url":"https:\/\/pp2.oodrive.com\/wp-content\/uploads\/2022\/02\/picto-help-support.jpg","contentUrl":"https:\/\/pp2.oodrive.com\/wp-content\/uploads\/2022\/02\/picto-help-support.jpg"},{"@type":"BreadcrumbList","@id":"https:\/\/pp2.oodrive.com\/it\/supporto\/#breadcrumb","itemListElement":[{"@type":"ListItem","position":1,"name":"Inicio","item":"https:\/\/pp2.oodrive.com\/es\/"},{"@type":"ListItem","position":2,"name":"\u00bfNecesita ayuda?"}]},{"@type":"WebSite","@id":"https:\/\/pp2.oodrive.com\/#website","url":"https:\/\/pp2.oodrive.com\/","name":"Oodrive","description":"European leader in sensitive data management, oodrive offers SaaS solutions based on high security level : electronic signature, files share, backup.","publisher":{"@id":"https:\/\/pp2.oodrive.com\/#organization"},"potentialAction":[{"@type":"SearchAction","target":{"@type":"EntryPoint","urlTemplate":"https:\/\/pp2.oodrive.com\/?s={search_term_string}"},"query-input":{"@type":"PropertyValueSpecification","valueRequired":true,"valueName":"search_term_string"}}],"inLanguage":"es"},{"@type":"Organization","@id":"https:\/\/pp2.oodrive.com\/#organization","name":"Oodrive","url":"https:\/\/pp2.oodrive.com\/","logo":{"@type":"ImageObject","inLanguage":"es","@id":"https:\/\/pp2.oodrive.com\/#\/schema\/logo\/image\/","url":"https:\/\/pp2.oodrive.com\/wp-content\/uploads\/2021\/12\/oodrive_black_logo.svg","contentUrl":"https:\/\/pp2.oodrive.com\/wp-content\/uploads\/2021\/12\/oodrive_black_logo.svg","width":132,"height":27,"caption":"Oodrive"},"image":{"@id":"https:\/\/pp2.oodrive.com\/#\/schema\/logo\/image\/"}}]}},"_links":{"self":[{"href":"https:\/\/pp2.oodrive.com\/es\/wp-json\/wp\/v2\/pages\/79989","targetHints":{"allow":["GET"]}}],"collection":[{"href":"https:\/\/pp2.oodrive.com\/es\/wp-json\/wp\/v2\/pages"}],"about":[{"href":"https:\/\/pp2.oodrive.com\/es\/wp-json\/wp\/v2\/types\/page"}],"author":[{"embeddable":true,"href":"https:\/\/pp2.oodrive.com\/es\/wp-json\/wp\/v2\/users\/9"}],"replies":[{"embeddable":true,"href":"https:\/\/pp2.oodrive.com\/es\/wp-json\/wp\/v2\/comments?post=79989"}],"version-history":[{"count":0,"href":"https:\/\/pp2.oodrive.com\/es\/wp-json\/wp\/v2\/pages\/79989\/revisions"}],"wp:attachment":[{"href":"https:\/\/pp2.oodrive.com\/es\/wp-json\/wp\/v2\/media?parent=79989"}],"curies":[{"name":"wp","href":"https:\/\/api.w.org\/{rel}","templated":true}]}}