{"id":41675,"date":"2021-12-29T08:23:27","date_gmt":"2021-12-29T08:23:27","guid":{"rendered":"https:\/\/pp2.oodrive.com\/\/legals\/"},"modified":"2024-05-31T09:11:35","modified_gmt":"2024-05-31T09:11:35","slug":"legals","status":"publish","type":"page","link":"https:\/\/pp2.oodrive.com\/es\/legals\/","title":{"rendered":"Notas legales"},"content":{"rendered":"\t\t<div data-elementor-type=\"wp-page\" data-elementor-id=\"41675\" class=\"elementor elementor-41675 elementor-575\" data-elementor-post-type=\"page\">\n\t\t\t\t\t\t<section class=\"elementor-section elementor-top-section elementor-element elementor-element-45109c5e elementor-section-boxed elementor-section-height-default elementor-section-height-default\" data-id=\"45109c5e\" data-element_type=\"section\" data-e-type=\"section\">\n\t\t\t\t\t\t<div class=\"elementor-container elementor-column-gap-default\">\n\t\t\t\t\t<div class=\"elementor-column elementor-col-100 elementor-top-column elementor-element elementor-element-4cd130d3\" data-id=\"4cd130d3\" data-element_type=\"column\" data-e-type=\"column\">\n\t\t\t<div class=\"elementor-widget-wrap elementor-element-populated\">\n\t\t\t\t\t\t<div class=\"elementor-element elementor-element-7dbce5ec elementor-widget elementor-widget-text-editor\" data-id=\"7dbce5ec\" data-element_type=\"widget\" data-e-type=\"widget\" data-widget_type=\"text-editor.default\">\n\t\t\t\t<div class=\"elementor-widget-container\">\n\t\t\t\t\t\t\t\t\t<h2 id=\"our-legal-terms\">Our legal terms<\/h2>\n<p>Este sitio es editado y alojado por Oodrive, sociedad an\u00f3nima por acciones simplificada con un capital de 309.126 euros, inscrita en el Registro Mercantil de Par\u00eds con el n\u00famero 432 735 082, y cuyo domicilio social se encuentra en 26, rue du Faubourg Poissonni\u00e8re, 75010 Par\u00eds (Francia).<\/p>\n<p>Tel.: 0033.1.46.22.07.00<\/p>\n<p>Toda persona que acceda al sitio web de Oodrive se compromete a respetar estas condiciones de uso.<\/p>\n<p>Oodrive no asume ninguna responsabilidad por el contenido, la exactitud, la fiabilidad, la precisi\u00f3n, la pertinencia o la exhaustividad de la informaci\u00f3n y los datos publicados en este sitio, en cualquiera de sus formas (enlaces de hipertexto, inserciones de citas, archivos, publicidad, etc.). En particular, Oodrive no se hace responsable de los errores o retrasos en la transmisi\u00f3n de dicha informaci\u00f3n y datos.<\/p>\n<p>Toda la informaci\u00f3n y los datos publicados en este sitio se ofrecen a t\u00edtulo indicativo y no eximen al usuario de comprobar su exactitud y utilizarlos con discernimiento y esp\u00edritu cr\u00edtico. En particular, Oodrive no se hace responsable de las decisiones, cualquiera que sea su naturaleza, tomadas por el usuario despu\u00e9s de consultar este sitio y las informaciones y datos publicados en \u00e9l.<\/p>\n<p>Las ofertas y presupuestos propuestos por Oodrive en su p\u00e1gina web no son contractuales y no comprometen a Oodrive de ninguna manera. Es responsabilidad del usuario de esta p\u00e1gina web el ponerse en contacto directamente con un asesor de Oodrive.<\/p>\n<p>Oodrive declina toda responsabilidad por las dificultades t\u00e9cnicas que el usuario de este sitio pueda encontrar, sea cual sea su causa, en particular la aparici\u00f3n de errores, la falta de capacidad del terminal utilizado por el usuario para restaurar la informaci\u00f3n, el incumplimiento de la integridad de la informaci\u00f3n a trav\u00e9s de la red de comunicaci\u00f3n, as\u00ed como todos los riesgos vinculados a la seguridad de la red y en particular los riesgos de apropiaci\u00f3n indebida de la informaci\u00f3n.<\/p>\n<p>Oodrive se reserva el derecho a realizar las modificaciones y mejoras que considere necesarias o \u00fatiles en el marco del buen funcionamiento de sus servicios.<\/p>\n<p>Con respecto a sus datos personales:<\/p>\n<p>La informaci\u00f3n recopilada en este sitio puede ser objeto de tratamiento inform\u00e1tico con el fin de atender su solicitud.<\/p>\n<p>El periodo de almacenamiento de los datos personales recogidos por Oodrive est\u00e1 limitado al tiempo necesario para cumplir los objetivos indicados anteriormente, m\u00e1s cualquier periodo de limitaci\u00f3n o conservaci\u00f3n obligatorio aplicable.<\/p>\n<p>Los datos personales recopilados se tratan y alojan en Francia y dentro de la Uni\u00f3n Europea.<\/p>\n<p>Los datos personales tratados est\u00e1n destinados a los departamentos internos de Oodrive, sus socios, subcontratistas, bancos, agencias postales, y cualquier distribuidor de servicios que proporcione Oodrive.<\/p>\n<p>De conformidad con la Ley francesa sobre tecnolog\u00eda de la informaci\u00f3n y libertades del 6 de enero de 1978 (<i>Loi n\u00b0 78-17 du 6 janvier 1978 relative \u00e0 l&#8217;informatique, aux fichiers et aux libert\u00e9s<\/i>), con sus modificaciones, y con el Reglamento General de Protecci\u00f3n de Datos (RGPD), usted tiene derecho a acceder, corregir, oponerse y conseguir el borrado de cualquier informaci\u00f3n personal, as\u00ed como el derecho de limitar el tratamiento de la informaci\u00f3n que le concierna. Para ejercer estos derechos, mande una carta a Oodrive, Delegado de Protecci\u00f3n de Datos, 26 rue du Faubourg Poissonni\u00e8re, 75010 Par\u00eds (Francia) o un correo electr\u00f3nico a <a href=\"mailto:privacy@oodrive.com\">privacy@oodrive.com<\/a>, incluyendo una prueba de identificaci\u00f3n adjunta.<\/p>\n<p>Los interesados tienen derecho a presentar una queja ante la autoridad francesa de protecci\u00f3n de datos, la CNIL. Tambi\u00e9n puede enviar un correo electr\u00f3nico al Delegado de Protecci\u00f3n de Datos de Oodrive directamente a <a href=\"mailto:privacy@oodrive.com\">privacy@oodrive.com<\/a>.<\/p>\n<p>La informaci\u00f3n recogida en este sitio web puede ser objeto de un tratamiento inform\u00e1tico destinado a procesar su solicitud.<\/p>\n<p>Los datos personales recogidos por Oodrive se conservan durante el tiempo necesario para alcanzar los fines especificados anteriormente, incrementado por los plazos legales o de prescripci\u00f3n vigentes.<\/p>\n<p>Los datos personales recogidos son tratados y alojados en Francia y en la Uni\u00f3n Europea.<\/p>\n<p>Los datos personales tratados est\u00e1n destinados a los servicios internos de Oodrive, a sus socios, a sus subcontratistas, as\u00ed como a los eventuales distribuidores de los servicios ofrecidos por Oodrive.<\/p>\n<p>De conformidad con la Ley francesa sobre tecnolog\u00eda de la informaci\u00f3n y libertades del 6 de enero de 1978 (<i>Loi n\u00b0 78-17 du 6 janvier 1978 relative \u00e0 l&#8217;informatique, aux fichiers et aux libert\u00e9s<\/i>), con sus modificaciones, y con el Reglamento General de Protecci\u00f3n de Datos (RGPD), usted tiene derecho a acceder, rectificar, oponerse y conseguir el borrado de la informaci\u00f3n que le concierna, as\u00ed como el derecho a limitar su tratamiento. Puede ejercer estos derechos escribiendo a \u00abOodrive, Delegado de Protecci\u00f3n de Datos, 26 rue du Faubourg Poissonni\u00e8re, 75010 Par\u00eds (Francia)\u00bb o a la direcci\u00f3n <a href=\"mailto:privacy@oodrive.com\">privacy@oodrive.com<\/a>, recordando adjuntar un documento de identidad.<\/p>\n<p>Los interesados tienen derecho a presentar una reclamaci\u00f3n ante la autoridad de control francesa (CNIL). Tambi\u00e9n pueden ponerse en contacto directamente con el Delegado de Protecci\u00f3n de Datos de Oodrive en <a href=\"mailto:privacy@oodrive.com\">privacy@oodrive.com<\/a>.<\/p>\t\t\t\t\t\t\t\t<\/div>\n\t\t\t\t<\/div>\n\t\t\t\t\t<\/div>\n\t\t<\/div>\n\t\t\t\t\t<\/div>\n\t\t<\/section>\n\t\t\t\t<\/div>\n\t\t","protected":false},"excerpt":{"rendered":"<p>Our legal terms Este sitio es editado y alojado por Oodrive, sociedad an\u00f3nima por acciones simplificada con un capital de 309.126 euros, inscrita en el Registro Mercantil de Par\u00eds con el n\u00famero 432 735 082, y cuyo domicilio social se encuentra en 26, rue du Faubourg Poissonni\u00e8re, 75010 Par\u00eds (Francia). Tel.: 0033.1.46.22.07.00 Toda persona que [&hellip;]<\/p>\n","protected":false},"author":9,"featured_media":0,"parent":0,"menu_order":0,"comment_status":"closed","ping_status":"closed","template":"","meta":{"inline_featured_image":false,"footnotes":""},"class_list":["post-41675","page","type-page","status-publish","hentry"],"yoast_head":"<!-- This site is optimized with the Yoast SEO plugin v26.9 - https:\/\/yoast.com\/product\/yoast-seo-wordpress\/ -->\n<title>Notas legales - Oodrive<\/title>\n<meta name=\"robots\" content=\"noindex, follow, max-snippet:-1, max-image-preview:large, max-video-preview:-1\" \/>\n<meta property=\"og:locale\" content=\"es_ES\" \/>\n<meta property=\"og:type\" content=\"article\" \/>\n<meta property=\"og:title\" content=\"Notas legales - Oodrive\" \/>\n<meta property=\"og:description\" content=\"Our legal terms Este sitio es editado y alojado por Oodrive, sociedad an\u00f3nima por acciones simplificada con un capital de 309.126 euros, inscrita en el Registro Mercantil de Par\u00eds con el n\u00famero 432 735 082, y cuyo domicilio social se encuentra en 26, rue du Faubourg Poissonni\u00e8re, 75010 Par\u00eds (Francia). Tel.: 0033.1.46.22.07.00 Toda persona que [&hellip;]\" \/>\n<meta property=\"og:url\" content=\"https:\/\/pp2.oodrive.com\/legals\/\" \/>\n<meta property=\"og:site_name\" content=\"Oodrive\" \/>\n<meta property=\"article:modified_time\" content=\"2024-05-31T09:11:35+00:00\" \/>\n<meta name=\"twitter:card\" content=\"summary_large_image\" \/>\n<meta name=\"twitter:label1\" content=\"Tiempo de lectura\" \/>\n\t<meta name=\"twitter:data1\" content=\"4 minutos\" \/>\n<script type=\"application\/ld+json\" class=\"yoast-schema-graph\">{\"@context\":\"https:\/\/schema.org\",\"@graph\":[{\"@type\":\"WebPage\",\"@id\":\"https:\/\/pp2.oodrive.com\/legals\/\",\"url\":\"https:\/\/pp2.oodrive.com\/legals\/\",\"name\":\"Notas legales - Oodrive\",\"isPartOf\":{\"@id\":\"https:\/\/pp2.oodrive.com\/#website\"},\"datePublished\":\"2021-12-29T08:23:27+00:00\",\"dateModified\":\"2024-05-31T09:11:35+00:00\",\"breadcrumb\":{\"@id\":\"https:\/\/pp2.oodrive.com\/legals\/#breadcrumb\"},\"inLanguage\":\"es\",\"potentialAction\":[{\"@type\":\"ReadAction\",\"target\":[\"https:\/\/pp2.oodrive.com\/legals\/\"]}]},{\"@type\":\"BreadcrumbList\",\"@id\":\"https:\/\/pp2.oodrive.com\/legals\/#breadcrumb\",\"itemListElement\":[{\"@type\":\"ListItem\",\"position\":1,\"name\":\"Inicio\",\"item\":\"https:\/\/pp2.oodrive.com\/es\/\"},{\"@type\":\"ListItem\",\"position\":2,\"name\":\"Notas legales\"}]},{\"@type\":\"WebSite\",\"@id\":\"https:\/\/pp2.oodrive.com\/#website\",\"url\":\"https:\/\/pp2.oodrive.com\/\",\"name\":\"Oodrive\",\"description\":\"European leader in sensitive data management, oodrive offers SaaS solutions based on high security level : electronic signature, files share, backup.\",\"publisher\":{\"@id\":\"https:\/\/pp2.oodrive.com\/#organization\"},\"potentialAction\":[{\"@type\":\"SearchAction\",\"target\":{\"@type\":\"EntryPoint\",\"urlTemplate\":\"https:\/\/pp2.oodrive.com\/?s={search_term_string}\"},\"query-input\":{\"@type\":\"PropertyValueSpecification\",\"valueRequired\":true,\"valueName\":\"search_term_string\"}}],\"inLanguage\":\"es\"},{\"@type\":\"Organization\",\"@id\":\"https:\/\/pp2.oodrive.com\/#organization\",\"name\":\"Oodrive\",\"url\":\"https:\/\/pp2.oodrive.com\/\",\"logo\":{\"@type\":\"ImageObject\",\"inLanguage\":\"es\",\"@id\":\"https:\/\/pp2.oodrive.com\/#\/schema\/logo\/image\/\",\"url\":\"https:\/\/pp2.oodrive.com\/wp-content\/uploads\/2021\/12\/oodrive_black_logo.svg\",\"contentUrl\":\"https:\/\/pp2.oodrive.com\/wp-content\/uploads\/2021\/12\/oodrive_black_logo.svg\",\"width\":132,\"height\":27,\"caption\":\"Oodrive\"},\"image\":{\"@id\":\"https:\/\/pp2.oodrive.com\/#\/schema\/logo\/image\/\"}}]}<\/script>\n<!-- \/ Yoast SEO plugin. -->","yoast_head_json":{"title":"Notas legales - Oodrive","robots":{"index":"noindex","follow":"follow","max-snippet":"max-snippet:-1","max-image-preview":"max-image-preview:large","max-video-preview":"max-video-preview:-1"},"og_locale":"es_ES","og_type":"article","og_title":"Notas legales - Oodrive","og_description":"Our legal terms Este sitio es editado y alojado por Oodrive, sociedad an\u00f3nima por acciones simplificada con un capital de 309.126 euros, inscrita en el Registro Mercantil de Par\u00eds con el n\u00famero 432 735 082, y cuyo domicilio social se encuentra en 26, rue du Faubourg Poissonni\u00e8re, 75010 Par\u00eds (Francia). Tel.: 0033.1.46.22.07.00 Toda persona que [&hellip;]","og_url":"https:\/\/pp2.oodrive.com\/legals\/","og_site_name":"Oodrive","article_modified_time":"2024-05-31T09:11:35+00:00","twitter_card":"summary_large_image","twitter_misc":{"Tiempo de lectura":"4 minutos"},"schema":{"@context":"https:\/\/schema.org","@graph":[{"@type":"WebPage","@id":"https:\/\/pp2.oodrive.com\/legals\/","url":"https:\/\/pp2.oodrive.com\/legals\/","name":"Notas legales - Oodrive","isPartOf":{"@id":"https:\/\/pp2.oodrive.com\/#website"},"datePublished":"2021-12-29T08:23:27+00:00","dateModified":"2024-05-31T09:11:35+00:00","breadcrumb":{"@id":"https:\/\/pp2.oodrive.com\/legals\/#breadcrumb"},"inLanguage":"es","potentialAction":[{"@type":"ReadAction","target":["https:\/\/pp2.oodrive.com\/legals\/"]}]},{"@type":"BreadcrumbList","@id":"https:\/\/pp2.oodrive.com\/legals\/#breadcrumb","itemListElement":[{"@type":"ListItem","position":1,"name":"Inicio","item":"https:\/\/pp2.oodrive.com\/es\/"},{"@type":"ListItem","position":2,"name":"Notas legales"}]},{"@type":"WebSite","@id":"https:\/\/pp2.oodrive.com\/#website","url":"https:\/\/pp2.oodrive.com\/","name":"Oodrive","description":"European leader in sensitive data management, oodrive offers SaaS solutions based on high security level : electronic signature, files share, backup.","publisher":{"@id":"https:\/\/pp2.oodrive.com\/#organization"},"potentialAction":[{"@type":"SearchAction","target":{"@type":"EntryPoint","urlTemplate":"https:\/\/pp2.oodrive.com\/?s={search_term_string}"},"query-input":{"@type":"PropertyValueSpecification","valueRequired":true,"valueName":"search_term_string"}}],"inLanguage":"es"},{"@type":"Organization","@id":"https:\/\/pp2.oodrive.com\/#organization","name":"Oodrive","url":"https:\/\/pp2.oodrive.com\/","logo":{"@type":"ImageObject","inLanguage":"es","@id":"https:\/\/pp2.oodrive.com\/#\/schema\/logo\/image\/","url":"https:\/\/pp2.oodrive.com\/wp-content\/uploads\/2021\/12\/oodrive_black_logo.svg","contentUrl":"https:\/\/pp2.oodrive.com\/wp-content\/uploads\/2021\/12\/oodrive_black_logo.svg","width":132,"height":27,"caption":"Oodrive"},"image":{"@id":"https:\/\/pp2.oodrive.com\/#\/schema\/logo\/image\/"}}]}},"_links":{"self":[{"href":"https:\/\/pp2.oodrive.com\/es\/wp-json\/wp\/v2\/pages\/41675","targetHints":{"allow":["GET"]}}],"collection":[{"href":"https:\/\/pp2.oodrive.com\/es\/wp-json\/wp\/v2\/pages"}],"about":[{"href":"https:\/\/pp2.oodrive.com\/es\/wp-json\/wp\/v2\/types\/page"}],"author":[{"embeddable":true,"href":"https:\/\/pp2.oodrive.com\/es\/wp-json\/wp\/v2\/users\/9"}],"replies":[{"embeddable":true,"href":"https:\/\/pp2.oodrive.com\/es\/wp-json\/wp\/v2\/comments?post=41675"}],"version-history":[{"count":0,"href":"https:\/\/pp2.oodrive.com\/es\/wp-json\/wp\/v2\/pages\/41675\/revisions"}],"wp:attachment":[{"href":"https:\/\/pp2.oodrive.com\/es\/wp-json\/wp\/v2\/media?parent=41675"}],"curies":[{"name":"wp","href":"https:\/\/api.w.org\/{rel}","templated":true}]}}